{"id":652,"date":"2022-10-21T23:05:16","date_gmt":"2022-10-21T23:05:16","guid":{"rendered":"https:\/\/steam-energy.eu\/thermal-oil-generators\/"},"modified":"2022-11-24T02:09:43","modified_gmt":"2022-11-24T02:09:43","slug":"lampo-oljy-hoyrynkehitin","status":"publish","type":"page","link":"https:\/\/steam-energy.eu\/fi\/lampo-oljy-hoyrynkehitin\/","title":{"rendered":"L\u00e4mp\u00f6-\u00f6ljy h\u00f6yrynkehitin"},"content":{"rendered":"<div id='av_section_1'  class='avia-section av-79ag-4dfa4b34efd234a0d446e2b7dfe38649 main_color avia-section-large avia-no-border-styling  avia-builder-el-0  avia-builder-el-no-sibling  avia-bg-style-scroll container_wrap sidebar_right'  ><div class='container av-section-cont-open' ><main  role=\"main\" itemprop=\"mainContentOfPage\"  class='template-page content  av-content-small alpha units'><div class='post-entry post-entry-type-page post-entry-652'><div class='entry-content-wrapper clearfix'>\n\n<style type=\"text\/css\" data-created_by=\"avia_inline_auto\" id=\"style-css-av-l9j0th1k-315d8ef08a623f06eb927ab3ab252b9f\">\n#top .av-special-heading.av-l9j0th1k-315d8ef08a623f06eb927ab3ab252b9f{\npadding-bottom:0;\nfont-size:45px;\n}\nbody .av-special-heading.av-l9j0th1k-315d8ef08a623f06eb927ab3ab252b9f .av-special-heading-tag .heading-char{\nfont-size:25px;\n}\n#top #wrap_all .av-special-heading.av-l9j0th1k-315d8ef08a623f06eb927ab3ab252b9f .av-special-heading-tag{\nfont-size:45px;\n}\n.av-special-heading.av-l9j0th1k-315d8ef08a623f06eb927ab3ab252b9f .av-subheading{\nfont-size:20px;\n}\n\n@media only screen and (min-width: 480px) and (max-width: 767px){ \n#top #wrap_all .av-special-heading.av-l9j0th1k-315d8ef08a623f06eb927ab3ab252b9f .av-special-heading-tag{\nfont-size:0.8em;\n}\n}\n\n@media only screen and (max-width: 479px){ \n#top #wrap_all .av-special-heading.av-l9j0th1k-315d8ef08a623f06eb927ab3ab252b9f .av-special-heading-tag{\nfont-size:0.8em;\n}\n}\n<\/style>\n<div  class='av-special-heading av-l9j0th1k-315d8ef08a623f06eb927ab3ab252b9f av-special-heading-h1 blockquote modern-quote  avia-builder-el-1  el_before_av_hr  avia-builder-el-first  av-inherit-size'><h1 class='av-special-heading-tag '  itemprop=\"headline\"  >L\u00e4mp\u00f6-\u00f6ljy generaattori<\/h1><div class=\"special-heading-border\"><div class=\"special-heading-inner-border\"><\/div><\/div><\/div>\n<div  class='hr av-4l34-88481eeaf219131e213276355ddb5153 hr-short  avia-builder-el-2  el_after_av_heading  el_before_av_three_fifth  hr-left'><span class='hr-inner '><span class=\"hr-inner-style\"><\/span><\/span><\/div>\n<div  class='flex_column av-hc1o9-1e23bb2b19f9e0b9fe5e3e84c0500b91 av_three_fifth  avia-builder-el-3  el_after_av_hr  el_before_av_two_fifth  first flex_column_div  '     ><section  class='av_textblock_section av-l9j0tozy-e8b2c19700c1b275f3356add6f3102a8 '   itemscope=\"itemscope\" itemtype=\"https:\/\/schema.org\/CreativeWork\" ><div class='avia_textblock'  itemprop=\"text\" ><p>L\u00e4mp\u00f6-\u00f6ljy l\u00e4mmittimi\u00e4 k\u00e4ytet\u00e4\u00e4n eri teollisuudenaloilla, joissa on tarpeen tuottaa korkeita l\u00e4mp\u00f6tiloja periaatteessa paineettomassa ymp\u00e4rist\u00f6ss\u00e4. Yleisimm\u00e4t l\u00e4mm\u00f6nsiirtonesteet ovat h\u00f6yry ja vesi, mutta my\u00f6s l\u00e4mp\u00f6\u00f6ljy\u00e4 k\u00e4ytet\u00e4\u00e4n. Jos prosessi vaatii esimerkiksi 215\u00b0C l\u00e4mp\u00f6\u00e4, tulisi h\u00f6yryn olla 20 baaria. J\u00e4rjestelm\u00e4n koosta riippuen l\u00e4mp\u00f6\u00f6ljy voi olla h\u00f6yryyn verrattuna edullisempi ratkaisu.<\/p>\n<p>L\u00e4mp\u00f6-\u00f6ljyn avulla voimme siirt\u00e4\u00e4 korkea l\u00e4mp\u00f6ist\u00e4 energiaa alhaisilla paineilla.<\/p>\n<p>L\u00e4mp\u00f6-\u00f6ljy l\u00e4mmittimi\u00e4mme k\u00e4ytt\u00e4v\u00e4t asfaltinvalmistajat, tekstiilitehtaat, puuteollisuus ja logistiikkayritykset.<\/p>\n<\/div><\/section><\/div><div  class='flex_column av-bamih-4a8f8b6e419a05e7cd6286dba991a654 av_two_fifth  avia-builder-el-5  el_after_av_three_fifth  el_before_av_gallery  flex_column_div  '     ><style type=\"text\/css\" data-created_by=\"avia_inline_auto\" id=\"style-css-av-l9j3iguh-d5d938bc6ccb27bac105ae7cdea74fba\">\n.avia-image-container.av-l9j3iguh-d5d938bc6ccb27bac105ae7cdea74fba img.avia_image{\nbox-shadow:none;\n}\n.avia-image-container.av-l9j3iguh-d5d938bc6ccb27bac105ae7cdea74fba .av-image-caption-overlay-center{\ncolor:#ffffff;\n}\n<\/style>\n<div  class='avia-image-container av-l9j3iguh-d5d938bc6ccb27bac105ae7cdea74fba av-styling- avia-align-center  avia-builder-el-6  avia-builder-el-no-sibling '   itemprop=\"image\" itemscope=\"itemscope\" itemtype=\"https:\/\/schema.org\/ImageObject\" ><div class=\"avia-image-container-inner\"><div class=\"avia-image-overlay-wrap\"><img decoding=\"async\" fetchpriority=\"high\" class='wp-image-531 avia-img-lazy-loading-not-531 avia_image ' src=\"https:\/\/www.steam-energy.eu\/wp-content\/uploads\/2022\/10\/Thermal-oil-generators-1.jpg\" alt='Thermal oil generators' title='Thermal oil generators'  height=\"536\" width=\"1000\"  itemprop=\"thumbnailUrl\" srcset=\"https:\/\/www.steam-energy.eu\/wp-content\/uploads\/2022\/10\/Thermal-oil-generators-1.jpg 1000w, https:\/\/www.steam-energy.eu\/wp-content\/uploads\/2022\/10\/Thermal-oil-generators-1-300x161.jpg 300w, https:\/\/www.steam-energy.eu\/wp-content\/uploads\/2022\/10\/Thermal-oil-generators-1-768x412.jpg 768w, https:\/\/www.steam-energy.eu\/wp-content\/uploads\/2022\/10\/Thermal-oil-generators-1-705x378.jpg 705w\" sizes=\"(max-width: 1000px) 100vw, 1000px\" \/><\/div><\/div><\/div><\/div>\n<style type=\"text\/css\" data-created_by=\"avia_inline_auto\" id=\"style-css-av-l9j3j0ja-45106ac197b7355cbd96f824b786f229\">\n#top .avia-gallery.av-l9j3j0ja-45106ac197b7355cbd96f824b786f229 .avia-gallery-thumb a{\nwidth:33.3333%;\n}\n<\/style>\n<div  class='avia-gallery av-l9j3j0ja-45106ac197b7355cbd96f824b786f229 avia_animate_when_visible  avia-builder-el-7  el_after_av_two_fifth  avia-builder-el-last  animations_off avia-gallery-1'  itemprop=\"image\" itemscope=\"itemscope\" itemtype=\"https:\/\/schema.org\/ImageObject\" ><meta itemprop=\"contentURL\" content=\"https:\/\/steam-energy.eu\/fi\/lampo-oljy-hoyrynkehitin\/\"><div class='avia-gallery-thumb'><a href=\"https:\/\/www.steam-energy.eu\/wp-content\/uploads\/2022\/10\/Thermal-oil-generators-2-1030x850.jpg\" data-srcset=\"https:\/\/www.steam-energy.eu\/wp-content\/uploads\/2022\/10\/Thermal-oil-generators-2-1030x850.jpg 1030w, https:\/\/www.steam-energy.eu\/wp-content\/uploads\/2022\/10\/Thermal-oil-generators-2-300x248.jpg 300w, https:\/\/www.steam-energy.eu\/wp-content\/uploads\/2022\/10\/Thermal-oil-generators-2-768x634.jpg 768w, https:\/\/www.steam-energy.eu\/wp-content\/uploads\/2022\/10\/Thermal-oil-generators-2-705x582.jpg 705w, https:\/\/www.steam-energy.eu\/wp-content\/uploads\/2022\/10\/Thermal-oil-generators-2.jpg 1072w\" data-sizes=\"(max-width: 1030px) 100vw, 1030px\" data-rel='gallery-1' data-prev-img='https:\/\/www.steam-energy.eu\/wp-content\/uploads\/2022\/10\/Thermal-oil-generators-2-495x400.jpg' class='first_thumb lightbox ' data-onclick='1' title=''  itemprop=\"thumbnailUrl\"  ><img decoding=\"async\" fetchpriority=\"high\" class=\"wp-image-653 avia-img-lazy-loading-not-653\"   src=\"https:\/\/www.steam-energy.eu\/wp-content\/uploads\/2022\/10\/Thermal-oil-generators-2-495x400.jpg\" width=\"495\" height=\"400\"  title='Thermal oil generators' alt='' srcset=\"https:\/\/www.steam-energy.eu\/wp-content\/uploads\/2022\/10\/Thermal-oil-generators-2-495x400.jpg 495w, https:\/\/www.steam-energy.eu\/wp-content\/uploads\/2022\/10\/Thermal-oil-generators-2-845x684.jpg 845w\" sizes=\"(max-width: 495px) 100vw, 495px\" \/><div class='big-prev-fake'><img decoding=\"async\" loading=\"lazy\" class=\"wp-image-653 avia-img-lazy-loading-653\"  width=\"495\" height=\"400\" src=\"https:\/\/www.steam-energy.eu\/wp-content\/uploads\/2022\/10\/Thermal-oil-generators-2-495x400.jpg\" title='Thermal oil generators' alt='' srcset=\"https:\/\/www.steam-energy.eu\/wp-content\/uploads\/2022\/10\/Thermal-oil-generators-2-495x400.jpg 495w, https:\/\/www.steam-energy.eu\/wp-content\/uploads\/2022\/10\/Thermal-oil-generators-2-845x684.jpg 845w\" sizes=\"auto, (max-width: 495px) 100vw, 495px\" \/><\/div><\/a><\/div><\/div>\n<\/div><\/div><\/main><!-- close content main element --><\/div><\/div><div id='after_section_1'  class='main_color av_default_container_wrap container_wrap sidebar_right'  ><div class='container av-section-cont-open' ><div class='template-page content  av-content-small alpha units'><div class='post-entry post-entry-type-page post-entry-652'><div class='entry-content-wrapper clearfix'>\n","protected":false},"excerpt":{"rendered":"","protected":false},"author":1,"featured_media":0,"parent":0,"menu_order":0,"comment_status":"closed","ping_status":"closed","template":"","meta":{"footnotes":""},"class_list":["post-652","page","type-page","status-publish","hentry"],"yoast_head":"<!-- This site is optimized with the Yoast SEO plugin v26.4 - https:\/\/yoast.com\/wordpress\/plugins\/seo\/ -->\n<title>L\u00e4mp\u00f6-\u00f6ljy h\u00f6yrynkehitin - Biomass steam solutions<\/title>\n<meta name=\"robots\" content=\"index, follow, max-snippet:-1, max-image-preview:large, max-video-preview:-1\" \/>\n<link rel=\"canonical\" href=\"https:\/\/steam-energy.eu\/fi\/lampo-oljy-hoyrynkehitin\/\" \/>\n<meta property=\"og:locale\" content=\"fi_FI\" \/>\n<meta property=\"og:type\" content=\"article\" \/>\n<meta property=\"og:title\" content=\"L\u00e4mp\u00f6-\u00f6ljy h\u00f6yrynkehitin - Biomass steam solutions\" \/>\n<meta property=\"og:url\" content=\"https:\/\/steam-energy.eu\/fi\/lampo-oljy-hoyrynkehitin\/\" \/>\n<meta property=\"og:site_name\" content=\"Biomass steam solutions\" \/>\n<meta property=\"article:modified_time\" content=\"2022-11-24T02:09:43+00:00\" \/>\n<meta name=\"twitter:card\" content=\"summary_large_image\" \/>\n<meta name=\"twitter:label1\" content=\"Arvioitu lukuaika\" \/>\n\t<meta name=\"twitter:data1\" content=\"3 minuuttia\" \/>\n<script type=\"application\/ld+json\" class=\"yoast-schema-graph\">{\"@context\":\"https:\/\/schema.org\",\"@graph\":[{\"@type\":\"WebPage\",\"@id\":\"https:\/\/steam-energy.eu\/fi\/lampo-oljy-hoyrynkehitin\/\",\"url\":\"https:\/\/steam-energy.eu\/fi\/lampo-oljy-hoyrynkehitin\/\",\"name\":\"L\u00e4mp\u00f6-\u00f6ljy h\u00f6yrynkehitin - Biomass steam solutions\",\"isPartOf\":{\"@id\":\"https:\/\/steam-energy.eu\/#website\"},\"datePublished\":\"2022-10-21T23:05:16+00:00\",\"dateModified\":\"2022-11-24T02:09:43+00:00\",\"breadcrumb\":{\"@id\":\"https:\/\/steam-energy.eu\/fi\/lampo-oljy-hoyrynkehitin\/#breadcrumb\"},\"inLanguage\":\"fi\",\"potentialAction\":[{\"@type\":\"ReadAction\",\"target\":[\"https:\/\/steam-energy.eu\/fi\/lampo-oljy-hoyrynkehitin\/\"]}]},{\"@type\":\"BreadcrumbList\",\"@id\":\"https:\/\/steam-energy.eu\/fi\/lampo-oljy-hoyrynkehitin\/#breadcrumb\",\"itemListElement\":[{\"@type\":\"ListItem\",\"position\":1,\"name\":\"Home\",\"item\":\"https:\/\/steam-energy.eu\/fi\/\"},{\"@type\":\"ListItem\",\"position\":2,\"name\":\"L\u00e4mp\u00f6-\u00f6ljy h\u00f6yrynkehitin\"}]},{\"@type\":\"WebSite\",\"@id\":\"https:\/\/steam-energy.eu\/#website\",\"url\":\"https:\/\/steam-energy.eu\/\",\"name\":\"Biomass steam solutions\",\"description\":\"\",\"publisher\":{\"@id\":\"https:\/\/steam-energy.eu\/#organization\"},\"potentialAction\":[{\"@type\":\"SearchAction\",\"target\":{\"@type\":\"EntryPoint\",\"urlTemplate\":\"https:\/\/steam-energy.eu\/?s={search_term_string}\"},\"query-input\":{\"@type\":\"PropertyValueSpecification\",\"valueRequired\":true,\"valueName\":\"search_term_string\"}}],\"inLanguage\":\"fi\"},{\"@type\":\"Organization\",\"@id\":\"https:\/\/steam-energy.eu\/#organization\",\"name\":\"Kateena O\u00dc\",\"url\":\"https:\/\/steam-energy.eu\/\",\"logo\":{\"@type\":\"ImageObject\",\"inLanguage\":\"fi\",\"@id\":\"https:\/\/steam-energy.eu\/#\/schema\/logo\/image\/\",\"url\":\"https:\/\/steam-energy.eu\/wp-content\/uploads\/2022\/10\/logo.png\",\"contentUrl\":\"https:\/\/steam-energy.eu\/wp-content\/uploads\/2022\/10\/logo.png\",\"width\":330,\"height\":120,\"caption\":\"Kateena O\u00dc\"},\"image\":{\"@id\":\"https:\/\/steam-energy.eu\/#\/schema\/logo\/image\/\"}}]}<\/script>\n<!-- \/ Yoast SEO plugin. -->","yoast_head_json":{"title":"L\u00e4mp\u00f6-\u00f6ljy h\u00f6yrynkehitin - Biomass steam solutions","robots":{"index":"index","follow":"follow","max-snippet":"max-snippet:-1","max-image-preview":"max-image-preview:large","max-video-preview":"max-video-preview:-1"},"canonical":"https:\/\/steam-energy.eu\/fi\/lampo-oljy-hoyrynkehitin\/","og_locale":"fi_FI","og_type":"article","og_title":"L\u00e4mp\u00f6-\u00f6ljy h\u00f6yrynkehitin - Biomass steam solutions","og_url":"https:\/\/steam-energy.eu\/fi\/lampo-oljy-hoyrynkehitin\/","og_site_name":"Biomass steam solutions","article_modified_time":"2022-11-24T02:09:43+00:00","twitter_card":"summary_large_image","twitter_misc":{"Arvioitu lukuaika":"3 minuuttia"},"schema":{"@context":"https:\/\/schema.org","@graph":[{"@type":"WebPage","@id":"https:\/\/steam-energy.eu\/fi\/lampo-oljy-hoyrynkehitin\/","url":"https:\/\/steam-energy.eu\/fi\/lampo-oljy-hoyrynkehitin\/","name":"L\u00e4mp\u00f6-\u00f6ljy h\u00f6yrynkehitin - Biomass steam solutions","isPartOf":{"@id":"https:\/\/steam-energy.eu\/#website"},"datePublished":"2022-10-21T23:05:16+00:00","dateModified":"2022-11-24T02:09:43+00:00","breadcrumb":{"@id":"https:\/\/steam-energy.eu\/fi\/lampo-oljy-hoyrynkehitin\/#breadcrumb"},"inLanguage":"fi","potentialAction":[{"@type":"ReadAction","target":["https:\/\/steam-energy.eu\/fi\/lampo-oljy-hoyrynkehitin\/"]}]},{"@type":"BreadcrumbList","@id":"https:\/\/steam-energy.eu\/fi\/lampo-oljy-hoyrynkehitin\/#breadcrumb","itemListElement":[{"@type":"ListItem","position":1,"name":"Home","item":"https:\/\/steam-energy.eu\/fi\/"},{"@type":"ListItem","position":2,"name":"L\u00e4mp\u00f6-\u00f6ljy h\u00f6yrynkehitin"}]},{"@type":"WebSite","@id":"https:\/\/steam-energy.eu\/#website","url":"https:\/\/steam-energy.eu\/","name":"Biomass steam solutions","description":"","publisher":{"@id":"https:\/\/steam-energy.eu\/#organization"},"potentialAction":[{"@type":"SearchAction","target":{"@type":"EntryPoint","urlTemplate":"https:\/\/steam-energy.eu\/?s={search_term_string}"},"query-input":{"@type":"PropertyValueSpecification","valueRequired":true,"valueName":"search_term_string"}}],"inLanguage":"fi"},{"@type":"Organization","@id":"https:\/\/steam-energy.eu\/#organization","name":"Kateena O\u00dc","url":"https:\/\/steam-energy.eu\/","logo":{"@type":"ImageObject","inLanguage":"fi","@id":"https:\/\/steam-energy.eu\/#\/schema\/logo\/image\/","url":"https:\/\/steam-energy.eu\/wp-content\/uploads\/2022\/10\/logo.png","contentUrl":"https:\/\/steam-energy.eu\/wp-content\/uploads\/2022\/10\/logo.png","width":330,"height":120,"caption":"Kateena O\u00dc"},"image":{"@id":"https:\/\/steam-energy.eu\/#\/schema\/logo\/image\/"}}]}},"_links":{"self":[{"href":"https:\/\/steam-energy.eu\/fi\/wp-json\/wp\/v2\/pages\/652","targetHints":{"allow":["GET"]}}],"collection":[{"href":"https:\/\/steam-energy.eu\/fi\/wp-json\/wp\/v2\/pages"}],"about":[{"href":"https:\/\/steam-energy.eu\/fi\/wp-json\/wp\/v2\/types\/page"}],"author":[{"embeddable":true,"href":"https:\/\/steam-energy.eu\/fi\/wp-json\/wp\/v2\/users\/1"}],"replies":[{"embeddable":true,"href":"https:\/\/steam-energy.eu\/fi\/wp-json\/wp\/v2\/comments?post=652"}],"version-history":[{"count":2,"href":"https:\/\/steam-energy.eu\/fi\/wp-json\/wp\/v2\/pages\/652\/revisions"}],"predecessor-version":[{"id":668,"href":"https:\/\/steam-energy.eu\/fi\/wp-json\/wp\/v2\/pages\/652\/revisions\/668"}],"wp:attachment":[{"href":"https:\/\/steam-energy.eu\/fi\/wp-json\/wp\/v2\/media?parent=652"}],"curies":[{"name":"wp","href":"https:\/\/api.w.org\/{rel}","templated":true}]}}