{"id":639,"date":"2022-10-21T22:30:17","date_gmt":"2022-10-21T22:30:17","guid":{"rendered":"https:\/\/steam-energy.eu\/steam-generators\/"},"modified":"2024-01-22T08:45:51","modified_gmt":"2024-01-22T08:45:51","slug":"hoyrynkehitin","status":"publish","type":"page","link":"https:\/\/steam-energy.eu\/fi\/hoyrynkehitin\/","title":{"rendered":"H\u00f6yrynkehittimet"},"content":{"rendered":"<div id='av_section_1'  class='avia-section av-79ag-4dfa4b34efd234a0d446e2b7dfe38649 main_color avia-section-large avia-no-border-styling  avia-builder-el-0  avia-builder-el-no-sibling  avia-bg-style-scroll container_wrap sidebar_right'  ><div class='container av-section-cont-open' ><main  role=\"main\" itemprop=\"mainContentOfPage\"  class='template-page content  av-content-small alpha units'><div class='post-entry post-entry-type-page post-entry-639'><div class='entry-content-wrapper clearfix'>\n\n<style type=\"text\/css\" data-created_by=\"avia_inline_auto\" id=\"style-css-av-l9j0th1k-0b37c8c260736e344ec212645c0a1930\">\n#top .av-special-heading.av-l9j0th1k-0b37c8c260736e344ec212645c0a1930{\npadding-bottom:0;\nfont-size:45px;\n}\nbody .av-special-heading.av-l9j0th1k-0b37c8c260736e344ec212645c0a1930 .av-special-heading-tag .heading-char{\nfont-size:25px;\n}\n#top #wrap_all .av-special-heading.av-l9j0th1k-0b37c8c260736e344ec212645c0a1930 .av-special-heading-tag{\nfont-size:45px;\n}\n.av-special-heading.av-l9j0th1k-0b37c8c260736e344ec212645c0a1930 .av-subheading{\nfont-size:20px;\n}\n\n@media only screen and (min-width: 480px) and (max-width: 767px){ \n#top #wrap_all .av-special-heading.av-l9j0th1k-0b37c8c260736e344ec212645c0a1930 .av-special-heading-tag{\nfont-size:0.8em;\n}\n}\n\n@media only screen and (max-width: 479px){ \n#top #wrap_all .av-special-heading.av-l9j0th1k-0b37c8c260736e344ec212645c0a1930 .av-special-heading-tag{\nfont-size:0.8em;\n}\n}\n<\/style>\n<div  class='av-special-heading av-l9j0th1k-0b37c8c260736e344ec212645c0a1930 av-special-heading-h1 blockquote modern-quote  avia-builder-el-1  el_before_av_hr  avia-builder-el-first  av-inherit-size'><h1 class='av-special-heading-tag '  itemprop=\"headline\"  >H\u00f6yrynkehitin<\/h1><div class=\"special-heading-border\"><div class=\"special-heading-inner-border\"><\/div><\/div><\/div>\n<div  class='hr av-4l34-88481eeaf219131e213276355ddb5153 hr-short  avia-builder-el-2  el_after_av_heading  el_before_av_textblock  hr-left'><span class='hr-inner '><span class=\"hr-inner-style\"><\/span><\/span><\/div>\n<section  class='av_textblock_section av-l9j0tozy-e8b2c19700c1b275f3356add6f3102a8 '   itemscope=\"itemscope\" itemtype=\"https:\/\/schema.org\/CreativeWork\" ><div class='avia_textblock'  itemprop=\"text\" ><p>H\u00f6yrykattiloiden lis\u00e4ksi tarjoamme my\u00f6s h\u00f6yrynkehitin 120&#8230;3000 kg\/h yksikk\u00f6\u00e4 kohden. H\u00f6yrynkehitin ovat nopein tapa tuottaa h\u00f6yry\u00e4. Meille h\u00f6yrynkehitin voidaan k\u00e4ytt\u00e4\u00e4 nestem\u00e4isell\u00e4 tai kaasumaisella polttoaineella ja ne tuottavat h\u00f6yry\u00e4 8 minuutin kuluttua k\u00e4ynnistyksest\u00e4.<\/p>\n<p>H\u00f6yrynkehittimet ovat halvempia kuin h\u00f6yrykattilat, mutta ne eiv\u00e4t sovellu kaikkiin k\u00e4ytt\u00f6tarkoituksiin. Suosittelemme h\u00f6yrykattiloita kuluttajille, joiden h\u00f6yryn kysynt\u00e4 vaihtelee voimakkaasti. H\u00f6yrykattiloissa on suurempi vesitilavuus sek\u00e4 h\u00f6yrykammio, mik\u00e4 mahdollistaa hetkellisesti hieman suuremman tuoton.<\/p>\n<p>H\u00f6yrynkehitin on tasainen tuotto eli jos koneen oletetaan antavan 1000 kg\/h, t\u00e4m\u00e4 tarkoittaa 16,66 kg\/min ja 0,27 kg\/s.<\/p>\n<p>H\u00f6yrynkehitin on vaaka- ja pystyversiot. Vaakamalli tarvitsee hieman enemm\u00e4n tilaa, kun taas pystymalli on kompakti, mutta vaatii korkeamman huoneen.<\/p>\n<p>Tarjoamme my\u00f6s sy\u00f6tt\u00f6vesis\u00e4ili\u00f6it\u00e4, vedenpehmennysyksikk\u00f6it\u00e4 sek\u00e4 h\u00f6yryankkureita tarjotaksemme sinulle avaimet k\u00e4teen -teknologisen ratkaisun.<\/p>\n<p>Katso lis\u00e4\u00e4 <a href=\"https:\/\/steam-energy.eu\/fi\/vaakasuoraan-hoyrykehitin\/\"><strong>vaaka-h\u00f6yrygeneraattoristamme<\/strong><\/a>, <a href=\"https:\/\/steam-energy.eu\/fi\/pystysuora-hoyrykehitin\/\"><strong>pysty-h\u00f6yrygeneraattoristamme<\/strong><\/a> tai <a href=\"https:\/\/steam-energy.eu\/fi\/lampo-oljy-generaattori\/\"><strong>l\u00e4mp\u00f6-\u00f6ljy generaattoristamme<\/strong><\/a>.<\/p>\n<\/div><\/section>\n<div class='flex_column_table av-156vuk-df1134182b4bb06caff1eba81b2d06a5 sc-av_one_third av-equal-height-column-flextable'><div  class='flex_column av-156vuk-df1134182b4bb06caff1eba81b2d06a5 av_one_third  avia-builder-el-4  el_after_av_textblock  el_before_av_one_third  first flex_column_table_cell av-equal-height-column av-align-top avia-link-column av-column-link  column-top-margin'    data-link-column-url=\"https:\/\/steam-energy.eu\/horizontal-steam-generators\/\"   ><a class=\"av-screen-reader-only\" href=https:\/\/steam-energy.eu\/horizontal-steam-generators\/ >Link to: Horizontal steam generators<\/a><style type=\"text\/css\" data-created_by=\"avia_inline_auto\" id=\"style-css-av-xkq90-93913a5923dc53e3b37159c281c2bb65\">\n.avia-image-container.av-xkq90-93913a5923dc53e3b37159c281c2bb65 img.avia_image{\nbox-shadow:none;\n}\n.avia-image-container.av-xkq90-93913a5923dc53e3b37159c281c2bb65 .av-image-caption-overlay-center{\ncolor:#ffffff;\n}\n<\/style>\n<div  class='avia-image-container av-xkq90-93913a5923dc53e3b37159c281c2bb65 av-styling- avia-align-center  avia-builder-el-5  avia-builder-el-no-sibling '   itemprop=\"image\" itemscope=\"itemscope\" itemtype=\"https:\/\/schema.org\/ImageObject\" ><div class=\"avia-image-container-inner\"><div class=\"avia-image-overlay-wrap\"><img decoding=\"async\" fetchpriority=\"high\" class='wp-image-640 avia-img-lazy-loading-not-640 avia_image ' src=\"https:\/\/steam-energy.eu\/wp-content\/uploads\/2022\/10\/horizontal-steam-generators-495x400.jpg\" alt='' title='horizontal steam generators'  height=\"400\" width=\"495\"  itemprop=\"thumbnailUrl\"  \/><\/div><\/div><\/div><\/div><div class='av-flex-placeholder'><\/div><div  class='flex_column av-pec98-cecc4fb63f378e089a4152b614b1ab62 av_one_third  avia-builder-el-6  el_after_av_one_third  el_before_av_one_third  flex_column_table_cell av-equal-height-column av-align-top avia-link-column av-column-link  column-top-margin'    data-link-column-url=\"https:\/\/steam-energy.eu\/vertical-steam-generators\/\"   ><a class=\"av-screen-reader-only\" href=https:\/\/steam-energy.eu\/vertical-steam-generators\/ >Link to: Vertical steam generators<\/a><style type=\"text\/css\" data-created_by=\"avia_inline_auto\" id=\"style-css-av-lsgbw-d72332f09ffeb0076eb718a6f23b55fc\">\n.avia-image-container.av-lsgbw-d72332f09ffeb0076eb718a6f23b55fc img.avia_image{\nbox-shadow:none;\n}\n.avia-image-container.av-lsgbw-d72332f09ffeb0076eb718a6f23b55fc .av-image-caption-overlay-center{\ncolor:#ffffff;\n}\n<\/style>\n<div  class='avia-image-container av-lsgbw-d72332f09ffeb0076eb718a6f23b55fc av-styling- avia-align-center  avia-builder-el-7  avia-builder-el-no-sibling '   itemprop=\"image\" itemscope=\"itemscope\" itemtype=\"https:\/\/schema.org\/ImageObject\" ><div class=\"avia-image-container-inner\"><div class=\"avia-image-overlay-wrap\"><img decoding=\"async\" fetchpriority=\"high\" class='wp-image-511 avia-img-lazy-loading-not-511 avia_image ' src=\"https:\/\/steam-energy.eu\/wp-content\/uploads\/2022\/10\/vertical-steam-generators-495x400.jpg\" alt='vertical steam generators' title='vertical steam generators'  height=\"400\" width=\"495\"  itemprop=\"thumbnailUrl\"  \/><\/div><\/div><\/div><\/div><div class='av-flex-placeholder'><\/div><div  class='flex_column av-emwq4-05b9ac1d577d8c47e25209bdae20eff8 av_one_third  avia-builder-el-8  el_after_av_one_third  avia-builder-el-last  flex_column_table_cell av-equal-height-column av-align-top avia-link-column av-column-link  column-top-margin'    data-link-column-url=\"https:\/\/steam-energy.eu\/thermal-oil-generators\/\"   ><a class=\"av-screen-reader-only\" href=https:\/\/steam-energy.eu\/thermal-oil-generators\/ >Link to: Thermal oil generators<\/a><style type=\"text\/css\" data-created_by=\"avia_inline_auto\" id=\"style-css-av-12gmc-2339a5b25584395e46b892d135fd8dfd\">\n.avia-image-container.av-12gmc-2339a5b25584395e46b892d135fd8dfd img.avia_image{\nbox-shadow:none;\n}\n.avia-image-container.av-12gmc-2339a5b25584395e46b892d135fd8dfd .av-image-caption-overlay-center{\ncolor:#ffffff;\n}\n<\/style>\n<div  class='avia-image-container av-12gmc-2339a5b25584395e46b892d135fd8dfd av-styling- avia-align-center  avia-builder-el-9  avia-builder-el-no-sibling '   itemprop=\"image\" itemscope=\"itemscope\" itemtype=\"https:\/\/schema.org\/ImageObject\" ><div class=\"avia-image-container-inner\"><div class=\"avia-image-overlay-wrap\"><img decoding=\"async\" fetchpriority=\"high\" class='wp-image-510 avia-img-lazy-loading-not-510 avia_image ' src=\"https:\/\/steam-energy.eu\/wp-content\/uploads\/2022\/10\/thermal-oil-generators-495x400.jpg\" alt='thermal oil generators' title='thermal oil generators'  height=\"400\" width=\"495\"  itemprop=\"thumbnailUrl\"  \/><\/div><\/div><\/div><\/div><\/div><!--close column table wrapper. Autoclose: 1 --><\/div><\/div><\/main><!-- close content main element --><\/div><\/div><div id='after_section_1'  class='main_color av_default_container_wrap container_wrap sidebar_right'  ><div class='container av-section-cont-open' ><div class='template-page content  av-content-small alpha units'><div class='post-entry post-entry-type-page post-entry-639'><div class='entry-content-wrapper clearfix'>\n","protected":false},"excerpt":{"rendered":"","protected":false},"author":1,"featured_media":0,"parent":0,"menu_order":0,"comment_status":"closed","ping_status":"closed","template":"","meta":{"footnotes":""},"class_list":["post-639","page","type-page","status-publish","hentry"],"yoast_head":"<!-- This site is optimized with the Yoast SEO plugin v26.4 - https:\/\/yoast.com\/wordpress\/plugins\/seo\/ -->\n<title>H\u00f6yrynkehittimet - Biomass steam solutions<\/title>\n<meta name=\"description\" content=\"H\u00f6yrynkehitin- nopea ja edullinen tapa tuottaa h\u00f6yry\u00e4. Pelletti, s\u00e4hk\u00f6, \u00f6ljy hoyrynkehitin.\" \/>\n<meta name=\"robots\" content=\"index, follow, max-snippet:-1, max-image-preview:large, max-video-preview:-1\" \/>\n<link rel=\"canonical\" href=\"https:\/\/www.steam-energy.eu\/fi\/hoyrynkehitin\/\" \/>\n<meta property=\"og:locale\" content=\"fi_FI\" \/>\n<meta property=\"og:type\" content=\"article\" \/>\n<meta property=\"og:title\" content=\"H\u00f6yrynkehittimet - Biomass steam solutions\" \/>\n<meta property=\"og:description\" content=\"H\u00f6yrynkehitin- nopea ja edullinen tapa tuottaa h\u00f6yry\u00e4. Pelletti, s\u00e4hk\u00f6, \u00f6ljy hoyrynkehitin.\" \/>\n<meta property=\"og:url\" content=\"https:\/\/www.steam-energy.eu\/fi\/hoyrynkehitin\/\" \/>\n<meta property=\"og:site_name\" content=\"Biomass steam solutions\" \/>\n<meta property=\"article:modified_time\" content=\"2024-01-22T08:45:51+00:00\" \/>\n<meta name=\"twitter:card\" content=\"summary_large_image\" \/>\n<script type=\"application\/ld+json\" class=\"yoast-schema-graph\">{\"@context\":\"https:\/\/schema.org\",\"@graph\":[{\"@type\":\"WebPage\",\"@id\":\"https:\/\/www.steam-energy.eu\/fi\/hoyrynkehitin\/\",\"url\":\"https:\/\/www.steam-energy.eu\/fi\/hoyrynkehitin\/\",\"name\":\"H\u00f6yrynkehittimet - Biomass steam solutions\",\"isPartOf\":{\"@id\":\"https:\/\/steam-energy.eu\/#website\"},\"datePublished\":\"2022-10-21T22:30:17+00:00\",\"dateModified\":\"2024-01-22T08:45:51+00:00\",\"description\":\"H\u00f6yrynkehitin- nopea ja edullinen tapa tuottaa h\u00f6yry\u00e4. Pelletti, s\u00e4hk\u00f6, \u00f6ljy hoyrynkehitin.\",\"breadcrumb\":{\"@id\":\"https:\/\/www.steam-energy.eu\/fi\/hoyrynkehitin\/#breadcrumb\"},\"inLanguage\":\"fi\",\"potentialAction\":[{\"@type\":\"ReadAction\",\"target\":[\"https:\/\/www.steam-energy.eu\/fi\/hoyrynkehitin\/\"]}]},{\"@type\":\"BreadcrumbList\",\"@id\":\"https:\/\/www.steam-energy.eu\/fi\/hoyrynkehitin\/#breadcrumb\",\"itemListElement\":[{\"@type\":\"ListItem\",\"position\":1,\"name\":\"Home\",\"item\":\"https:\/\/steam-energy.eu\/fi\/\"},{\"@type\":\"ListItem\",\"position\":2,\"name\":\"H\u00f6yrynkehittimet\"}]},{\"@type\":\"WebSite\",\"@id\":\"https:\/\/steam-energy.eu\/#website\",\"url\":\"https:\/\/steam-energy.eu\/\",\"name\":\"Biomass steam solutions\",\"description\":\"\",\"publisher\":{\"@id\":\"https:\/\/steam-energy.eu\/#organization\"},\"potentialAction\":[{\"@type\":\"SearchAction\",\"target\":{\"@type\":\"EntryPoint\",\"urlTemplate\":\"https:\/\/steam-energy.eu\/?s={search_term_string}\"},\"query-input\":{\"@type\":\"PropertyValueSpecification\",\"valueRequired\":true,\"valueName\":\"search_term_string\"}}],\"inLanguage\":\"fi\"},{\"@type\":\"Organization\",\"@id\":\"https:\/\/steam-energy.eu\/#organization\",\"name\":\"Kateena O\u00dc\",\"url\":\"https:\/\/steam-energy.eu\/\",\"logo\":{\"@type\":\"ImageObject\",\"inLanguage\":\"fi\",\"@id\":\"https:\/\/steam-energy.eu\/#\/schema\/logo\/image\/\",\"url\":\"https:\/\/steam-energy.eu\/wp-content\/uploads\/2022\/10\/logo.png\",\"contentUrl\":\"https:\/\/steam-energy.eu\/wp-content\/uploads\/2022\/10\/logo.png\",\"width\":330,\"height\":120,\"caption\":\"Kateena O\u00dc\"},\"image\":{\"@id\":\"https:\/\/steam-energy.eu\/#\/schema\/logo\/image\/\"}}]}<\/script>\n<!-- \/ Yoast SEO plugin. -->","yoast_head_json":{"title":"H\u00f6yrynkehittimet - Biomass steam solutions","description":"H\u00f6yrynkehitin- nopea ja edullinen tapa tuottaa h\u00f6yry\u00e4. Pelletti, s\u00e4hk\u00f6, \u00f6ljy hoyrynkehitin.","robots":{"index":"index","follow":"follow","max-snippet":"max-snippet:-1","max-image-preview":"max-image-preview:large","max-video-preview":"max-video-preview:-1"},"canonical":"https:\/\/www.steam-energy.eu\/fi\/hoyrynkehitin\/","og_locale":"fi_FI","og_type":"article","og_title":"H\u00f6yrynkehittimet - Biomass steam solutions","og_description":"H\u00f6yrynkehitin- nopea ja edullinen tapa tuottaa h\u00f6yry\u00e4. Pelletti, s\u00e4hk\u00f6, \u00f6ljy hoyrynkehitin.","og_url":"https:\/\/www.steam-energy.eu\/fi\/hoyrynkehitin\/","og_site_name":"Biomass steam solutions","article_modified_time":"2024-01-22T08:45:51+00:00","twitter_card":"summary_large_image","schema":{"@context":"https:\/\/schema.org","@graph":[{"@type":"WebPage","@id":"https:\/\/www.steam-energy.eu\/fi\/hoyrynkehitin\/","url":"https:\/\/www.steam-energy.eu\/fi\/hoyrynkehitin\/","name":"H\u00f6yrynkehittimet - Biomass steam solutions","isPartOf":{"@id":"https:\/\/steam-energy.eu\/#website"},"datePublished":"2022-10-21T22:30:17+00:00","dateModified":"2024-01-22T08:45:51+00:00","description":"H\u00f6yrynkehitin- nopea ja edullinen tapa tuottaa h\u00f6yry\u00e4. Pelletti, s\u00e4hk\u00f6, \u00f6ljy hoyrynkehitin.","breadcrumb":{"@id":"https:\/\/www.steam-energy.eu\/fi\/hoyrynkehitin\/#breadcrumb"},"inLanguage":"fi","potentialAction":[{"@type":"ReadAction","target":["https:\/\/www.steam-energy.eu\/fi\/hoyrynkehitin\/"]}]},{"@type":"BreadcrumbList","@id":"https:\/\/www.steam-energy.eu\/fi\/hoyrynkehitin\/#breadcrumb","itemListElement":[{"@type":"ListItem","position":1,"name":"Home","item":"https:\/\/steam-energy.eu\/fi\/"},{"@type":"ListItem","position":2,"name":"H\u00f6yrynkehittimet"}]},{"@type":"WebSite","@id":"https:\/\/steam-energy.eu\/#website","url":"https:\/\/steam-energy.eu\/","name":"Biomass steam solutions","description":"","publisher":{"@id":"https:\/\/steam-energy.eu\/#organization"},"potentialAction":[{"@type":"SearchAction","target":{"@type":"EntryPoint","urlTemplate":"https:\/\/steam-energy.eu\/?s={search_term_string}"},"query-input":{"@type":"PropertyValueSpecification","valueRequired":true,"valueName":"search_term_string"}}],"inLanguage":"fi"},{"@type":"Organization","@id":"https:\/\/steam-energy.eu\/#organization","name":"Kateena O\u00dc","url":"https:\/\/steam-energy.eu\/","logo":{"@type":"ImageObject","inLanguage":"fi","@id":"https:\/\/steam-energy.eu\/#\/schema\/logo\/image\/","url":"https:\/\/steam-energy.eu\/wp-content\/uploads\/2022\/10\/logo.png","contentUrl":"https:\/\/steam-energy.eu\/wp-content\/uploads\/2022\/10\/logo.png","width":330,"height":120,"caption":"Kateena O\u00dc"},"image":{"@id":"https:\/\/steam-energy.eu\/#\/schema\/logo\/image\/"}}]}},"_links":{"self":[{"href":"https:\/\/steam-energy.eu\/fi\/wp-json\/wp\/v2\/pages\/639","targetHints":{"allow":["GET"]}}],"collection":[{"href":"https:\/\/steam-energy.eu\/fi\/wp-json\/wp\/v2\/pages"}],"about":[{"href":"https:\/\/steam-energy.eu\/fi\/wp-json\/wp\/v2\/types\/page"}],"author":[{"embeddable":true,"href":"https:\/\/steam-energy.eu\/fi\/wp-json\/wp\/v2\/users\/1"}],"replies":[{"embeddable":true,"href":"https:\/\/steam-energy.eu\/fi\/wp-json\/wp\/v2\/comments?post=639"}],"version-history":[{"count":5,"href":"https:\/\/steam-energy.eu\/fi\/wp-json\/wp\/v2\/pages\/639\/revisions"}],"predecessor-version":[{"id":782,"href":"https:\/\/steam-energy.eu\/fi\/wp-json\/wp\/v2\/pages\/639\/revisions\/782"}],"wp:attachment":[{"href":"https:\/\/steam-energy.eu\/fi\/wp-json\/wp\/v2\/media?parent=639"}],"curies":[{"name":"wp","href":"https:\/\/api.w.org\/{rel}","templated":true}]}}