{"id":629,"date":"2022-10-21T22:18:37","date_gmt":"2022-10-21T22:18:37","guid":{"rendered":"https:\/\/steam-energy.eu\/gas-liquid-fuel-steam-boilers\/"},"modified":"2022-11-23T18:52:27","modified_gmt":"2022-11-23T18:52:27","slug":"oljy-ja-kaasu-hoyrykattilat","status":"publish","type":"page","link":"https:\/\/steam-energy.eu\/fi\/oljy-ja-kaasu-hoyrykattilat\/","title":{"rendered":"\u00d6ljy ja kaasu h\u00f6yrykattilat"},"content":{"rendered":"<div id='av_section_1'  class='avia-section av-79ag-4dfa4b34efd234a0d446e2b7dfe38649 main_color avia-section-large avia-no-border-styling  avia-builder-el-0  avia-builder-el-no-sibling  avia-bg-style-scroll container_wrap sidebar_right'  ><div class='container av-section-cont-open' ><main  role=\"main\" itemprop=\"mainContentOfPage\"  class='template-page content  av-content-small alpha units'><div class='post-entry post-entry-type-page post-entry-629'><div class='entry-content-wrapper clearfix'>\n\n<style type=\"text\/css\" data-created_by=\"avia_inline_auto\" id=\"style-css-av-pcwko-b2fd1edb429dcc1f35d11698551e97d3\">\n#top .av-special-heading.av-pcwko-b2fd1edb429dcc1f35d11698551e97d3{\npadding-bottom:0;\nfont-size:45px;\n}\nbody .av-special-heading.av-pcwko-b2fd1edb429dcc1f35d11698551e97d3 .av-special-heading-tag .heading-char{\nfont-size:25px;\n}\n#top #wrap_all .av-special-heading.av-pcwko-b2fd1edb429dcc1f35d11698551e97d3 .av-special-heading-tag{\nfont-size:45px;\n}\n.av-special-heading.av-pcwko-b2fd1edb429dcc1f35d11698551e97d3 .av-subheading{\nfont-size:20px;\n}\n\n@media only screen and (min-width: 480px) and (max-width: 767px){ \n#top #wrap_all .av-special-heading.av-pcwko-b2fd1edb429dcc1f35d11698551e97d3 .av-special-heading-tag{\nfont-size:0.8em;\n}\n}\n\n@media only screen and (max-width: 479px){ \n#top #wrap_all .av-special-heading.av-pcwko-b2fd1edb429dcc1f35d11698551e97d3 .av-special-heading-tag{\nfont-size:0.8em;\n}\n}\n<\/style>\n<div  class='av-special-heading av-pcwko-b2fd1edb429dcc1f35d11698551e97d3 av-special-heading-h1 blockquote modern-quote  avia-builder-el-1  el_before_av_hr  avia-builder-el-first  av-inherit-size'><h1 class='av-special-heading-tag '  itemprop=\"headline\"  >\u00d6ljy ja kaasu h\u00f6yrykattilat<\/h1><div class=\"special-heading-border\"><div class=\"special-heading-inner-border\"><\/div><\/div><\/div>\n<div  class='hr av-napa0-e303c6c7c2fdc9fec261907da7964d68 hr-short  avia-builder-el-2  el_after_av_heading  el_before_av_one_third  hr-left'><span class='hr-inner '><span class=\"hr-inner-style\"><\/span><\/span><\/div>\n<div  class='flex_column av-heuq6-85918ab231c674b5bcbf0e6e1b1f3e2d av_one_third  avia-builder-el-3  el_after_av_hr  el_before_av_two_third  first flex_column_div  '     ><style type=\"text\/css\" data-created_by=\"avia_inline_auto\" id=\"style-css-av-l9j1fcem-ad7e3331a1ec52fd1b0c88b410c33bf1\">\n.avia-image-container.av-l9j1fcem-ad7e3331a1ec52fd1b0c88b410c33bf1 img.avia_image{\nbox-shadow:none;\n}\n.avia-image-container.av-l9j1fcem-ad7e3331a1ec52fd1b0c88b410c33bf1 .av-image-caption-overlay-center{\ncolor:#ffffff;\n}\n<\/style>\n<div  class='avia-image-container av-l9j1fcem-ad7e3331a1ec52fd1b0c88b410c33bf1 av-styling- avia-align-center  avia-builder-el-4  avia-builder-el-no-sibling '   itemprop=\"image\" itemscope=\"itemscope\" itemtype=\"https:\/\/schema.org\/ImageObject\" ><div class=\"avia-image-container-inner\"><div class=\"avia-image-overlay-wrap\"><img decoding=\"async\" fetchpriority=\"high\" class='wp-image-625 avia-img-lazy-loading-not-625 avia_image ' src=\"https:\/\/steam-energy.eu\/wp-content\/uploads\/2022\/10\/Fully-automatic-biomass-steam-boilers-1030x702.png\" alt='' title='Fully automatic biomass steam boilers'  height=\"702\" width=\"1030\"  itemprop=\"thumbnailUrl\" srcset=\"https:\/\/steam-energy.eu\/wp-content\/uploads\/2022\/10\/Fully-automatic-biomass-steam-boilers-1030x702.png 1030w, https:\/\/steam-energy.eu\/wp-content\/uploads\/2022\/10\/Fully-automatic-biomass-steam-boilers-300x205.png 300w, https:\/\/steam-energy.eu\/wp-content\/uploads\/2022\/10\/Fully-automatic-biomass-steam-boilers-768x524.png 768w, https:\/\/steam-energy.eu\/wp-content\/uploads\/2022\/10\/Fully-automatic-biomass-steam-boilers-705x481.png 705w, https:\/\/steam-energy.eu\/wp-content\/uploads\/2022\/10\/Fully-automatic-biomass-steam-boilers.png 1241w\" sizes=\"(max-width: 1030px) 100vw, 1030px\" \/><\/div><\/div><\/div><\/div><div  class='flex_column av-9c8ja-d9ee18ee0d3f4b30292101388bbfade1 av_two_third  avia-builder-el-5  el_after_av_one_third  el_before_av_heading  flex_column_div  '     ><section  class='av_textblock_section av-l9j0tozy-e8b2c19700c1b275f3356add6f3102a8 '   itemscope=\"itemscope\" itemtype=\"https:\/\/schema.org\/CreativeWork\" ><div class='avia_textblock'  itemprop=\"text\" ><p><strong>\u00d6ljy ja kaasu h\u00f6yrykattilat kokoluokissa 100&#8230;32 000 kg\/h<\/strong><\/p>\n<p>Tarjoamme neste- ja kaasuk\u00e4ytt\u00f6isi\u00e4 h\u00f6yrykattiloita kokoluokissa 100&#8230;32 000 kg\/h. Edustamme suurinta h\u00f6yrykattilavalmistajaa ICI Caldaieta, jonka tuotteet ovat olleet alan johtavia yli 40 vuotta. Voimme tarjota l\u00e4hes mit\u00e4 tahansa prosessih\u00f6yryyn liittyvi\u00e4 tuotteita, kuten: matalapainekattilat, hukkal\u00e4mp\u00f6kattilat, erikois l\u00e4mmitetyt h\u00f6yrykattilat, eritt\u00e4in tehokkaat ja v\u00e4h\u00e4isen NOx-kattilat. Yleisimm\u00e4t h\u00f6yrykattilatyypit on esitelty alla.<\/p>\n<p><a href=\"https:\/\/steam-energy.eu\/fi\/yhteystiedot\/\">Ota meihin yhteytt\u00e4, jos sinulla on mit\u00e4\u00e4n kysytt\u00e4v\u00e4\u00e4 h\u00f6yryn tuotantoon liittyen.<\/a><\/p>\n<\/div><\/section><\/div>\n<style type=\"text\/css\" data-created_by=\"avia_inline_auto\" id=\"style-css-av-l9j0th1k-4d56c60476f12f1416d98ef96e76dedc\">\n#top .av-special-heading.av-l9j0th1k-4d56c60476f12f1416d98ef96e76dedc{\npadding-bottom:0;\nfont-size:45px;\n}\nbody .av-special-heading.av-l9j0th1k-4d56c60476f12f1416d98ef96e76dedc .av-special-heading-tag .heading-char{\nfont-size:25px;\n}\n#top #wrap_all .av-special-heading.av-l9j0th1k-4d56c60476f12f1416d98ef96e76dedc .av-special-heading-tag{\nfont-size:45px;\n}\n.av-special-heading.av-l9j0th1k-4d56c60476f12f1416d98ef96e76dedc .av-subheading{\nfont-size:20px;\n}\n\n@media only screen and (min-width: 480px) and (max-width: 767px){ \n#top #wrap_all .av-special-heading.av-l9j0th1k-4d56c60476f12f1416d98ef96e76dedc .av-special-heading-tag{\nfont-size:0.8em;\n}\n}\n\n@media only screen and (max-width: 479px){ \n#top #wrap_all .av-special-heading.av-l9j0th1k-4d56c60476f12f1416d98ef96e76dedc .av-special-heading-tag{\nfont-size:0.8em;\n}\n}\n<\/style>\n<div  class='av-special-heading av-l9j0th1k-4d56c60476f12f1416d98ef96e76dedc av-special-heading-h2 blockquote modern-quote modern-centered  avia-builder-el-7  el_after_av_two_third  el_before_av_hr  av-inherit-size'><h2 class='av-special-heading-tag '  itemprop=\"headline\"  >H\u00f6yrykattila valikoima<\/h2><div class=\"special-heading-border\"><div class=\"special-heading-inner-border\"><\/div><\/div><\/div>\n<div  class='hr av-4l34-151688916726b9a8e02e51a4e0c15ad4 hr-short  avia-builder-el-8  el_after_av_heading  el_before_av_one_third  hr-center'><span class='hr-inner '><span class=\"hr-inner-style\"><\/span><\/span><\/div>\n<div  class='flex_column av-94wnk-3fff30de862d37dbca7b3b09b1a389a2 av_one_third  avia-builder-el-9  el_after_av_hr  el_before_av_one_third  first flex_column_div  '     ><p>\n<style type=\"text\/css\" data-created_by=\"avia_inline_auto\" id=\"style-css-av-l9j1z5ep-7ae22524f41a1dc34c965507df01eddc\">\n.avia-image-container.av-l9j1z5ep-7ae22524f41a1dc34c965507df01eddc img.avia_image{\nbox-shadow:none;\n}\n.avia-image-container.av-l9j1z5ep-7ae22524f41a1dc34c965507df01eddc .av-image-caption-overlay-center{\ncolor:#ffffff;\n}\n<\/style>\n<div  class='avia-image-container av-l9j1z5ep-7ae22524f41a1dc34c965507df01eddc av-styling- avia-align-center  avia-builder-el-10  el_before_av_textblock  avia-builder-el-first '   itemprop=\"image\" itemscope=\"itemscope\" itemtype=\"https:\/\/schema.org\/ImageObject\" ><div class=\"avia-image-container-inner\"><div class=\"avia-image-overlay-wrap\"><img decoding=\"async\" fetchpriority=\"high\" class='wp-image-494 avia-img-lazy-loading-not-494 avia_image ' src=\"https:\/\/steam-energy.eu\/wp-content\/uploads\/2022\/10\/Super-efficient-Ecovapor-350-3000-kgh-495x400.jpg\" alt='Super efficient Ecovapor 350...3000 kg\/h' title='Super efficient Ecovapor  350...3000 kg\/h'  height=\"400\" width=\"495\"  itemprop=\"thumbnailUrl\" srcset=\"https:\/\/steam-energy.eu\/wp-content\/uploads\/2022\/10\/Super-efficient-Ecovapor-350-3000-kgh-495x400.jpg 495w, https:\/\/steam-energy.eu\/wp-content\/uploads\/2022\/10\/Super-efficient-Ecovapor-350-3000-kgh-845x684.jpg 845w\" sizes=\"(max-width: 495px) 100vw, 495px\" \/><\/div><\/div><\/div><br \/>\n<section  class='av_textblock_section av-l9j1zn5m-8965283612250f16d010cf158c9f9c90 '   itemscope=\"itemscope\" itemtype=\"https:\/\/schema.org\/CreativeWork\" ><div class='avia_textblock'  itemprop=\"text\" ><p><strong>Todella tehokas Ecovapor 350&#8230;3000 kg\/h <\/strong><\/p>\n<p><strong>Tehokkuus &gt; 94,0% <\/strong><\/p>\n<p><strong>NOx p\u00e4\u00e4st\u00f6t: &lt; 70 mg\/kWh <\/strong><\/p>\n<p>Ecovapor optimoi h\u00f6yryntuotantoprosessin l\u00e4mp\u00f6energian l\u00e4hteen\u00e4 taloudellisella, tehokkaalla, \u00e4lykk\u00e4\u00e4ll\u00e4, turvallisella ja ymp\u00e4rist\u00f6yst\u00e4v\u00e4llisell\u00e4 tavalla. Ecovapor soveltuu erityisesti teollisuuden k\u00e4ytt\u00f6\u00f6n, miss\u00e4 modulaatiovaihtelu on korkeaa ja miss\u00e4 noudatetaan tiukimpia NOx-ilmakeh\u00e4n p\u00e4\u00e4st\u00f6rajoja. Painekattila pystyy kommunikoimaan my\u00f6s muiden j\u00e4rjestelmien kanssa.<\/p>\n<\/div><\/section><br \/>\n<div  class='avia-button-wrap av-l9j206zp-fa86aec03f496444c4b94b22d5cbc15c-wrap avia-button-left  avia-builder-el-12  el_after_av_textblock  avia-builder-el-last '><a href='https:\/\/www.icicaldaie.com\/en\/catalog\/gamma\/GAM_ECOVAPOR_WEB' class='avia-button av-l9j206zp-fa86aec03f496444c4b94b22d5cbc15c av-link-btn avia-icon_select-no avia-size-small avia-position-left avia-color-dark' target=\"_blank\" rel=\"noopener noreferrer\" aria-label=\"Lis\u00e4tietoja\"><span class='avia_iconbox_title' >Lis\u00e4tietoja<\/span><\/a><\/div><\/p><\/div><div  class='flex_column av-dgn4w-cdcf7407c39f6cbd5ed53f6084baa924 av_one_third  avia-builder-el-13  el_after_av_one_third  el_before_av_one_third  flex_column_div  '     ><p>\n<style type=\"text\/css\" data-created_by=\"avia_inline_auto\" id=\"style-css-av-l9j21f82-f5657067f1fa411c8a12dca8e3a0e126\">\n.avia-image-container.av-l9j21f82-f5657067f1fa411c8a12dca8e3a0e126 img.avia_image{\nbox-shadow:none;\n}\n.avia-image-container.av-l9j21f82-f5657067f1fa411c8a12dca8e3a0e126 .av-image-caption-overlay-center{\ncolor:#ffffff;\n}\n<\/style>\n<div  class='avia-image-container av-l9j21f82-f5657067f1fa411c8a12dca8e3a0e126 av-styling- avia-align-center  avia-builder-el-14  el_before_av_textblock  avia-builder-el-first '   itemprop=\"image\" itemscope=\"itemscope\" itemtype=\"https:\/\/schema.org\/ImageObject\" ><div class=\"avia-image-container-inner\"><div class=\"avia-image-overlay-wrap\"><img decoding=\"async\" fetchpriority=\"high\" class='wp-image-493 avia-img-lazy-loading-not-493 avia_image ' src=\"https:\/\/steam-energy.eu\/wp-content\/uploads\/2022\/10\/GX-range-steam-boiler-1700-32-000-kgh-495x400.jpg\" alt='GX range steam boiler 1700...32 000 kg\/h' title='GX range steam boiler 1700...32 000 kg\/h'  height=\"400\" width=\"495\"  itemprop=\"thumbnailUrl\" srcset=\"https:\/\/steam-energy.eu\/wp-content\/uploads\/2022\/10\/GX-range-steam-boiler-1700-32-000-kgh-495x400.jpg 495w, https:\/\/steam-energy.eu\/wp-content\/uploads\/2022\/10\/GX-range-steam-boiler-1700-32-000-kgh-845x684.jpg 845w\" sizes=\"(max-width: 495px) 100vw, 495px\" \/><\/div><\/div><\/div><br \/>\n<section  class='av_textblock_section av-l9j217cq-521eeb74a6f883d109543a5bf4b4ff8d '   itemscope=\"itemscope\" itemtype=\"https:\/\/schema.org\/CreativeWork\" ><div class='avia_textblock'  itemprop=\"text\" ><p><strong>GX sarjan h\u00f6yrykattila 1700&#8230;32 000 kg\/h <\/strong><\/p>\n<p>Korkeapaineinen h\u00f6yrykattila jossa aito kolmivaiheinen m\u00e4rk\u00e4takainen tuliputki. Soveltuu nestem\u00e4isille ja kaasumaisille polttoaineille. Toimitetaan valmiina, automaattiseen k\u00e4ytt\u00f6\u00f6n tarvittavien lis\u00e4varusteiden kanssa mekaanisella ja hydraulisella kokoonpanolla kaikille laitteille ja sertifikaateille, my\u00f6s PED 97\/23\/EC -direktiivin mukaisest.<\/p>\n<\/div><\/section><br \/>\n<div  class='avia-button-wrap av-l9j21j2q-87a420fb12421b6080aa873a404eea88-wrap avia-button-left  avia-builder-el-16  el_after_av_textblock  avia-builder-el-last '><a href='https:\/\/www.icicaldaie.com\/en\/catalog\/gamma\/GAM_GX_WEB' class='avia-button av-l9j21j2q-87a420fb12421b6080aa873a404eea88 av-link-btn avia-icon_select-no avia-size-small avia-position-left avia-color-dark' target=\"_blank\" rel=\"noopener noreferrer\" aria-label=\"Lis\u00e4tietoja\"><span class='avia_iconbox_title' >Lis\u00e4tietoja<\/span><\/a><\/div><\/p><\/div><div  class='flex_column av-10rog-55dd42a6798df984a7bf88de250ef03e av_one_third  avia-builder-el-17  el_after_av_one_third  avia-builder-el-last  flex_column_div  '     ><p>\n<style type=\"text\/css\" data-created_by=\"avia_inline_auto\" id=\"style-css-av-l9j21zb0-328e00e4ea78fe1d538567cc88190aca\">\n.avia-image-container.av-l9j21zb0-328e00e4ea78fe1d538567cc88190aca img.avia_image{\nbox-shadow:none;\n}\n.avia-image-container.av-l9j21zb0-328e00e4ea78fe1d538567cc88190aca .av-image-caption-overlay-center{\ncolor:#ffffff;\n}\n<\/style>\n<div  class='avia-image-container av-l9j21zb0-328e00e4ea78fe1d538567cc88190aca av-styling- avia-align-center  avia-builder-el-18  el_before_av_textblock  avia-builder-el-first '   itemprop=\"image\" itemscope=\"itemscope\" itemtype=\"https:\/\/schema.org\/ImageObject\" ><div class=\"avia-image-container-inner\"><div class=\"avia-image-overlay-wrap\"><img decoding=\"async\" fetchpriority=\"high\" class='wp-image-630 avia-img-lazy-loading-not-630 avia_image ' src=\"https:\/\/steam-energy.eu\/wp-content\/uploads\/2022\/10\/GX-C-waste-heat-boilers-1700-25-000-kg-h-495x400.jpg\" alt='' title='GX C waste-heat boilers 1700...25 000 kg\/h'  height=\"400\" width=\"495\"  itemprop=\"thumbnailUrl\"  \/><\/div><\/div><\/div><br \/>\n<section  class='av_textblock_section av-l9j21tdb-a6536c1c2c95ecca2a19c64f957dfc25 '   itemscope=\"itemscope\" itemtype=\"https:\/\/schema.org\/CreativeWork\" ><div class='avia_textblock'  itemprop=\"text\" ><p><strong>GX C hukkal\u00e4mp\u00f6 h\u00f6yrykattila 1700&#8230;25 000 kg\/h <\/strong><\/p>\n<p>GX C -h\u00f6yrykattilan innovatiivinen suunnittelu, jossa yhdistyv\u00e4t h\u00f6yryntuotanto perinteisess\u00e4 h\u00f6yrykattilassa sek\u00e4 ulkoisesta l\u00e4hteest\u00e4 per\u00e4isin olevaa pakokaasun hy\u00f6dynt\u00e4minen l\u00e4mm\u00f6n talteenottona; j\u00e4lkimm\u00e4inen &#8221;vapaa&#8221; l\u00e4hde on konfiguroitu ensisijaiseksi, kun taas poltto voi yksinkertaisesti toimia varana tai tarjota j\u00e4ljell\u00e4 olevaa tehoa, jos talteenottokaasut eiv\u00e4t riit\u00e4 kattamaan j\u00e4rjestelm\u00e4n h\u00f6yryn tarvetta.<\/p>\n<\/div><\/section><br \/>\n<div  class='avia-button-wrap av-l9j21nin-6f72857a76314678a732ef28a4434e6d-wrap avia-button-left  avia-builder-el-20  el_after_av_textblock  avia-builder-el-last '><a href='https:\/\/www.icicaldaie.com\/en\/catalog\/gamma\/GAM\/MOD_GX_C_WEB' class='avia-button av-l9j21nin-6f72857a76314678a732ef28a4434e6d av-link-btn avia-icon_select-no avia-size-small avia-position-left avia-color-dark' target=\"_blank\" rel=\"noopener noreferrer\" aria-label=\"Lis\u00e4tietoja\"><span class='avia_iconbox_title' >Lis\u00e4tietoja<\/span><\/a><\/div><\/p><\/div><\/div><\/div><\/main><!-- close content main element --><\/div><\/div><div id='after_section_1'  class='main_color av_default_container_wrap container_wrap sidebar_right'  ><div class='container av-section-cont-open' ><div class='template-page content  av-content-small alpha units'><div class='post-entry post-entry-type-page post-entry-629'><div class='entry-content-wrapper clearfix'>\n","protected":false},"excerpt":{"rendered":"","protected":false},"author":1,"featured_media":0,"parent":0,"menu_order":0,"comment_status":"closed","ping_status":"closed","template":"","meta":{"footnotes":""},"class_list":["post-629","page","type-page","status-publish","hentry"],"yoast_head":"<!-- This site is optimized with the Yoast SEO plugin v26.4 - https:\/\/yoast.com\/wordpress\/plugins\/seo\/ -->\n<title>\u00d6ljy ja kaasu h\u00f6yrykattilat - Biomass steam solutions<\/title>\n<meta name=\"robots\" content=\"index, follow, max-snippet:-1, max-image-preview:large, max-video-preview:-1\" \/>\n<link rel=\"canonical\" href=\"https:\/\/steam-energy.eu\/fi\/oljy-ja-kaasu-hoyrykattilat\/\" \/>\n<meta property=\"og:locale\" content=\"fi_FI\" \/>\n<meta property=\"og:type\" content=\"article\" \/>\n<meta property=\"og:title\" content=\"\u00d6ljy ja kaasu h\u00f6yrykattilat - Biomass steam solutions\" \/>\n<meta property=\"og:url\" content=\"https:\/\/steam-energy.eu\/fi\/oljy-ja-kaasu-hoyrykattilat\/\" \/>\n<meta property=\"og:site_name\" content=\"Biomass steam solutions\" \/>\n<meta property=\"article:modified_time\" content=\"2022-11-23T18:52:27+00:00\" \/>\n<meta name=\"twitter:card\" content=\"summary_large_image\" \/>\n<meta name=\"twitter:label1\" content=\"Arvioitu lukuaika\" \/>\n\t<meta name=\"twitter:data1\" content=\"8 minuuttia\" \/>\n<script type=\"application\/ld+json\" class=\"yoast-schema-graph\">{\"@context\":\"https:\/\/schema.org\",\"@graph\":[{\"@type\":\"WebPage\",\"@id\":\"https:\/\/steam-energy.eu\/fi\/oljy-ja-kaasu-hoyrykattilat\/\",\"url\":\"https:\/\/steam-energy.eu\/fi\/oljy-ja-kaasu-hoyrykattilat\/\",\"name\":\"\u00d6ljy ja kaasu h\u00f6yrykattilat - Biomass steam solutions\",\"isPartOf\":{\"@id\":\"https:\/\/steam-energy.eu\/#website\"},\"datePublished\":\"2022-10-21T22:18:37+00:00\",\"dateModified\":\"2022-11-23T18:52:27+00:00\",\"breadcrumb\":{\"@id\":\"https:\/\/steam-energy.eu\/fi\/oljy-ja-kaasu-hoyrykattilat\/#breadcrumb\"},\"inLanguage\":\"fi\",\"potentialAction\":[{\"@type\":\"ReadAction\",\"target\":[\"https:\/\/steam-energy.eu\/fi\/oljy-ja-kaasu-hoyrykattilat\/\"]}]},{\"@type\":\"BreadcrumbList\",\"@id\":\"https:\/\/steam-energy.eu\/fi\/oljy-ja-kaasu-hoyrykattilat\/#breadcrumb\",\"itemListElement\":[{\"@type\":\"ListItem\",\"position\":1,\"name\":\"Home\",\"item\":\"https:\/\/steam-energy.eu\/fi\/\"},{\"@type\":\"ListItem\",\"position\":2,\"name\":\"\u00d6ljy ja kaasu h\u00f6yrykattilat\"}]},{\"@type\":\"WebSite\",\"@id\":\"https:\/\/steam-energy.eu\/#website\",\"url\":\"https:\/\/steam-energy.eu\/\",\"name\":\"Biomass steam solutions\",\"description\":\"\",\"publisher\":{\"@id\":\"https:\/\/steam-energy.eu\/#organization\"},\"potentialAction\":[{\"@type\":\"SearchAction\",\"target\":{\"@type\":\"EntryPoint\",\"urlTemplate\":\"https:\/\/steam-energy.eu\/?s={search_term_string}\"},\"query-input\":{\"@type\":\"PropertyValueSpecification\",\"valueRequired\":true,\"valueName\":\"search_term_string\"}}],\"inLanguage\":\"fi\"},{\"@type\":\"Organization\",\"@id\":\"https:\/\/steam-energy.eu\/#organization\",\"name\":\"Kateena O\u00dc\",\"url\":\"https:\/\/steam-energy.eu\/\",\"logo\":{\"@type\":\"ImageObject\",\"inLanguage\":\"fi\",\"@id\":\"https:\/\/steam-energy.eu\/#\/schema\/logo\/image\/\",\"url\":\"https:\/\/steam-energy.eu\/wp-content\/uploads\/2022\/10\/logo.png\",\"contentUrl\":\"https:\/\/steam-energy.eu\/wp-content\/uploads\/2022\/10\/logo.png\",\"width\":330,\"height\":120,\"caption\":\"Kateena O\u00dc\"},\"image\":{\"@id\":\"https:\/\/steam-energy.eu\/#\/schema\/logo\/image\/\"}}]}<\/script>\n<!-- \/ Yoast SEO plugin. -->","yoast_head_json":{"title":"\u00d6ljy ja kaasu h\u00f6yrykattilat - Biomass steam solutions","robots":{"index":"index","follow":"follow","max-snippet":"max-snippet:-1","max-image-preview":"max-image-preview:large","max-video-preview":"max-video-preview:-1"},"canonical":"https:\/\/steam-energy.eu\/fi\/oljy-ja-kaasu-hoyrykattilat\/","og_locale":"fi_FI","og_type":"article","og_title":"\u00d6ljy ja kaasu h\u00f6yrykattilat - Biomass steam solutions","og_url":"https:\/\/steam-energy.eu\/fi\/oljy-ja-kaasu-hoyrykattilat\/","og_site_name":"Biomass steam solutions","article_modified_time":"2022-11-23T18:52:27+00:00","twitter_card":"summary_large_image","twitter_misc":{"Arvioitu lukuaika":"8 minuuttia"},"schema":{"@context":"https:\/\/schema.org","@graph":[{"@type":"WebPage","@id":"https:\/\/steam-energy.eu\/fi\/oljy-ja-kaasu-hoyrykattilat\/","url":"https:\/\/steam-energy.eu\/fi\/oljy-ja-kaasu-hoyrykattilat\/","name":"\u00d6ljy ja kaasu h\u00f6yrykattilat - Biomass steam solutions","isPartOf":{"@id":"https:\/\/steam-energy.eu\/#website"},"datePublished":"2022-10-21T22:18:37+00:00","dateModified":"2022-11-23T18:52:27+00:00","breadcrumb":{"@id":"https:\/\/steam-energy.eu\/fi\/oljy-ja-kaasu-hoyrykattilat\/#breadcrumb"},"inLanguage":"fi","potentialAction":[{"@type":"ReadAction","target":["https:\/\/steam-energy.eu\/fi\/oljy-ja-kaasu-hoyrykattilat\/"]}]},{"@type":"BreadcrumbList","@id":"https:\/\/steam-energy.eu\/fi\/oljy-ja-kaasu-hoyrykattilat\/#breadcrumb","itemListElement":[{"@type":"ListItem","position":1,"name":"Home","item":"https:\/\/steam-energy.eu\/fi\/"},{"@type":"ListItem","position":2,"name":"\u00d6ljy ja kaasu h\u00f6yrykattilat"}]},{"@type":"WebSite","@id":"https:\/\/steam-energy.eu\/#website","url":"https:\/\/steam-energy.eu\/","name":"Biomass steam solutions","description":"","publisher":{"@id":"https:\/\/steam-energy.eu\/#organization"},"potentialAction":[{"@type":"SearchAction","target":{"@type":"EntryPoint","urlTemplate":"https:\/\/steam-energy.eu\/?s={search_term_string}"},"query-input":{"@type":"PropertyValueSpecification","valueRequired":true,"valueName":"search_term_string"}}],"inLanguage":"fi"},{"@type":"Organization","@id":"https:\/\/steam-energy.eu\/#organization","name":"Kateena O\u00dc","url":"https:\/\/steam-energy.eu\/","logo":{"@type":"ImageObject","inLanguage":"fi","@id":"https:\/\/steam-energy.eu\/#\/schema\/logo\/image\/","url":"https:\/\/steam-energy.eu\/wp-content\/uploads\/2022\/10\/logo.png","contentUrl":"https:\/\/steam-energy.eu\/wp-content\/uploads\/2022\/10\/logo.png","width":330,"height":120,"caption":"Kateena O\u00dc"},"image":{"@id":"https:\/\/steam-energy.eu\/#\/schema\/logo\/image\/"}}]}},"_links":{"self":[{"href":"https:\/\/steam-energy.eu\/fi\/wp-json\/wp\/v2\/pages\/629","targetHints":{"allow":["GET"]}}],"collection":[{"href":"https:\/\/steam-energy.eu\/fi\/wp-json\/wp\/v2\/pages"}],"about":[{"href":"https:\/\/steam-energy.eu\/fi\/wp-json\/wp\/v2\/types\/page"}],"author":[{"embeddable":true,"href":"https:\/\/steam-energy.eu\/fi\/wp-json\/wp\/v2\/users\/1"}],"replies":[{"embeddable":true,"href":"https:\/\/steam-energy.eu\/fi\/wp-json\/wp\/v2\/comments?post=629"}],"version-history":[{"count":3,"href":"https:\/\/steam-energy.eu\/fi\/wp-json\/wp\/v2\/pages\/629\/revisions"}],"predecessor-version":[{"id":633,"href":"https:\/\/steam-energy.eu\/fi\/wp-json\/wp\/v2\/pages\/629\/revisions\/633"}],"wp:attachment":[{"href":"https:\/\/steam-energy.eu\/fi\/wp-json\/wp\/v2\/media?parent=629"}],"curies":[{"name":"wp","href":"https:\/\/api.w.org\/{rel}","templated":true}]}}