{"id":624,"date":"2022-10-21T22:10:38","date_gmt":"2022-10-21T22:10:38","guid":{"rendered":"https:\/\/steam-energy.eu\/biomass-steam-boilers\/"},"modified":"2023-12-10T11:35:50","modified_gmt":"2023-12-10T11:35:50","slug":"bioenergia-hoyrykattilat","status":"publish","type":"page","link":"https:\/\/steam-energy.eu\/fi\/bioenergia-hoyrykattilat\/","title":{"rendered":"Bioenergia h\u00f6yrykattilat"},"content":{"rendered":"<div id='av_section_1'  class='avia-section av-79ag-4dfa4b34efd234a0d446e2b7dfe38649 main_color avia-section-large avia-no-border-styling  avia-builder-el-0  el_before_av_section  avia-builder-el-first  avia-bg-style-scroll container_wrap sidebar_right'  ><div class='container av-section-cont-open' ><main  role=\"main\" itemprop=\"mainContentOfPage\"  class='template-page content  av-content-small alpha units'><div class='post-entry post-entry-type-page post-entry-624'><div class='entry-content-wrapper clearfix'>\n\n<style type=\"text\/css\" data-created_by=\"avia_inline_auto\" id=\"style-css-av-l9j0th1k-a444b54935909003221c30f0d9fd6d61\">\n#top .av-special-heading.av-l9j0th1k-a444b54935909003221c30f0d9fd6d61{\npadding-bottom:0;\nfont-size:45px;\n}\nbody .av-special-heading.av-l9j0th1k-a444b54935909003221c30f0d9fd6d61 .av-special-heading-tag .heading-char{\nfont-size:25px;\n}\n#top #wrap_all .av-special-heading.av-l9j0th1k-a444b54935909003221c30f0d9fd6d61 .av-special-heading-tag{\nfont-size:45px;\n}\n.av-special-heading.av-l9j0th1k-a444b54935909003221c30f0d9fd6d61 .av-subheading{\nfont-size:20px;\n}\n\n@media only screen and (min-width: 480px) and (max-width: 767px){ \n#top #wrap_all .av-special-heading.av-l9j0th1k-a444b54935909003221c30f0d9fd6d61 .av-special-heading-tag{\nfont-size:0.8em;\n}\n}\n\n@media only screen and (max-width: 479px){ \n#top #wrap_all .av-special-heading.av-l9j0th1k-a444b54935909003221c30f0d9fd6d61 .av-special-heading-tag{\nfont-size:0.8em;\n}\n}\n<\/style>\n<div  class='av-special-heading av-l9j0th1k-a444b54935909003221c30f0d9fd6d61 av-special-heading-h1 blockquote modern-quote  avia-builder-el-1  el_before_av_hr  avia-builder-el-first  av-inherit-size'><h1 class='av-special-heading-tag '  itemprop=\"headline\"  >Biomassa h\u00f6yrykattilat<\/h1><div class=\"special-heading-border\"><div class=\"special-heading-inner-border\"><\/div><\/div><\/div>\n<div  class='hr av-4l34-88481eeaf219131e213276355ddb5153 hr-short  avia-builder-el-2  el_after_av_heading  el_before_av_one_third  hr-left'><span class='hr-inner '><span class=\"hr-inner-style\"><\/span><\/span><\/div>\n<div  class='flex_column av-heuq6-85918ab231c674b5bcbf0e6e1b1f3e2d av_one_third  avia-builder-el-3  el_after_av_hr  el_before_av_two_third  first flex_column_div  '     ><style type=\"text\/css\" data-created_by=\"avia_inline_auto\" id=\"style-css-av-l9j1fcem-ad7e3331a1ec52fd1b0c88b410c33bf1\">\n.avia-image-container.av-l9j1fcem-ad7e3331a1ec52fd1b0c88b410c33bf1 img.avia_image{\nbox-shadow:none;\n}\n.avia-image-container.av-l9j1fcem-ad7e3331a1ec52fd1b0c88b410c33bf1 .av-image-caption-overlay-center{\ncolor:#ffffff;\n}\n<\/style>\n<div  class='avia-image-container av-l9j1fcem-ad7e3331a1ec52fd1b0c88b410c33bf1 av-styling- avia-align-center  avia-builder-el-4  avia-builder-el-no-sibling '   itemprop=\"image\" itemscope=\"itemscope\" itemtype=\"https:\/\/schema.org\/ImageObject\" ><div class=\"avia-image-container-inner\"><div class=\"avia-image-overlay-wrap\"><img decoding=\"async\" fetchpriority=\"high\" class='wp-image-625 avia-img-lazy-loading-not-625 avia_image ' src=\"https:\/\/steam-energy.eu\/wp-content\/uploads\/2022\/10\/Fully-automatic-biomass-steam-boilers-1030x702.png\" alt='' title='Fully automatic biomass steam boilers'  height=\"702\" width=\"1030\"  itemprop=\"thumbnailUrl\" srcset=\"https:\/\/steam-energy.eu\/wp-content\/uploads\/2022\/10\/Fully-automatic-biomass-steam-boilers-1030x702.png 1030w, https:\/\/steam-energy.eu\/wp-content\/uploads\/2022\/10\/Fully-automatic-biomass-steam-boilers-300x205.png 300w, https:\/\/steam-energy.eu\/wp-content\/uploads\/2022\/10\/Fully-automatic-biomass-steam-boilers-768x524.png 768w, https:\/\/steam-energy.eu\/wp-content\/uploads\/2022\/10\/Fully-automatic-biomass-steam-boilers-705x481.png 705w, https:\/\/steam-energy.eu\/wp-content\/uploads\/2022\/10\/Fully-automatic-biomass-steam-boilers.png 1241w\" sizes=\"(max-width: 1030px) 100vw, 1030px\" \/><\/div><\/div><\/div><\/div><div  class='flex_column av-9c8ja-d9ee18ee0d3f4b30292101388bbfade1 av_two_third  avia-builder-el-5  el_after_av_one_third  avia-builder-el-last  flex_column_div  '     ><section  class='av_textblock_section av-l9j0tozy-e8b2c19700c1b275f3356add6f3102a8 '   itemscope=\"itemscope\" itemtype=\"https:\/\/schema.org\/CreativeWork\" ><div class='avia_textblock'  itemprop=\"text\" ><p><strong>T\u00e4ysin automaattinen biomassa h\u00f6yrykattila <\/strong><\/p>\n<p><strong>Tuotantom\u00e4\u00e4r\u00e4 100&#8230;3000 kg\/h <\/strong><\/p>\n<p><strong>Paineet 8&#8230;16 bar <\/strong><\/p>\n<p>Pelletti h\u00f6yrykattilamme tuottavat h\u00f6yry\u00e4 alueella 100&#8230;3000 kg\/h. Biomassa h\u00f6yrykattiloissamme on vaakasuora alisy\u00f6tt\u00f6 poltin ja ne ovat t\u00e4ysin automaattisia &#8211; ne on varustettu automaattisella tuhkanpoistolla sek\u00e4 paineuunin puhdistuksella. Kattiloissa on vakiona PLC, joka mahdollistaa my\u00f6s ty\u00f6n et\u00e4valvonnan ja ohjauksen.<\/p>\n<p>Biomassa valikoimaamme kuuluvat my\u00f6s sy\u00f6tt\u00f6veden k\u00e4sittely, savukaasujen k\u00e4sittely sek\u00e4 savupiippu<\/p>\n<p><strong>Sopivat polttoaineet: Hake G30, pelletit, puup\u00f6ly.<\/strong><\/p>\n<p>H\u00f6yrykattiloista tarjoamme my\u00f6s &#8221;hybridi&#8221;-versioita, joissa on maakaasu- tai nestem\u00e4isen polttoaineen poltin, joten niiss\u00e4 on mahdollista k\u00e4ytt\u00e4\u00e4 joko biomassaa taikka nestem\u00e4isi\u00e4\/kaasumaisia polttoaineita.<\/p>\n<p><strong>Tekninen ratkaisu<\/strong><\/p>\n<p>Meid\u00e4n pellettih\u00f6yrykattilamme voivat toimia joko stokeripolttimella tai liikkuvilla risteill\u00e4 toimivalla polttimella. Polttoilma jaetaan ensisijaisesti ja toissijaisesti. Savukaasujen osa puhdistetaan pneumaattisesti. H\u00f6yrykattilan l\u00e4mm\u00f6nvaihtopinta on suuri, ja kattilan p\u00e4\u00e4lle voidaan asentaa erityinen separaattori, jotta varmistetaan kuiva h\u00f6yry teollisuudelle. Lis\u00e4ksi tarjoamme t\u00e4ydellisen ratkaisun asianmukaisen sy\u00f6tt\u00f6veden saavuttamiseksi &#8211; vedenpehmentimet, sy\u00f6tt\u00f6veden termisen deaeroinnin (deaeraattori), k\u00e4\u00e4nteisosmoosi.<\/p>\n<\/div><\/section><\/div><\/div><\/div><\/main><!-- close content main element --><\/div><\/div><div id='av_section_2'  class='avia-section av-b20au-4bc196102b630c27e335ef8a68329a72 main_color avia-section-default avia-no-border-styling  avia-builder-el-7  el_after_av_section  avia-builder-el-last  avia-bg-style-scroll container_wrap sidebar_right'  ><div class='container av-section-cont-open' ><div class='template-page content  av-content-small alpha units'><div class='post-entry post-entry-type-page post-entry-624'><div class='entry-content-wrapper clearfix'>\n<div id='av-masonry-1' class='av-masonry av-l9j1pvse-d2b995c50dadb0ed819707ba46bec408 noHover av-fixed-size av-large-gap av-hover-overlay- av-masonry-animation- av-masonry-col-flexible av-caption-always av-caption-style- av-masonry-gallery ' data-post_id=\"624\"><div class=\"av-masonry-container isotope av-js-disabled\"><div class='av-masonry-entry isotope-item av-masonry-item-no-image '><\/div><a href=\"https:\/\/steam-energy.eu\/wp-content\/uploads\/2022\/10\/5-1-3-1030x921.jpg\" data-srcset=\"https:\/\/steam-energy.eu\/wp-content\/uploads\/2022\/10\/5-1-3-1030x921.jpg 1030w, https:\/\/steam-energy.eu\/wp-content\/uploads\/2022\/10\/5-1-3-300x268.jpg 300w, https:\/\/steam-energy.eu\/wp-content\/uploads\/2022\/10\/5-1-3-768x687.jpg 768w, https:\/\/steam-energy.eu\/wp-content\/uploads\/2022\/10\/5-1-3-705x631.jpg 705w, https:\/\/steam-energy.eu\/wp-content\/uploads\/2022\/10\/5-1-3.jpg 1129w\" data-sizes=\"(max-width: 1030px) 100vw, 1030px\"  aria-label=\"image 5 (1)-3\"  id='av-masonry-1-item-741' data-av-masonry-item='741' class='av-masonry-entry isotope-item post-741 attachment type-attachment status-inherit hentry  av-masonry-item-with-image' title=\"5 (1)-3\" alt=\"\"    itemprop=\"thumbnailUrl\" ><div class='av-inner-masonry-sizer'><\/div><figure class='av-inner-masonry main_color'><div class=\"av-masonry-outerimage-container\"><div class='av-masonry-image-container' style=\"background-image: url(https:\/\/steam-energy.eu\/wp-content\/uploads\/2022\/10\/5-1-3-705x631.jpg);\"  title=\"5 (1)-3\" ><\/div><\/div><\/figure><\/a><!--end av-masonry entry--><a href=\"https:\/\/steam-energy.eu\/wp-content\/uploads\/2022\/10\/11-3-1030x702.png\" data-srcset=\"https:\/\/steam-energy.eu\/wp-content\/uploads\/2022\/10\/11-3-1030x702.png 1030w, https:\/\/steam-energy.eu\/wp-content\/uploads\/2022\/10\/11-3-300x205.png 300w, https:\/\/steam-energy.eu\/wp-content\/uploads\/2022\/10\/11-3-768x524.png 768w, https:\/\/steam-energy.eu\/wp-content\/uploads\/2022\/10\/11-3-705x481.png 705w, https:\/\/steam-energy.eu\/wp-content\/uploads\/2022\/10\/11-3.png 1241w\" data-sizes=\"(max-width: 1030px) 100vw, 1030px\"  aria-label=\"image 11-3\"  id='av-masonry-1-item-742' data-av-masonry-item='742' class='av-masonry-entry isotope-item post-742 attachment type-attachment status-inherit hentry  av-masonry-item-with-image' title=\"11-3\" alt=\"\"    itemprop=\"thumbnailUrl\" ><div class='av-inner-masonry-sizer'><\/div><figure class='av-inner-masonry main_color'><div class=\"av-masonry-outerimage-container\"><div class='av-masonry-image-container' style=\"background-image: url(https:\/\/steam-energy.eu\/wp-content\/uploads\/2022\/10\/11-3-705x481.png);\"  title=\"11-3\" ><\/div><\/div><\/figure><\/a><!--end av-masonry entry--><a href=\"https:\/\/steam-energy.eu\/wp-content\/uploads\/2022\/10\/20161102_094125-1-1030x773.jpg\" data-srcset=\"https:\/\/steam-energy.eu\/wp-content\/uploads\/2022\/10\/20161102_094125-1-1030x773.jpg 1030w, https:\/\/steam-energy.eu\/wp-content\/uploads\/2022\/10\/20161102_094125-1-300x225.jpg 300w, https:\/\/steam-energy.eu\/wp-content\/uploads\/2022\/10\/20161102_094125-1-768x576.jpg 768w, https:\/\/steam-energy.eu\/wp-content\/uploads\/2022\/10\/20161102_094125-1-1536x1152.jpg 1536w, https:\/\/steam-energy.eu\/wp-content\/uploads\/2022\/10\/20161102_094125-1-1500x1125.jpg 1500w, https:\/\/steam-energy.eu\/wp-content\/uploads\/2022\/10\/20161102_094125-1-705x529.jpg 705w, https:\/\/steam-energy.eu\/wp-content\/uploads\/2022\/10\/20161102_094125-1.jpg 1600w\" data-sizes=\"(max-width: 1030px) 100vw, 1030px\"  aria-label=\"image 20161102_094125-1\"  id='av-masonry-1-item-743' data-av-masonry-item='743' class='av-masonry-entry isotope-item post-743 attachment type-attachment status-inherit hentry  av-masonry-item-with-image' title=\"20161102_094125-1\" alt=\"\"    itemprop=\"thumbnailUrl\" ><div class='av-inner-masonry-sizer'><\/div><figure class='av-inner-masonry main_color'><div class=\"av-masonry-outerimage-container\"><div class='av-masonry-image-container' style=\"background-image: url(https:\/\/steam-energy.eu\/wp-content\/uploads\/2022\/10\/20161102_094125-1-705x529.jpg);\"  title=\"20161102_094125-1\" ><\/div><\/div><\/figure><\/a><!--end av-masonry entry--><a href=\"https:\/\/steam-energy.eu\/wp-content\/uploads\/2022\/10\/IMG_0245-9-1030x773.jpg\" data-srcset=\"https:\/\/steam-energy.eu\/wp-content\/uploads\/2022\/10\/IMG_0245-9-1030x773.jpg 1030w, https:\/\/steam-energy.eu\/wp-content\/uploads\/2022\/10\/IMG_0245-9-300x225.jpg 300w, https:\/\/steam-energy.eu\/wp-content\/uploads\/2022\/10\/IMG_0245-9-768x576.jpg 768w, https:\/\/steam-energy.eu\/wp-content\/uploads\/2022\/10\/IMG_0245-9-1536x1152.jpg 1536w, https:\/\/steam-energy.eu\/wp-content\/uploads\/2022\/10\/IMG_0245-9-1500x1125.jpg 1500w, https:\/\/steam-energy.eu\/wp-content\/uploads\/2022\/10\/IMG_0245-9-705x529.jpg 705w, https:\/\/steam-energy.eu\/wp-content\/uploads\/2022\/10\/IMG_0245-9.jpg 1600w\" data-sizes=\"(max-width: 1030px) 100vw, 1030px\"  aria-label=\"image IMG_0245-9\"  id='av-masonry-1-item-744' data-av-masonry-item='744' class='av-masonry-entry isotope-item post-744 attachment type-attachment status-inherit hentry  av-masonry-item-with-image' title=\"IMG_0245-9\" alt=\"\"    itemprop=\"thumbnailUrl\" ><div class='av-inner-masonry-sizer'><\/div><figure class='av-inner-masonry main_color'><div class=\"av-masonry-outerimage-container\"><div class='av-masonry-image-container' style=\"background-image: url(https:\/\/steam-energy.eu\/wp-content\/uploads\/2022\/10\/IMG_0245-9-705x529.jpg);\"  title=\"IMG_0245-9\" ><\/div><\/div><\/figure><\/a><!--end av-masonry entry--><a href=\"https:\/\/steam-energy.eu\/wp-content\/uploads\/2022\/10\/IMG_0256-9-1030x773.jpg\" data-srcset=\"https:\/\/steam-energy.eu\/wp-content\/uploads\/2022\/10\/IMG_0256-9-1030x773.jpg 1030w, https:\/\/steam-energy.eu\/wp-content\/uploads\/2022\/10\/IMG_0256-9-300x225.jpg 300w, https:\/\/steam-energy.eu\/wp-content\/uploads\/2022\/10\/IMG_0256-9-768x576.jpg 768w, https:\/\/steam-energy.eu\/wp-content\/uploads\/2022\/10\/IMG_0256-9-1536x1152.jpg 1536w, https:\/\/steam-energy.eu\/wp-content\/uploads\/2022\/10\/IMG_0256-9-1500x1125.jpg 1500w, https:\/\/steam-energy.eu\/wp-content\/uploads\/2022\/10\/IMG_0256-9-705x529.jpg 705w, https:\/\/steam-energy.eu\/wp-content\/uploads\/2022\/10\/IMG_0256-9.jpg 1600w\" data-sizes=\"(max-width: 1030px) 100vw, 1030px\"  aria-label=\"image IMG_0256-9\"  id='av-masonry-1-item-745' data-av-masonry-item='745' class='av-masonry-entry isotope-item post-745 attachment type-attachment status-inherit hentry  av-masonry-item-with-image' title=\"IMG_0256-9\" alt=\"\"    itemprop=\"thumbnailUrl\" ><div class='av-inner-masonry-sizer'><\/div><figure class='av-inner-masonry main_color'><div class=\"av-masonry-outerimage-container\"><div class='av-masonry-image-container' style=\"background-image: url(https:\/\/steam-energy.eu\/wp-content\/uploads\/2022\/10\/IMG_0256-9-705x529.jpg);\"  title=\"IMG_0256-9\" ><\/div><\/div><\/figure><\/a><!--end av-masonry entry--><a href=\"https:\/\/steam-energy.eu\/wp-content\/uploads\/2022\/10\/Layout-plan2-6-1030x796.jpg\" data-srcset=\"https:\/\/steam-energy.eu\/wp-content\/uploads\/2022\/10\/Layout-plan2-6-1030x796.jpg 1030w, https:\/\/steam-energy.eu\/wp-content\/uploads\/2022\/10\/Layout-plan2-6-300x232.jpg 300w, https:\/\/steam-energy.eu\/wp-content\/uploads\/2022\/10\/Layout-plan2-6-768x593.jpg 768w, https:\/\/steam-energy.eu\/wp-content\/uploads\/2022\/10\/Layout-plan2-6-1536x1186.jpg 1536w, https:\/\/steam-energy.eu\/wp-content\/uploads\/2022\/10\/Layout-plan2-6-1500x1159.jpg 1500w, https:\/\/steam-energy.eu\/wp-content\/uploads\/2022\/10\/Layout-plan2-6-705x545.jpg 705w, https:\/\/steam-energy.eu\/wp-content\/uploads\/2022\/10\/Layout-plan2-6.jpg 1600w\" data-sizes=\"(max-width: 1030px) 100vw, 1030px\"  aria-label=\"image Layout plan2-6\"  id='av-masonry-1-item-746' data-av-masonry-item='746' class='av-masonry-entry isotope-item post-746 attachment type-attachment status-inherit hentry  av-masonry-item-with-image' title=\"Layout plan2-6\" alt=\"\"    itemprop=\"thumbnailUrl\" ><div class='av-inner-masonry-sizer'><\/div><figure class='av-inner-masonry main_color'><div class=\"av-masonry-outerimage-container\"><div class='av-masonry-image-container' style=\"background-image: url(https:\/\/steam-energy.eu\/wp-content\/uploads\/2022\/10\/Layout-plan2-6-705x545.jpg);\"  title=\"Layout plan2-6\" ><\/div><\/div><\/figure><\/a><!--end av-masonry entry--><\/div><\/div>\n<\/div><\/div><\/div><!-- close content main div --><\/div><\/div><div id='after_section_2'  class='main_color av_default_container_wrap container_wrap sidebar_right'  ><div class='container av-section-cont-open' ><div class='template-page content  av-content-small alpha units'><div class='post-entry post-entry-type-page post-entry-624'><div class='entry-content-wrapper clearfix'><\/p>\n","protected":false},"excerpt":{"rendered":"","protected":false},"author":1,"featured_media":0,"parent":0,"menu_order":0,"comment_status":"closed","ping_status":"closed","template":"","meta":{"footnotes":""},"class_list":["post-624","page","type-page","status-publish","hentry"],"yoast_head":"<!-- This site is optimized with the Yoast SEO plugin v26.4 - https:\/\/yoast.com\/wordpress\/plugins\/seo\/ -->\n<title>Bioenergia h\u00f6yrykattilat - Biomass steam solutions<\/title>\n<meta name=\"description\" content=\"H\u00f6yry\u00e4 teollisuudelle, edullisesti ja uusiutuvasta energiasta. H\u00f6yry ja l\u00e4mp\u00f6energia teollisuudelle, edullisesti ja uusiutuvasta energiasta.\" \/>\n<meta name=\"robots\" content=\"index, follow, max-snippet:-1, max-image-preview:large, max-video-preview:-1\" \/>\n<link rel=\"canonical\" href=\"https:\/\/www.steam-energy.eu\/fi\/bioenergia-hoyrykattilat\/\" \/>\n<meta property=\"og:locale\" content=\"fi_FI\" \/>\n<meta property=\"og:type\" content=\"article\" \/>\n<meta property=\"og:title\" content=\"Bioenergia h\u00f6yrykattilat - Biomass steam solutions\" \/>\n<meta property=\"og:description\" content=\"H\u00f6yry\u00e4 teollisuudelle, edullisesti ja uusiutuvasta energiasta. H\u00f6yry ja l\u00e4mp\u00f6energia teollisuudelle, edullisesti ja uusiutuvasta energiasta.\" \/>\n<meta property=\"og:url\" content=\"https:\/\/www.steam-energy.eu\/fi\/bioenergia-hoyrykattilat\/\" \/>\n<meta property=\"og:site_name\" content=\"Biomass steam solutions\" \/>\n<meta property=\"article:modified_time\" content=\"2023-12-10T11:35:50+00:00\" \/>\n<meta name=\"twitter:card\" content=\"summary_large_image\" \/>\n<meta name=\"twitter:label1\" content=\"Arvioitu lukuaika\" \/>\n\t<meta name=\"twitter:data1\" content=\"4 minuuttia\" \/>\n<script type=\"application\/ld+json\" class=\"yoast-schema-graph\">{\"@context\":\"https:\/\/schema.org\",\"@graph\":[{\"@type\":\"WebPage\",\"@id\":\"https:\/\/www.steam-energy.eu\/fi\/bioenergia-hoyrykattilat\/\",\"url\":\"https:\/\/www.steam-energy.eu\/fi\/bioenergia-hoyrykattilat\/\",\"name\":\"Bioenergia h\u00f6yrykattilat - Biomass steam solutions\",\"isPartOf\":{\"@id\":\"https:\/\/steam-energy.eu\/#website\"},\"datePublished\":\"2022-10-21T22:10:38+00:00\",\"dateModified\":\"2023-12-10T11:35:50+00:00\",\"description\":\"H\u00f6yry\u00e4 teollisuudelle, edullisesti ja uusiutuvasta energiasta. H\u00f6yry ja l\u00e4mp\u00f6energia teollisuudelle, edullisesti ja uusiutuvasta energiasta.\",\"breadcrumb\":{\"@id\":\"https:\/\/www.steam-energy.eu\/fi\/bioenergia-hoyrykattilat\/#breadcrumb\"},\"inLanguage\":\"fi\",\"potentialAction\":[{\"@type\":\"ReadAction\",\"target\":[\"https:\/\/www.steam-energy.eu\/fi\/bioenergia-hoyrykattilat\/\"]}]},{\"@type\":\"BreadcrumbList\",\"@id\":\"https:\/\/www.steam-energy.eu\/fi\/bioenergia-hoyrykattilat\/#breadcrumb\",\"itemListElement\":[{\"@type\":\"ListItem\",\"position\":1,\"name\":\"Home\",\"item\":\"https:\/\/steam-energy.eu\/fi\/\"},{\"@type\":\"ListItem\",\"position\":2,\"name\":\"Bioenergia h\u00f6yrykattilat\"}]},{\"@type\":\"WebSite\",\"@id\":\"https:\/\/steam-energy.eu\/#website\",\"url\":\"https:\/\/steam-energy.eu\/\",\"name\":\"Biomass steam solutions\",\"description\":\"\",\"publisher\":{\"@id\":\"https:\/\/steam-energy.eu\/#organization\"},\"potentialAction\":[{\"@type\":\"SearchAction\",\"target\":{\"@type\":\"EntryPoint\",\"urlTemplate\":\"https:\/\/steam-energy.eu\/?s={search_term_string}\"},\"query-input\":{\"@type\":\"PropertyValueSpecification\",\"valueRequired\":true,\"valueName\":\"search_term_string\"}}],\"inLanguage\":\"fi\"},{\"@type\":\"Organization\",\"@id\":\"https:\/\/steam-energy.eu\/#organization\",\"name\":\"Kateena O\u00dc\",\"url\":\"https:\/\/steam-energy.eu\/\",\"logo\":{\"@type\":\"ImageObject\",\"inLanguage\":\"fi\",\"@id\":\"https:\/\/steam-energy.eu\/#\/schema\/logo\/image\/\",\"url\":\"https:\/\/steam-energy.eu\/wp-content\/uploads\/2022\/10\/logo.png\",\"contentUrl\":\"https:\/\/steam-energy.eu\/wp-content\/uploads\/2022\/10\/logo.png\",\"width\":330,\"height\":120,\"caption\":\"Kateena O\u00dc\"},\"image\":{\"@id\":\"https:\/\/steam-energy.eu\/#\/schema\/logo\/image\/\"}}]}<\/script>\n<!-- \/ Yoast SEO plugin. -->","yoast_head_json":{"title":"Bioenergia h\u00f6yrykattilat - Biomass steam solutions","description":"H\u00f6yry\u00e4 teollisuudelle, edullisesti ja uusiutuvasta energiasta. H\u00f6yry ja l\u00e4mp\u00f6energia teollisuudelle, edullisesti ja uusiutuvasta energiasta.","robots":{"index":"index","follow":"follow","max-snippet":"max-snippet:-1","max-image-preview":"max-image-preview:large","max-video-preview":"max-video-preview:-1"},"canonical":"https:\/\/www.steam-energy.eu\/fi\/bioenergia-hoyrykattilat\/","og_locale":"fi_FI","og_type":"article","og_title":"Bioenergia h\u00f6yrykattilat - Biomass steam solutions","og_description":"H\u00f6yry\u00e4 teollisuudelle, edullisesti ja uusiutuvasta energiasta. H\u00f6yry ja l\u00e4mp\u00f6energia teollisuudelle, edullisesti ja uusiutuvasta energiasta.","og_url":"https:\/\/www.steam-energy.eu\/fi\/bioenergia-hoyrykattilat\/","og_site_name":"Biomass steam solutions","article_modified_time":"2023-12-10T11:35:50+00:00","twitter_card":"summary_large_image","twitter_misc":{"Arvioitu lukuaika":"4 minuuttia"},"schema":{"@context":"https:\/\/schema.org","@graph":[{"@type":"WebPage","@id":"https:\/\/www.steam-energy.eu\/fi\/bioenergia-hoyrykattilat\/","url":"https:\/\/www.steam-energy.eu\/fi\/bioenergia-hoyrykattilat\/","name":"Bioenergia h\u00f6yrykattilat - Biomass steam solutions","isPartOf":{"@id":"https:\/\/steam-energy.eu\/#website"},"datePublished":"2022-10-21T22:10:38+00:00","dateModified":"2023-12-10T11:35:50+00:00","description":"H\u00f6yry\u00e4 teollisuudelle, edullisesti ja uusiutuvasta energiasta. H\u00f6yry ja l\u00e4mp\u00f6energia teollisuudelle, edullisesti ja uusiutuvasta energiasta.","breadcrumb":{"@id":"https:\/\/www.steam-energy.eu\/fi\/bioenergia-hoyrykattilat\/#breadcrumb"},"inLanguage":"fi","potentialAction":[{"@type":"ReadAction","target":["https:\/\/www.steam-energy.eu\/fi\/bioenergia-hoyrykattilat\/"]}]},{"@type":"BreadcrumbList","@id":"https:\/\/www.steam-energy.eu\/fi\/bioenergia-hoyrykattilat\/#breadcrumb","itemListElement":[{"@type":"ListItem","position":1,"name":"Home","item":"https:\/\/steam-energy.eu\/fi\/"},{"@type":"ListItem","position":2,"name":"Bioenergia h\u00f6yrykattilat"}]},{"@type":"WebSite","@id":"https:\/\/steam-energy.eu\/#website","url":"https:\/\/steam-energy.eu\/","name":"Biomass steam solutions","description":"","publisher":{"@id":"https:\/\/steam-energy.eu\/#organization"},"potentialAction":[{"@type":"SearchAction","target":{"@type":"EntryPoint","urlTemplate":"https:\/\/steam-energy.eu\/?s={search_term_string}"},"query-input":{"@type":"PropertyValueSpecification","valueRequired":true,"valueName":"search_term_string"}}],"inLanguage":"fi"},{"@type":"Organization","@id":"https:\/\/steam-energy.eu\/#organization","name":"Kateena O\u00dc","url":"https:\/\/steam-energy.eu\/","logo":{"@type":"ImageObject","inLanguage":"fi","@id":"https:\/\/steam-energy.eu\/#\/schema\/logo\/image\/","url":"https:\/\/steam-energy.eu\/wp-content\/uploads\/2022\/10\/logo.png","contentUrl":"https:\/\/steam-energy.eu\/wp-content\/uploads\/2022\/10\/logo.png","width":330,"height":120,"caption":"Kateena O\u00dc"},"image":{"@id":"https:\/\/steam-energy.eu\/#\/schema\/logo\/image\/"}}]}},"_links":{"self":[{"href":"https:\/\/steam-energy.eu\/fi\/wp-json\/wp\/v2\/pages\/624","targetHints":{"allow":["GET"]}}],"collection":[{"href":"https:\/\/steam-energy.eu\/fi\/wp-json\/wp\/v2\/pages"}],"about":[{"href":"https:\/\/steam-energy.eu\/fi\/wp-json\/wp\/v2\/types\/page"}],"author":[{"embeddable":true,"href":"https:\/\/steam-energy.eu\/fi\/wp-json\/wp\/v2\/users\/1"}],"replies":[{"embeddable":true,"href":"https:\/\/steam-energy.eu\/fi\/wp-json\/wp\/v2\/comments?post=624"}],"version-history":[{"count":5,"href":"https:\/\/steam-energy.eu\/fi\/wp-json\/wp\/v2\/pages\/624\/revisions"}],"predecessor-version":[{"id":740,"href":"https:\/\/steam-energy.eu\/fi\/wp-json\/wp\/v2\/pages\/624\/revisions\/740"}],"wp:attachment":[{"href":"https:\/\/steam-energy.eu\/fi\/wp-json\/wp\/v2\/media?parent=624"}],"curies":[{"name":"wp","href":"https:\/\/api.w.org\/{rel}","templated":true}]}}