{"id":619,"date":"2022-10-21T21:48:47","date_gmt":"2022-10-21T21:48:47","guid":{"rendered":"https:\/\/steam-energy.eu\/steam-boilers\/"},"modified":"2022-11-23T12:10:25","modified_gmt":"2022-11-23T12:10:25","slug":"hoyrykattilat","status":"publish","type":"page","link":"https:\/\/steam-energy.eu\/fi\/hoyrykattilat\/","title":{"rendered":"H\u00f6yrykattilat"},"content":{"rendered":"<div id='av_section_1'  class='avia-section av-79ag-4dfa4b34efd234a0d446e2b7dfe38649 main_color avia-section-large avia-no-border-styling  avia-builder-el-0  avia-builder-el-no-sibling  avia-bg-style-scroll container_wrap sidebar_right'  ><div class='container av-section-cont-open' ><main  role=\"main\" itemprop=\"mainContentOfPage\"  class='template-page content  av-content-small alpha units'><div class='post-entry post-entry-type-page post-entry-619'><div class='entry-content-wrapper clearfix'>\n\n<style type=\"text\/css\" data-created_by=\"avia_inline_auto\" id=\"style-css-av-l9j0th1k-97a259bf111c8fa898c758f9804663cb\">\n#top .av-special-heading.av-l9j0th1k-97a259bf111c8fa898c758f9804663cb{\npadding-bottom:0;\nfont-size:45px;\n}\nbody .av-special-heading.av-l9j0th1k-97a259bf111c8fa898c758f9804663cb .av-special-heading-tag .heading-char{\nfont-size:25px;\n}\n#top #wrap_all .av-special-heading.av-l9j0th1k-97a259bf111c8fa898c758f9804663cb .av-special-heading-tag{\nfont-size:45px;\n}\n.av-special-heading.av-l9j0th1k-97a259bf111c8fa898c758f9804663cb .av-subheading{\nfont-size:20px;\n}\n\n@media only screen and (min-width: 480px) and (max-width: 767px){ \n#top #wrap_all .av-special-heading.av-l9j0th1k-97a259bf111c8fa898c758f9804663cb .av-special-heading-tag{\nfont-size:0.8em;\n}\n}\n\n@media only screen and (max-width: 479px){ \n#top #wrap_all .av-special-heading.av-l9j0th1k-97a259bf111c8fa898c758f9804663cb .av-special-heading-tag{\nfont-size:0.8em;\n}\n}\n<\/style>\n<div  class='av-special-heading av-l9j0th1k-97a259bf111c8fa898c758f9804663cb av-special-heading-h1 blockquote modern-quote  avia-builder-el-1  el_before_av_hr  avia-builder-el-first  av-inherit-size'><h1 class='av-special-heading-tag '  itemprop=\"headline\"  >H\u00f6yrykattilat<\/h1><div class=\"special-heading-border\"><div class=\"special-heading-inner-border\"><\/div><\/div><\/div>\n<div  class='hr av-4l34-88481eeaf219131e213276355ddb5153 hr-short  avia-builder-el-2  el_after_av_heading  el_before_av_textblock  hr-left'><span class='hr-inner '><span class=\"hr-inner-style\"><\/span><\/span><\/div>\n<section  class='av_textblock_section av-l9j0tozy-e8b2c19700c1b275f3356add6f3102a8 '   itemscope=\"itemscope\" itemtype=\"https:\/\/schema.org\/CreativeWork\" ><div class='avia_textblock'  itemprop=\"text\" ><p>P\u00e4\u00e4toimialamme on h\u00f6yry ja tarjoamme asiakkaillemme erilaisia tapoja tuottaa sit\u00e4. Napsauta alla olevia linkkej\u00e4 valitaksesi sinulle sopiva tekniikka.<\/p>\n<p>Biomassaa taikka kaasua\/nestem\u00e4isi\u00e4 polttoaineita k\u00e4ytt\u00e4vien kattiloiden lis\u00e4ksi tarjoamme my\u00f6s hukkal\u00e4mm\u00f6n regenerointih\u00f6yrykattiloita ja kattiloita, jotka k\u00e4ytt\u00e4v\u00e4t s\u00e4hk\u00f6\u00e4 h\u00f6yryn tuottamiseen.<\/p>\n<\/div><\/section>\n<div class='flex_column_table av-156vuk-cd15cd69341e4931e0ee39541c7dea20 sc-av_one_third av-equal-height-column-flextable'><div  class='flex_column av-156vuk-cd15cd69341e4931e0ee39541c7dea20 av_one_third  avia-builder-el-4  el_after_av_textblock  el_before_av_one_third  first flex_column_table_cell av-equal-height-column av-align-top  column-top-margin'     ><p>\n<style type=\"text\/css\" data-created_by=\"avia_inline_auto\" id=\"style-css-av-l9j0xl6z-a8af75b043ee788021e6564fb6ba776b\">\n#top .av-special-heading.av-l9j0xl6z-a8af75b043ee788021e6564fb6ba776b{\npadding-bottom:10px;\n}\nbody .av-special-heading.av-l9j0xl6z-a8af75b043ee788021e6564fb6ba776b .av-special-heading-tag .heading-char{\nfont-size:25px;\n}\n.av-special-heading.av-l9j0xl6z-a8af75b043ee788021e6564fb6ba776b .av-subheading{\nfont-size:15px;\n}\n<\/style>\n<div  class='av-special-heading av-l9j0xl6z-a8af75b043ee788021e6564fb6ba776b av-special-heading-h3 blockquote modern-quote  avia-builder-el-5  el_before_av_hr  avia-builder-el-first '><h3 class='av-special-heading-tag '  itemprop=\"headline\"  >Biomassa h\u00f6yrykattilat 100&#8230;3000 kg\/h<\/h3><div class=\"special-heading-border\"><div class=\"special-heading-inner-border\"><\/div><\/div><\/div><br \/>\n\n<style type=\"text\/css\" data-created_by=\"avia_inline_auto\" id=\"style-css-av-gkwsc-e49a70edc39b8975918bec2b54b8386b\">\n#top .hr.hr-invisible.av-gkwsc-e49a70edc39b8975918bec2b54b8386b{\nheight:15px;\n}\n<\/style>\n<div  class='hr av-gkwsc-e49a70edc39b8975918bec2b54b8386b hr-invisible  avia-builder-el-6  el_after_av_heading  el_before_av_image '><span class='hr-inner '><span class=\"hr-inner-style\"><\/span><\/span><\/div><br \/>\n\n<style type=\"text\/css\" data-created_by=\"avia_inline_auto\" id=\"style-css-av-xkq90-ddbdccb64b08a7bf2b8fb1013aa786d8\">\n.avia-image-container.av-xkq90-ddbdccb64b08a7bf2b8fb1013aa786d8 img.avia_image{\nbox-shadow:none;\n}\n.avia-image-container.av-xkq90-ddbdccb64b08a7bf2b8fb1013aa786d8 .av-image-caption-overlay-center{\ncolor:#ffffff;\n}\n<\/style>\n<div  class='avia-image-container av-xkq90-ddbdccb64b08a7bf2b8fb1013aa786d8 av-styling- avia-align-center  avia-builder-el-7  el_after_av_hr  avia-builder-el-last '   itemprop=\"image\" itemscope=\"itemscope\" itemtype=\"https:\/\/schema.org\/ImageObject\" ><div class=\"avia-image-container-inner\"><div class=\"avia-image-overlay-wrap\"><img decoding=\"async\" fetchpriority=\"high\" class='wp-image-620 avia-img-lazy-loading-not-620 avia_image ' src=\"https:\/\/www.steam-energy.eu\/wp-content\/uploads\/2022\/10\/Biomass-steam-boilers-100...3000-kgh-495x400.jpg\" alt='' title='Biomass steam boilers 100...3000 kg\/h'  height=\"400\" width=\"495\"  itemprop=\"thumbnailUrl\" srcset=\"https:\/\/www.steam-energy.eu\/wp-content\/uploads\/2022\/10\/Biomass-steam-boilers-100...3000-kgh-495x400.jpg 495w, https:\/\/www.steam-energy.eu\/wp-content\/uploads\/2022\/10\/Biomass-steam-boilers-100...3000-kgh-845x684.jpg 845w\" sizes=\"(max-width: 495px) 100vw, 495px\" \/><\/div><\/div><\/div><\/p><\/div><div class='av-flex-placeholder'><\/div><div  class='flex_column av-pec98-fecadd4e17f7051b010a636541a0c7bb av_one_third  avia-builder-el-8  el_after_av_one_third  el_before_av_one_third  flex_column_table_cell av-equal-height-column av-align-top  column-top-margin'     ><p>\n<style type=\"text\/css\" data-created_by=\"avia_inline_auto\" id=\"style-css-av-l9j0xqwk-d5bb3deb4c35b7938806c9b2eceb4d60\">\n#top .av-special-heading.av-l9j0xqwk-d5bb3deb4c35b7938806c9b2eceb4d60{\npadding-bottom:10px;\n}\nbody .av-special-heading.av-l9j0xqwk-d5bb3deb4c35b7938806c9b2eceb4d60 .av-special-heading-tag .heading-char{\nfont-size:25px;\n}\n.av-special-heading.av-l9j0xqwk-d5bb3deb4c35b7938806c9b2eceb4d60 .av-subheading{\nfont-size:15px;\n}\n<\/style>\n<div  class='av-special-heading av-l9j0xqwk-d5bb3deb4c35b7938806c9b2eceb4d60 av-special-heading-h3 blockquote modern-quote  avia-builder-el-9  el_before_av_hr  avia-builder-el-first '><h3 class='av-special-heading-tag '  itemprop=\"headline\"  >Kaasu \/ nestem\u00e4inen polttoaine -h\u00f6yrykattilat 100&#8230;32 000 kg\/h<\/h3><div class=\"special-heading-border\"><div class=\"special-heading-inner-border\"><\/div><\/div><\/div><br \/>\n\n<style type=\"text\/css\" data-created_by=\"avia_inline_auto\" id=\"style-css-av-l9j125os-5cefe42a6c5334b6d2108819e034204a\">\n#top .hr.hr-invisible.av-l9j125os-5cefe42a6c5334b6d2108819e034204a{\nheight:15px;\n}\n<\/style>\n<div  class='hr av-l9j125os-5cefe42a6c5334b6d2108819e034204a hr-invisible  avia-builder-el-10  el_after_av_heading  el_before_av_image '><span class='hr-inner '><span class=\"hr-inner-style\"><\/span><\/span><\/div><br \/>\n\n<style type=\"text\/css\" data-created_by=\"avia_inline_auto\" id=\"style-css-av-lsgbw-d69c60971a9d29fea83955b62f201bac\">\n.avia-image-container.av-lsgbw-d69c60971a9d29fea83955b62f201bac img.avia_image{\nbox-shadow:none;\n}\n.avia-image-container.av-lsgbw-d69c60971a9d29fea83955b62f201bac .av-image-caption-overlay-center{\ncolor:#ffffff;\n}\n<\/style>\n<div  class='avia-image-container av-lsgbw-d69c60971a9d29fea83955b62f201bac av-styling- avia-align-center  avia-builder-el-11  el_after_av_hr  avia-builder-el-last '   itemprop=\"image\" itemscope=\"itemscope\" itemtype=\"https:\/\/schema.org\/ImageObject\" ><div class=\"avia-image-container-inner\"><div class=\"avia-image-overlay-wrap\"><img decoding=\"async\" fetchpriority=\"high\" class='wp-image-473 avia-img-lazy-loading-not-473 avia_image ' src=\"https:\/\/www.steam-energy.eu\/wp-content\/uploads\/2022\/10\/Gas-liquid-fuel-steam-boilers-100-32-000-kgh-495x400.jpg\" alt='Gas\/liquid fuel steam boilers 100...32 000 kg\/h' title='Gas\/liquid fuel steam boilers 100...32 000 kg\/h'  height=\"400\" width=\"495\"  itemprop=\"thumbnailUrl\"  \/><\/div><\/div><\/div><\/p><\/div><div class='av-flex-placeholder'><\/div><div  class='flex_column av-emwq4-4b28f34293d2f51a67457977d42e7851 av_one_third  avia-builder-el-12  el_after_av_one_third  avia-builder-el-last  flex_column_table_cell av-equal-height-column av-align-top  column-top-margin'     ><p>\n<style type=\"text\/css\" data-created_by=\"avia_inline_auto\" id=\"style-css-av-l9j0xv7q-7b15be53c141e8aa18f62b3152c5d09c\">\n#top .av-special-heading.av-l9j0xv7q-7b15be53c141e8aa18f62b3152c5d09c{\npadding-bottom:10px;\n}\nbody .av-special-heading.av-l9j0xv7q-7b15be53c141e8aa18f62b3152c5d09c .av-special-heading-tag .heading-char{\nfont-size:25px;\n}\n.av-special-heading.av-l9j0xv7q-7b15be53c141e8aa18f62b3152c5d09c .av-subheading{\nfont-size:15px;\n}\n<\/style>\n<div  class='av-special-heading av-l9j0xv7q-7b15be53c141e8aa18f62b3152c5d09c av-special-heading-h3 blockquote modern-quote  avia-builder-el-13  el_before_av_hr  avia-builder-el-first '><h3 class='av-special-heading-tag '  itemprop=\"headline\"  >H\u00f6yrykattila-kontit<\/h3><div class=\"special-heading-border\"><div class=\"special-heading-inner-border\"><\/div><\/div><\/div><br \/>\n\n<style type=\"text\/css\" data-created_by=\"avia_inline_auto\" id=\"style-css-av-aqipo-70c73f5b144b2f5bfac14c95200ea20e\">\n#top .hr.hr-invisible.av-aqipo-70c73f5b144b2f5bfac14c95200ea20e{\nheight:15px;\n}\n<\/style>\n<div  class='hr av-aqipo-70c73f5b144b2f5bfac14c95200ea20e hr-invisible  avia-builder-el-14  el_after_av_heading  el_before_av_image '><span class='hr-inner '><span class=\"hr-inner-style\"><\/span><\/span><\/div><br \/>\n\n<style type=\"text\/css\" data-created_by=\"avia_inline_auto\" id=\"style-css-av-12gmc-be69e20c5c074b830cbb822b961c339f\">\n.avia-image-container.av-12gmc-be69e20c5c074b830cbb822b961c339f img.avia_image{\nbox-shadow:none;\n}\n.avia-image-container.av-12gmc-be69e20c5c074b830cbb822b961c339f .av-image-caption-overlay-center{\ncolor:#ffffff;\n}\n<\/style>\n<div  class='avia-image-container av-12gmc-be69e20c5c074b830cbb822b961c339f av-styling- avia-align-center  avia-builder-el-15  el_after_av_hr  avia-builder-el-last '   itemprop=\"image\" itemscope=\"itemscope\" itemtype=\"https:\/\/schema.org\/ImageObject\" ><div class=\"avia-image-container-inner\"><div class=\"avia-image-overlay-wrap\"><img decoding=\"async\" fetchpriority=\"high\" class='wp-image-472 avia-img-lazy-loading-not-472 avia_image ' src=\"https:\/\/www.steam-energy.eu\/wp-content\/uploads\/2022\/10\/Container-boiler-houses-495x400.jpg\" alt='Container boiler houses' title='Container boiler houses'  height=\"400\" width=\"495\"  itemprop=\"thumbnailUrl\"  \/><\/div><\/div><\/div><\/p><\/div><\/div><!--close column table wrapper. Autoclose: 1 --><\/div><\/div><\/main><!-- close content main element --><\/div><\/div><div id='after_section_1'  class='main_color av_default_container_wrap container_wrap sidebar_right'  ><div class='container av-section-cont-open' ><div class='template-page content  av-content-small alpha units'><div class='post-entry post-entry-type-page post-entry-619'><div class='entry-content-wrapper clearfix'>\n","protected":false},"excerpt":{"rendered":"","protected":false},"author":1,"featured_media":0,"parent":0,"menu_order":0,"comment_status":"closed","ping_status":"closed","template":"","meta":{"footnotes":""},"class_list":["post-619","page","type-page","status-publish","hentry"],"yoast_head":"<!-- This site is optimized with the Yoast SEO plugin v26.4 - https:\/\/yoast.com\/wordpress\/plugins\/seo\/ -->\n<title>H\u00f6yrykattilat - Biomass steam solutions<\/title>\n<meta name=\"robots\" content=\"index, follow, max-snippet:-1, max-image-preview:large, max-video-preview:-1\" \/>\n<link rel=\"canonical\" href=\"https:\/\/www.steam-energy.eu\/fi\/hoyrykattilat\/\" \/>\n<meta property=\"og:locale\" content=\"fi_FI\" \/>\n<meta property=\"og:type\" content=\"article\" \/>\n<meta property=\"og:title\" content=\"H\u00f6yrykattilat - Biomass steam solutions\" \/>\n<meta property=\"og:url\" content=\"https:\/\/www.steam-energy.eu\/fi\/hoyrykattilat\/\" \/>\n<meta property=\"og:site_name\" content=\"Biomass steam solutions\" \/>\n<meta property=\"article:modified_time\" content=\"2022-11-23T12:10:25+00:00\" \/>\n<meta name=\"twitter:card\" content=\"summary_large_image\" \/>\n<meta name=\"twitter:label1\" content=\"Arvioitu lukuaika\" \/>\n\t<meta name=\"twitter:data1\" content=\"5 minuuttia\" \/>\n<script type=\"application\/ld+json\" class=\"yoast-schema-graph\">{\"@context\":\"https:\/\/schema.org\",\"@graph\":[{\"@type\":\"WebPage\",\"@id\":\"https:\/\/www.steam-energy.eu\/fi\/hoyrykattilat\/\",\"url\":\"https:\/\/www.steam-energy.eu\/fi\/hoyrykattilat\/\",\"name\":\"H\u00f6yrykattilat - Biomass steam solutions\",\"isPartOf\":{\"@id\":\"https:\/\/steam-energy.eu\/et\/#website\"},\"datePublished\":\"2022-10-21T21:48:47+00:00\",\"dateModified\":\"2022-11-23T12:10:25+00:00\",\"breadcrumb\":{\"@id\":\"https:\/\/www.steam-energy.eu\/fi\/hoyrykattilat\/#breadcrumb\"},\"inLanguage\":\"fi\",\"potentialAction\":[{\"@type\":\"ReadAction\",\"target\":[\"https:\/\/www.steam-energy.eu\/fi\/hoyrykattilat\/\"]}]},{\"@type\":\"BreadcrumbList\",\"@id\":\"https:\/\/www.steam-energy.eu\/fi\/hoyrykattilat\/#breadcrumb\",\"itemListElement\":[{\"@type\":\"ListItem\",\"position\":1,\"name\":\"Home\",\"item\":\"https:\/\/steam-energy.eu\/fi\/\"},{\"@type\":\"ListItem\",\"position\":2,\"name\":\"H\u00f6yrykattilat\"}]},{\"@type\":\"WebSite\",\"@id\":\"https:\/\/steam-energy.eu\/et\/#website\",\"url\":\"https:\/\/steam-energy.eu\/et\/\",\"name\":\"Biomass steam solutions\",\"description\":\"\",\"publisher\":{\"@id\":\"https:\/\/steam-energy.eu\/et\/#organization\"},\"potentialAction\":[{\"@type\":\"SearchAction\",\"target\":{\"@type\":\"EntryPoint\",\"urlTemplate\":\"https:\/\/steam-energy.eu\/et\/?s={search_term_string}\"},\"query-input\":{\"@type\":\"PropertyValueSpecification\",\"valueRequired\":true,\"valueName\":\"search_term_string\"}}],\"inLanguage\":\"fi\"},{\"@type\":\"Organization\",\"@id\":\"https:\/\/steam-energy.eu\/et\/#organization\",\"name\":\"Kateena O\u00dc\",\"url\":\"https:\/\/steam-energy.eu\/et\/\",\"logo\":{\"@type\":\"ImageObject\",\"inLanguage\":\"fi\",\"@id\":\"https:\/\/steam-energy.eu\/et\/#\/schema\/logo\/image\/\",\"url\":\"https:\/\/steam-energy.eu\/wp-content\/uploads\/2022\/10\/logo.png\",\"contentUrl\":\"https:\/\/steam-energy.eu\/wp-content\/uploads\/2022\/10\/logo.png\",\"width\":330,\"height\":120,\"caption\":\"Kateena O\u00dc\"},\"image\":{\"@id\":\"https:\/\/steam-energy.eu\/et\/#\/schema\/logo\/image\/\"}}]}<\/script>\n<!-- \/ Yoast SEO plugin. -->","yoast_head_json":{"title":"H\u00f6yrykattilat - Biomass steam solutions","robots":{"index":"index","follow":"follow","max-snippet":"max-snippet:-1","max-image-preview":"max-image-preview:large","max-video-preview":"max-video-preview:-1"},"canonical":"https:\/\/www.steam-energy.eu\/fi\/hoyrykattilat\/","og_locale":"fi_FI","og_type":"article","og_title":"H\u00f6yrykattilat - Biomass steam solutions","og_url":"https:\/\/www.steam-energy.eu\/fi\/hoyrykattilat\/","og_site_name":"Biomass steam solutions","article_modified_time":"2022-11-23T12:10:25+00:00","twitter_card":"summary_large_image","twitter_misc":{"Arvioitu lukuaika":"5 minuuttia"},"schema":{"@context":"https:\/\/schema.org","@graph":[{"@type":"WebPage","@id":"https:\/\/www.steam-energy.eu\/fi\/hoyrykattilat\/","url":"https:\/\/www.steam-energy.eu\/fi\/hoyrykattilat\/","name":"H\u00f6yrykattilat - Biomass steam solutions","isPartOf":{"@id":"https:\/\/steam-energy.eu\/et\/#website"},"datePublished":"2022-10-21T21:48:47+00:00","dateModified":"2022-11-23T12:10:25+00:00","breadcrumb":{"@id":"https:\/\/www.steam-energy.eu\/fi\/hoyrykattilat\/#breadcrumb"},"inLanguage":"fi","potentialAction":[{"@type":"ReadAction","target":["https:\/\/www.steam-energy.eu\/fi\/hoyrykattilat\/"]}]},{"@type":"BreadcrumbList","@id":"https:\/\/www.steam-energy.eu\/fi\/hoyrykattilat\/#breadcrumb","itemListElement":[{"@type":"ListItem","position":1,"name":"Home","item":"https:\/\/steam-energy.eu\/fi\/"},{"@type":"ListItem","position":2,"name":"H\u00f6yrykattilat"}]},{"@type":"WebSite","@id":"https:\/\/steam-energy.eu\/et\/#website","url":"https:\/\/steam-energy.eu\/et\/","name":"Biomass steam solutions","description":"","publisher":{"@id":"https:\/\/steam-energy.eu\/et\/#organization"},"potentialAction":[{"@type":"SearchAction","target":{"@type":"EntryPoint","urlTemplate":"https:\/\/steam-energy.eu\/et\/?s={search_term_string}"},"query-input":{"@type":"PropertyValueSpecification","valueRequired":true,"valueName":"search_term_string"}}],"inLanguage":"fi"},{"@type":"Organization","@id":"https:\/\/steam-energy.eu\/et\/#organization","name":"Kateena O\u00dc","url":"https:\/\/steam-energy.eu\/et\/","logo":{"@type":"ImageObject","inLanguage":"fi","@id":"https:\/\/steam-energy.eu\/et\/#\/schema\/logo\/image\/","url":"https:\/\/steam-energy.eu\/wp-content\/uploads\/2022\/10\/logo.png","contentUrl":"https:\/\/steam-energy.eu\/wp-content\/uploads\/2022\/10\/logo.png","width":330,"height":120,"caption":"Kateena O\u00dc"},"image":{"@id":"https:\/\/steam-energy.eu\/et\/#\/schema\/logo\/image\/"}}]}},"_links":{"self":[{"href":"https:\/\/steam-energy.eu\/fi\/wp-json\/wp\/v2\/pages\/619","targetHints":{"allow":["GET"]}}],"collection":[{"href":"https:\/\/steam-energy.eu\/fi\/wp-json\/wp\/v2\/pages"}],"about":[{"href":"https:\/\/steam-energy.eu\/fi\/wp-json\/wp\/v2\/types\/page"}],"author":[{"embeddable":true,"href":"https:\/\/steam-energy.eu\/fi\/wp-json\/wp\/v2\/users\/1"}],"replies":[{"embeddable":true,"href":"https:\/\/steam-energy.eu\/fi\/wp-json\/wp\/v2\/comments?post=619"}],"version-history":[{"count":3,"href":"https:\/\/steam-energy.eu\/fi\/wp-json\/wp\/v2\/pages\/619\/revisions"}],"predecessor-version":[{"id":785,"href":"https:\/\/steam-energy.eu\/fi\/wp-json\/wp\/v2\/pages\/619\/revisions\/785"}],"wp:attachment":[{"href":"https:\/\/steam-energy.eu\/fi\/wp-json\/wp\/v2\/media?parent=619"}],"curies":[{"name":"wp","href":"https:\/\/api.w.org\/{rel}","templated":true}]}}