{"id":606,"date":"2022-10-21T23:57:12","date_gmt":"2022-10-21T23:57:12","guid":{"rendered":"https:\/\/steam-energy.eu\/feedwater-tanks\/"},"modified":"2022-11-23T11:48:28","modified_gmt":"2022-11-23T11:48:28","slug":"syottovesi-tankki","status":"publish","type":"page","link":"https:\/\/steam-energy.eu\/fi\/syottovesi-tankki\/","title":{"rendered":"Sy\u00f6tt\u00f6vesi tankki"},"content":{"rendered":"<div id='av_section_1'  class='avia-section av-79ag-4dfa4b34efd234a0d446e2b7dfe38649 main_color avia-section-large avia-no-border-styling  avia-builder-el-0  avia-builder-el-no-sibling  avia-bg-style-scroll container_wrap sidebar_right'  ><div class='container av-section-cont-open' ><main  role=\"main\" itemprop=\"mainContentOfPage\"  class='template-page content  av-content-small alpha units'><div class='post-entry post-entry-type-page post-entry-606'><div class='entry-content-wrapper clearfix'>\n\n<style type=\"text\/css\" data-created_by=\"avia_inline_auto\" id=\"style-css-av-l9j0th1k-6af19a4341f750021d3a4b2d9943cd2e\">\n#top .av-special-heading.av-l9j0th1k-6af19a4341f750021d3a4b2d9943cd2e{\npadding-bottom:0;\nfont-size:45px;\n}\nbody .av-special-heading.av-l9j0th1k-6af19a4341f750021d3a4b2d9943cd2e .av-special-heading-tag .heading-char{\nfont-size:25px;\n}\n#top #wrap_all .av-special-heading.av-l9j0th1k-6af19a4341f750021d3a4b2d9943cd2e .av-special-heading-tag{\nfont-size:45px;\n}\n.av-special-heading.av-l9j0th1k-6af19a4341f750021d3a4b2d9943cd2e .av-subheading{\nfont-size:20px;\n}\n\n@media only screen and (min-width: 480px) and (max-width: 767px){ \n#top #wrap_all .av-special-heading.av-l9j0th1k-6af19a4341f750021d3a4b2d9943cd2e .av-special-heading-tag{\nfont-size:0.8em;\n}\n}\n\n@media only screen and (max-width: 479px){ \n#top #wrap_all .av-special-heading.av-l9j0th1k-6af19a4341f750021d3a4b2d9943cd2e .av-special-heading-tag{\nfont-size:0.8em;\n}\n}\n<\/style>\n<div  class='av-special-heading av-l9j0th1k-6af19a4341f750021d3a4b2d9943cd2e av-special-heading-h1 blockquote modern-quote  avia-builder-el-1  el_before_av_hr  avia-builder-el-first  av-inherit-size'><h1 class='av-special-heading-tag '  itemprop=\"headline\"  >Sy\u00f6tt\u00f6vesi tankki<\/h1><div class=\"special-heading-border\"><div class=\"special-heading-inner-border\"><\/div><\/div><\/div>\n<div  class='hr av-4l34-88481eeaf219131e213276355ddb5153 hr-short  avia-builder-el-2  el_after_av_heading  el_before_av_two_fifth  hr-left'><span class='hr-inner '><span class=\"hr-inner-style\"><\/span><\/span><\/div>\n<div  class='flex_column av-dhtm3-f20de02e24c49311ecf186e56d38a8cf av_two_fifth  avia-builder-el-3  el_after_av_hr  el_before_av_three_fifth  first flex_column_div  '     ><style type=\"text\/css\" data-created_by=\"avia_inline_auto\" id=\"style-css-av-l9j4dtaw-f16c2bc3be77ea1435f49f333d539de4\">\n.avia-image-container.av-l9j4dtaw-f16c2bc3be77ea1435f49f333d539de4 img.avia_image{\nbox-shadow:none;\n}\n.avia-image-container.av-l9j4dtaw-f16c2bc3be77ea1435f49f333d539de4 .av-image-caption-overlay-center{\ncolor:#ffffff;\n}\n<\/style>\n<div  class='avia-image-container av-l9j4dtaw-f16c2bc3be77ea1435f49f333d539de4 av-styling- avia-align-center  avia-builder-el-4  avia-builder-el-no-sibling '   itemprop=\"image\" itemscope=\"itemscope\" itemtype=\"https:\/\/schema.org\/ImageObject\" ><div class=\"avia-image-container-inner\"><div class=\"avia-image-overlay-wrap\"><img decoding=\"async\" fetchpriority=\"high\" class='wp-image-607 avia-img-lazy-loading-not-607 avia_image ' src=\"https:\/\/steam-energy.eu\/wp-content\/uploads\/2022\/10\/Feedwater-tanks.jpg\" alt='' title='Feedwater tanks'  height=\"720\" width=\"960\"  itemprop=\"thumbnailUrl\" srcset=\"https:\/\/steam-energy.eu\/wp-content\/uploads\/2022\/10\/Feedwater-tanks.jpg 960w, https:\/\/steam-energy.eu\/wp-content\/uploads\/2022\/10\/Feedwater-tanks-300x225.jpg 300w, https:\/\/steam-energy.eu\/wp-content\/uploads\/2022\/10\/Feedwater-tanks-768x576.jpg 768w, https:\/\/steam-energy.eu\/wp-content\/uploads\/2022\/10\/Feedwater-tanks-705x529.jpg 705w\" sizes=\"(max-width: 960px) 100vw, 960px\" \/><\/div><\/div><\/div><\/div><div  class='flex_column av-atxgb-3931bcdadc8ba982a30f612e518ef728 av_three_fifth  avia-builder-el-5  el_after_av_two_fifth  el_before_av_hr  flex_column_div  '     ><section  class='av_textblock_section av-l9j0tozy-e8b2c19700c1b275f3356add6f3102a8 '   itemscope=\"itemscope\" itemtype=\"https:\/\/schema.org\/CreativeWork\" ><div class='avia_textblock'  itemprop=\"text\" ><p><strong>S\u00e4ili\u00f6iden tuotanto jopa 10 m3 ja 40 bar<\/strong><\/p>\n<p>Valmistamme erilaisia hiilist\u00e4 tai ruostumattomasta ter\u00e4ksest\u00e4 valmistettuja s\u00e4ili\u00f6it\u00e4:<\/p>\n<ul>\n<li>Paine- ja ilmanpoistolaitteet, sy\u00f6tt\u00f6vesis\u00e4ili\u00f6t energiateollisuudelle;<\/li>\n<li>Kuonanpoistajat;<\/li>\n<li>Kuuman veden ja nesteen varastointis\u00e4ili\u00f6t ja -kattilat;<\/li>\n<li>S\u00e4ili\u00f6t elintarviketeollisuudelle sekoittamista, annostelua ja l\u00e4mmityst\u00e4 varten;<\/li>\n<li>S\u00e4ili\u00f6t kemianteollisuuteen.<\/li>\n<\/ul>\n<p>Laadunhallintamme vastaa ISO 9001:2008 -standardia.<\/p>\n<\/div><\/section><\/div><div  class='hr av-sy2z-32d9bc6a073236723769a065b41881fd hr-default  avia-builder-el-7  el_after_av_three_fifth  el_before_av_one_third '><span class='hr-inner '><span class=\"hr-inner-style\"><\/span><\/span><\/div>\n<div class='flex_column_table av-156vuk-cd15cd69341e4931e0ee39541c7dea20 sc-av_one_third av-equal-height-column-flextable'><div  class='flex_column av-156vuk-cd15cd69341e4931e0ee39541c7dea20 av_one_third  avia-builder-el-8  el_after_av_hr  el_before_av_one_third  first flex_column_table_cell av-equal-height-column av-align-top  '     ><p>\n<style type=\"text\/css\" data-created_by=\"avia_inline_auto\" id=\"style-css-av-l9j0xl6z-1ffbcb305883dfc717d2052ea8950038\">\n#top .av-special-heading.av-l9j0xl6z-1ffbcb305883dfc717d2052ea8950038{\npadding-bottom:10px;\n}\nbody .av-special-heading.av-l9j0xl6z-1ffbcb305883dfc717d2052ea8950038 .av-special-heading-tag .heading-char{\nfont-size:25px;\n}\n.av-special-heading.av-l9j0xl6z-1ffbcb305883dfc717d2052ea8950038 .av-subheading{\nfont-size:15px;\n}\n<\/style>\n<div  class='av-special-heading av-l9j0xl6z-1ffbcb305883dfc717d2052ea8950038 av-special-heading-h3 blockquote modern-quote  avia-builder-el-9  el_before_av_hr  avia-builder-el-first '><h3 class='av-special-heading-tag '  itemprop=\"headline\"  >Pressurized deaerators<\/h3><div class='av-subheading av-subheading_below'><p>Pressurized deaerators in range of 0,5&#8230;10m3<\/p>\n<\/div><div class=\"special-heading-border\"><div class=\"special-heading-inner-border\"><\/div><\/div><\/div><br \/>\n\n<style type=\"text\/css\" data-created_by=\"avia_inline_auto\" id=\"style-css-av-gkwsc-e49a70edc39b8975918bec2b54b8386b\">\n#top .hr.hr-invisible.av-gkwsc-e49a70edc39b8975918bec2b54b8386b{\nheight:15px;\n}\n<\/style>\n<div  class='hr av-gkwsc-e49a70edc39b8975918bec2b54b8386b hr-invisible  avia-builder-el-10  el_after_av_heading  el_before_av_image '><span class='hr-inner '><span class=\"hr-inner-style\"><\/span><\/span><\/div><br \/>\n\n<style type=\"text\/css\" data-created_by=\"avia_inline_auto\" id=\"style-css-av-xkq90-493e876306ca20fea444a2c850d17ae9\">\n.avia-image-container.av-xkq90-493e876306ca20fea444a2c850d17ae9 img.avia_image{\nbox-shadow:none;\n}\n.avia-image-container.av-xkq90-493e876306ca20fea444a2c850d17ae9 .av-image-caption-overlay-center{\ncolor:#ffffff;\n}\n<\/style>\n<div  class='avia-image-container av-xkq90-493e876306ca20fea444a2c850d17ae9 av-styling- avia-align-center  avia-builder-el-11  el_after_av_hr  avia-builder-el-last '   itemprop=\"image\" itemscope=\"itemscope\" itemtype=\"https:\/\/schema.org\/ImageObject\" ><div class=\"avia-image-container-inner\"><div class=\"avia-image-overlay-wrap\"><img decoding=\"async\" fetchpriority=\"high\" class='wp-image-543 avia-img-lazy-loading-not-543 avia_image ' src=\"https:\/\/steam-energy.eu\/wp-content\/uploads\/2022\/10\/Pressurized-deaerators-495x400.jpg\" alt='Pressurized deaerators' title='Pressurized deaerators'  height=\"400\" width=\"495\"  itemprop=\"thumbnailUrl\"  \/><\/div><\/div><\/div><\/p><\/div><div class='av-flex-placeholder'><\/div><div  class='flex_column av-pec98-fecadd4e17f7051b010a636541a0c7bb av_one_third  avia-builder-el-12  el_after_av_one_third  el_before_av_one_third  flex_column_table_cell av-equal-height-column av-align-top  '     ><p>\n<style type=\"text\/css\" data-created_by=\"avia_inline_auto\" id=\"style-css-av-l9j0xqwk-a4786424798081ddf5a068b7e1c906c8\">\n#top .av-special-heading.av-l9j0xqwk-a4786424798081ddf5a068b7e1c906c8{\npadding-bottom:10px;\n}\nbody .av-special-heading.av-l9j0xqwk-a4786424798081ddf5a068b7e1c906c8 .av-special-heading-tag .heading-char{\nfont-size:25px;\n}\n.av-special-heading.av-l9j0xqwk-a4786424798081ddf5a068b7e1c906c8 .av-subheading{\nfont-size:15px;\n}\n<\/style>\n<div  class='av-special-heading av-l9j0xqwk-a4786424798081ddf5a068b7e1c906c8 av-special-heading-h3 blockquote modern-quote  avia-builder-el-13  el_before_av_hr  avia-builder-el-first '><h3 class='av-special-heading-tag '  itemprop=\"headline\"  >Atmospherical deaerators<\/h3><div class='av-subheading av-subheading_below'><p>Atmospherical deaerators in range of 0,5&#8230;10m3<\/p>\n<\/div><div class=\"special-heading-border\"><div class=\"special-heading-inner-border\"><\/div><\/div><\/div><br \/>\n\n<style type=\"text\/css\" data-created_by=\"avia_inline_auto\" id=\"style-css-av-l9j125os-5cefe42a6c5334b6d2108819e034204a\">\n#top .hr.hr-invisible.av-l9j125os-5cefe42a6c5334b6d2108819e034204a{\nheight:15px;\n}\n<\/style>\n<div  class='hr av-l9j125os-5cefe42a6c5334b6d2108819e034204a hr-invisible  avia-builder-el-14  el_after_av_heading  el_before_av_image '><span class='hr-inner '><span class=\"hr-inner-style\"><\/span><\/span><\/div><br \/>\n\n<style type=\"text\/css\" data-created_by=\"avia_inline_auto\" id=\"style-css-av-lsgbw-6967a5ba1fd17783a6d3f8ee6db41200\">\n.avia-image-container.av-lsgbw-6967a5ba1fd17783a6d3f8ee6db41200 img.avia_image{\nbox-shadow:none;\n}\n.avia-image-container.av-lsgbw-6967a5ba1fd17783a6d3f8ee6db41200 .av-image-caption-overlay-center{\ncolor:#ffffff;\n}\n<\/style>\n<div  class='avia-image-container av-lsgbw-6967a5ba1fd17783a6d3f8ee6db41200 av-styling- avia-align-center  avia-builder-el-15  el_after_av_hr  avia-builder-el-last '   itemprop=\"image\" itemscope=\"itemscope\" itemtype=\"https:\/\/schema.org\/ImageObject\" ><div class=\"avia-image-container-inner\"><div class=\"avia-image-overlay-wrap\"><img decoding=\"async\" fetchpriority=\"high\" class='wp-image-541 avia-img-lazy-loading-not-541 avia_image ' src=\"https:\/\/steam-energy.eu\/wp-content\/uploads\/2022\/10\/Atmospherical-deaerators-495x400.jpg\" alt='Atmospherical deaerators' title='Atmospherical deaerators'  height=\"400\" width=\"495\"  itemprop=\"thumbnailUrl\"  \/><\/div><\/div><\/div><\/p><\/div><div class='av-flex-placeholder'><\/div><div  class='flex_column av-emwq4-4b28f34293d2f51a67457977d42e7851 av_one_third  avia-builder-el-16  el_after_av_one_third  avia-builder-el-last  flex_column_table_cell av-equal-height-column av-align-top  '     ><p>\n<style type=\"text\/css\" data-created_by=\"avia_inline_auto\" id=\"style-css-av-l9j0xv7q-a74005e0e3c555d7a74839d769be558e\">\n#top .av-special-heading.av-l9j0xv7q-a74005e0e3c555d7a74839d769be558e{\npadding-bottom:10px;\n}\nbody .av-special-heading.av-l9j0xv7q-a74005e0e3c555d7a74839d769be558e .av-special-heading-tag .heading-char{\nfont-size:25px;\n}\n.av-special-heading.av-l9j0xv7q-a74005e0e3c555d7a74839d769be558e .av-subheading{\nfont-size:15px;\n}\n<\/style>\n<div  class='av-special-heading av-l9j0xv7q-a74005e0e3c555d7a74839d769be558e av-special-heading-h3 blockquote modern-quote  avia-builder-el-17  el_before_av_hr  avia-builder-el-first '><h3 class='av-special-heading-tag '  itemprop=\"headline\"  >Condensate collection and pumping<\/h3><div class='av-subheading av-subheading_below'><p>Tanks specially made for condensate collection and pumping.<\/p>\n<\/div><div class=\"special-heading-border\"><div class=\"special-heading-inner-border\"><\/div><\/div><\/div><br \/>\n\n<style type=\"text\/css\" data-created_by=\"avia_inline_auto\" id=\"style-css-av-aqipo-70c73f5b144b2f5bfac14c95200ea20e\">\n#top .hr.hr-invisible.av-aqipo-70c73f5b144b2f5bfac14c95200ea20e{\nheight:15px;\n}\n<\/style>\n<div  class='hr av-aqipo-70c73f5b144b2f5bfac14c95200ea20e hr-invisible  avia-builder-el-18  el_after_av_heading  el_before_av_image '><span class='hr-inner '><span class=\"hr-inner-style\"><\/span><\/span><\/div><br \/>\n\n<style type=\"text\/css\" data-created_by=\"avia_inline_auto\" id=\"style-css-av-12gmc-04f81b46eab66509f450002f93781b4b\">\n.avia-image-container.av-12gmc-04f81b46eab66509f450002f93781b4b img.avia_image{\nbox-shadow:none;\n}\n.avia-image-container.av-12gmc-04f81b46eab66509f450002f93781b4b .av-image-caption-overlay-center{\ncolor:#ffffff;\n}\n<\/style>\n<div  class='avia-image-container av-12gmc-04f81b46eab66509f450002f93781b4b av-styling- avia-align-center  avia-builder-el-19  el_after_av_hr  avia-builder-el-last '   itemprop=\"image\" itemscope=\"itemscope\" itemtype=\"https:\/\/schema.org\/ImageObject\" ><div class=\"avia-image-container-inner\"><div class=\"avia-image-overlay-wrap\"><img decoding=\"async\" fetchpriority=\"high\" class='wp-image-542 avia-img-lazy-loading-not-542 avia_image ' src=\"https:\/\/steam-energy.eu\/wp-content\/uploads\/2022\/10\/Condensate-collection-and-pumping-495x400.jpg\" alt='Condensate collection and pumping' title='Condensate collection and pumping'  height=\"400\" width=\"495\"  itemprop=\"thumbnailUrl\"  \/><\/div><\/div><\/div><\/p><\/div><\/div><!--close column table wrapper. Autoclose: 1 --><\/div><\/div><\/main><!-- close content main element --><\/div><\/div><div id='after_section_1'  class='main_color av_default_container_wrap container_wrap sidebar_right'  ><div class='container av-section-cont-open' ><div class='template-page content  av-content-small alpha units'><div class='post-entry post-entry-type-page post-entry-606'><div class='entry-content-wrapper clearfix'>\n","protected":false},"excerpt":{"rendered":"","protected":false},"author":1,"featured_media":0,"parent":0,"menu_order":0,"comment_status":"closed","ping_status":"closed","template":"","meta":{"footnotes":""},"class_list":["post-606","page","type-page","status-publish","hentry"],"yoast_head":"<!-- This site is optimized with the Yoast SEO plugin v26.4 - https:\/\/yoast.com\/wordpress\/plugins\/seo\/ -->\n<title>Sy\u00f6tt\u00f6vesi tankki - Biomass steam solutions<\/title>\n<meta name=\"robots\" content=\"index, follow, max-snippet:-1, max-image-preview:large, max-video-preview:-1\" \/>\n<link rel=\"canonical\" href=\"https:\/\/www.steam-energy.eu\/fi\/syottovesi-tankki\/\" \/>\n<meta property=\"og:locale\" content=\"fi_FI\" \/>\n<meta property=\"og:type\" content=\"article\" \/>\n<meta property=\"og:title\" content=\"Sy\u00f6tt\u00f6vesi tankki - Biomass steam solutions\" \/>\n<meta property=\"og:url\" content=\"https:\/\/www.steam-energy.eu\/fi\/syottovesi-tankki\/\" \/>\n<meta property=\"og:site_name\" content=\"Biomass steam solutions\" \/>\n<meta property=\"article:modified_time\" content=\"2022-11-23T11:48:28+00:00\" \/>\n<meta name=\"twitter:card\" content=\"summary_large_image\" \/>\n<meta name=\"twitter:label1\" content=\"Arvioitu lukuaika\" \/>\n\t<meta name=\"twitter:data1\" content=\"7 minuuttia\" \/>\n<script type=\"application\/ld+json\" class=\"yoast-schema-graph\">{\"@context\":\"https:\/\/schema.org\",\"@graph\":[{\"@type\":\"WebPage\",\"@id\":\"https:\/\/www.steam-energy.eu\/fi\/syottovesi-tankki\/\",\"url\":\"https:\/\/www.steam-energy.eu\/fi\/syottovesi-tankki\/\",\"name\":\"Sy\u00f6tt\u00f6vesi tankki - Biomass steam solutions\",\"isPartOf\":{\"@id\":\"https:\/\/steam-energy.eu\/#website\"},\"datePublished\":\"2022-10-21T23:57:12+00:00\",\"dateModified\":\"2022-11-23T11:48:28+00:00\",\"breadcrumb\":{\"@id\":\"https:\/\/www.steam-energy.eu\/fi\/syottovesi-tankki\/#breadcrumb\"},\"inLanguage\":\"fi\",\"potentialAction\":[{\"@type\":\"ReadAction\",\"target\":[\"https:\/\/www.steam-energy.eu\/fi\/syottovesi-tankki\/\"]}]},{\"@type\":\"BreadcrumbList\",\"@id\":\"https:\/\/www.steam-energy.eu\/fi\/syottovesi-tankki\/#breadcrumb\",\"itemListElement\":[{\"@type\":\"ListItem\",\"position\":1,\"name\":\"Home\",\"item\":\"https:\/\/steam-energy.eu\/fi\/\"},{\"@type\":\"ListItem\",\"position\":2,\"name\":\"Sy\u00f6tt\u00f6vesi tankki\"}]},{\"@type\":\"WebSite\",\"@id\":\"https:\/\/steam-energy.eu\/#website\",\"url\":\"https:\/\/steam-energy.eu\/\",\"name\":\"Biomass steam solutions\",\"description\":\"\",\"publisher\":{\"@id\":\"https:\/\/steam-energy.eu\/#organization\"},\"potentialAction\":[{\"@type\":\"SearchAction\",\"target\":{\"@type\":\"EntryPoint\",\"urlTemplate\":\"https:\/\/steam-energy.eu\/?s={search_term_string}\"},\"query-input\":{\"@type\":\"PropertyValueSpecification\",\"valueRequired\":true,\"valueName\":\"search_term_string\"}}],\"inLanguage\":\"fi\"},{\"@type\":\"Organization\",\"@id\":\"https:\/\/steam-energy.eu\/#organization\",\"name\":\"Kateena O\u00dc\",\"url\":\"https:\/\/steam-energy.eu\/\",\"logo\":{\"@type\":\"ImageObject\",\"inLanguage\":\"fi\",\"@id\":\"https:\/\/steam-energy.eu\/#\/schema\/logo\/image\/\",\"url\":\"https:\/\/steam-energy.eu\/wp-content\/uploads\/2022\/10\/logo.png\",\"contentUrl\":\"https:\/\/steam-energy.eu\/wp-content\/uploads\/2022\/10\/logo.png\",\"width\":330,\"height\":120,\"caption\":\"Kateena O\u00dc\"},\"image\":{\"@id\":\"https:\/\/steam-energy.eu\/#\/schema\/logo\/image\/\"}}]}<\/script>\n<!-- \/ Yoast SEO plugin. -->","yoast_head_json":{"title":"Sy\u00f6tt\u00f6vesi tankki - Biomass steam solutions","robots":{"index":"index","follow":"follow","max-snippet":"max-snippet:-1","max-image-preview":"max-image-preview:large","max-video-preview":"max-video-preview:-1"},"canonical":"https:\/\/www.steam-energy.eu\/fi\/syottovesi-tankki\/","og_locale":"fi_FI","og_type":"article","og_title":"Sy\u00f6tt\u00f6vesi tankki - Biomass steam solutions","og_url":"https:\/\/www.steam-energy.eu\/fi\/syottovesi-tankki\/","og_site_name":"Biomass steam solutions","article_modified_time":"2022-11-23T11:48:28+00:00","twitter_card":"summary_large_image","twitter_misc":{"Arvioitu lukuaika":"7 minuuttia"},"schema":{"@context":"https:\/\/schema.org","@graph":[{"@type":"WebPage","@id":"https:\/\/www.steam-energy.eu\/fi\/syottovesi-tankki\/","url":"https:\/\/www.steam-energy.eu\/fi\/syottovesi-tankki\/","name":"Sy\u00f6tt\u00f6vesi tankki - Biomass steam solutions","isPartOf":{"@id":"https:\/\/steam-energy.eu\/#website"},"datePublished":"2022-10-21T23:57:12+00:00","dateModified":"2022-11-23T11:48:28+00:00","breadcrumb":{"@id":"https:\/\/www.steam-energy.eu\/fi\/syottovesi-tankki\/#breadcrumb"},"inLanguage":"fi","potentialAction":[{"@type":"ReadAction","target":["https:\/\/www.steam-energy.eu\/fi\/syottovesi-tankki\/"]}]},{"@type":"BreadcrumbList","@id":"https:\/\/www.steam-energy.eu\/fi\/syottovesi-tankki\/#breadcrumb","itemListElement":[{"@type":"ListItem","position":1,"name":"Home","item":"https:\/\/steam-energy.eu\/fi\/"},{"@type":"ListItem","position":2,"name":"Sy\u00f6tt\u00f6vesi tankki"}]},{"@type":"WebSite","@id":"https:\/\/steam-energy.eu\/#website","url":"https:\/\/steam-energy.eu\/","name":"Biomass steam solutions","description":"","publisher":{"@id":"https:\/\/steam-energy.eu\/#organization"},"potentialAction":[{"@type":"SearchAction","target":{"@type":"EntryPoint","urlTemplate":"https:\/\/steam-energy.eu\/?s={search_term_string}"},"query-input":{"@type":"PropertyValueSpecification","valueRequired":true,"valueName":"search_term_string"}}],"inLanguage":"fi"},{"@type":"Organization","@id":"https:\/\/steam-energy.eu\/#organization","name":"Kateena O\u00dc","url":"https:\/\/steam-energy.eu\/","logo":{"@type":"ImageObject","inLanguage":"fi","@id":"https:\/\/steam-energy.eu\/#\/schema\/logo\/image\/","url":"https:\/\/steam-energy.eu\/wp-content\/uploads\/2022\/10\/logo.png","contentUrl":"https:\/\/steam-energy.eu\/wp-content\/uploads\/2022\/10\/logo.png","width":330,"height":120,"caption":"Kateena O\u00dc"},"image":{"@id":"https:\/\/steam-energy.eu\/#\/schema\/logo\/image\/"}}]}},"_links":{"self":[{"href":"https:\/\/steam-energy.eu\/fi\/wp-json\/wp\/v2\/pages\/606","targetHints":{"allow":["GET"]}}],"collection":[{"href":"https:\/\/steam-energy.eu\/fi\/wp-json\/wp\/v2\/pages"}],"about":[{"href":"https:\/\/steam-energy.eu\/fi\/wp-json\/wp\/v2\/types\/page"}],"author":[{"embeddable":true,"href":"https:\/\/steam-energy.eu\/fi\/wp-json\/wp\/v2\/users\/1"}],"replies":[{"embeddable":true,"href":"https:\/\/steam-energy.eu\/fi\/wp-json\/wp\/v2\/comments?post=606"}],"version-history":[{"count":1,"href":"https:\/\/steam-energy.eu\/fi\/wp-json\/wp\/v2\/pages\/606\/revisions"}],"predecessor-version":[{"id":608,"href":"https:\/\/steam-energy.eu\/fi\/wp-json\/wp\/v2\/pages\/606\/revisions\/608"}],"wp:attachment":[{"href":"https:\/\/steam-energy.eu\/fi\/wp-json\/wp\/v2\/media?parent=606"}],"curies":[{"name":"wp","href":"https:\/\/api.w.org\/{rel}","templated":true}]}}