{"id":600,"date":"2022-10-20T20:05:03","date_gmt":"2022-10-20T20:05:03","guid":{"rendered":"https:\/\/steam-energy.eu\/references\/"},"modified":"2022-11-23T11:45:38","modified_gmt":"2022-11-23T11:45:38","slug":"referenssit","status":"publish","type":"page","link":"https:\/\/steam-energy.eu\/fi\/referenssit\/","title":{"rendered":"Referenssit"},"content":{"rendered":"<div id='av_section_1'  class='avia-section av-79ag-4dfa4b34efd234a0d446e2b7dfe38649 main_color avia-section-large avia-no-border-styling  avia-builder-el-0  el_before_av_section  avia-builder-el-first  avia-bg-style-scroll container_wrap sidebar_right'  ><div class='container av-section-cont-open' ><main  role=\"main\" itemprop=\"mainContentOfPage\"  class='template-page content  av-content-small alpha units'><div class='post-entry post-entry-type-page post-entry-600'><div class='entry-content-wrapper clearfix'>\n\n<style type=\"text\/css\" data-created_by=\"avia_inline_auto\" id=\"style-css-av-l9j0th1k-abf47aae43e81418a2e81bf413bb7bfd\">\n#top .av-special-heading.av-l9j0th1k-abf47aae43e81418a2e81bf413bb7bfd{\npadding-bottom:0;\nfont-size:45px;\n}\nbody .av-special-heading.av-l9j0th1k-abf47aae43e81418a2e81bf413bb7bfd .av-special-heading-tag .heading-char{\nfont-size:25px;\n}\n#top #wrap_all .av-special-heading.av-l9j0th1k-abf47aae43e81418a2e81bf413bb7bfd .av-special-heading-tag{\nfont-size:45px;\n}\n.av-special-heading.av-l9j0th1k-abf47aae43e81418a2e81bf413bb7bfd .av-subheading{\nfont-size:20px;\n}\n\n@media only screen and (min-width: 480px) and (max-width: 767px){ \n#top #wrap_all .av-special-heading.av-l9j0th1k-abf47aae43e81418a2e81bf413bb7bfd .av-special-heading-tag{\nfont-size:0.8em;\n}\n}\n\n@media only screen and (max-width: 479px){ \n#top #wrap_all .av-special-heading.av-l9j0th1k-abf47aae43e81418a2e81bf413bb7bfd .av-special-heading-tag{\nfont-size:0.8em;\n}\n}\n<\/style>\n<div  class='av-special-heading av-l9j0th1k-abf47aae43e81418a2e81bf413bb7bfd av-special-heading-h2 blockquote modern-quote modern-centered  avia-builder-el-1  el_before_av_hr  avia-builder-el-first  av-inherit-size'><h2 class='av-special-heading-tag '  itemprop=\"headline\"  >Referenssit<\/h2><div class=\"special-heading-border\"><div class=\"special-heading-inner-border\"><\/div><\/div><\/div>\n<div  class='hr av-4l34-151688916726b9a8e02e51a4e0c15ad4 hr-short  avia-builder-el-2  el_after_av_heading  el_before_av_textblock  hr-center'><span class='hr-inner '><span class=\"hr-inner-style\"><\/span><\/span><\/div>\n<section  class='av_textblock_section av-l9j0tozy-e8b2c19700c1b275f3356add6f3102a8 '   itemscope=\"itemscope\" itemtype=\"https:\/\/schema.org\/CreativeWork\" ><div class='avia_textblock'  itemprop=\"text\" ><p style=\"text-align: center;\">Alta l\u00f6yd\u00e4t lyhyet kuvaukset t\u00f6ist\u00e4, jotka olemme jo tehnee<\/p>\n<\/div><\/section>\n<\/div><\/div><\/main><!-- close content main element --><\/div><\/div><div id='av_section_2'  class='avia-section av-5v74-d383253ca078a1cf8bce13a4978dc83d main_color avia-section-small avia-no-border-styling  avia-builder-el-4  el_after_av_section  avia-builder-el-last  avia-bg-style-scroll container_wrap sidebar_right'  ><div class='container av-section-cont-open' ><div class='template-page content  av-content-small alpha units'><div class='post-entry post-entry-type-page post-entry-600'><div class='entry-content-wrapper clearfix'>\n<div  id=\"portfolio-referentsid\"  class=' grid-sort-container isotope   no_margin-container with-excerpt-container grid-total-odd grid-col-4 grid-links-' data-portfolio-id='1'><div data-ajax-id='584' class=' grid-entry flex_column isotope-item all_sort no_margin post-entry post-entry-584 grid-entry-overview grid-loop-1 grid-parity-odd  referenssit_sort  av_one_fourth first default_av_fullwidth '><article class='main_color inner-entry'  itemscope=\"itemscope\" itemtype=\"https:\/\/schema.org\/CreativeWork\" ><a href=\"https:\/\/steam-energy.eu\/fi\/portfolio\/1000-kg-h-hoyrykattila-kontti-toimitettu\/\" title='1000 kg\/h h\u00f6yrykattila-kontti toimitettu'  data-rel='grid-1' class='grid-image avia-hover-fx'> <img decoding=\"async\" fetchpriority=\"high\" width=\"180\" height=\"180\" src=\"https:\/\/steam-energy.eu\/wp-content\/uploads\/2022\/10\/1000-kgh-steam-container-delivered-1-180x180.jpg\" class=\"wp-image-585 avia-img-lazy-loading-not-585 attachment-square size-square wp-post-image\" alt=\"\" srcset=\"https:\/\/steam-energy.eu\/wp-content\/uploads\/2022\/10\/1000-kgh-steam-container-delivered-1-180x180.jpg 180w, https:\/\/steam-energy.eu\/wp-content\/uploads\/2022\/10\/1000-kgh-steam-container-delivered-1-80x80.jpg 80w, https:\/\/steam-energy.eu\/wp-content\/uploads\/2022\/10\/1000-kgh-steam-container-delivered-1-36x36.jpg 36w\" sizes=\"(max-width: 180px) 100vw, 180px\" \/><\/a><div class='grid-content'><div class='avia-arrow'><\/div><header class=\"entry-content-header\" aria-label=\"Portfolio: 1000 kg\/h h\u00f6yrykattila-kontti toimitettu\"><h3 class='grid-entry-title entry-title '  itemprop=\"headline\" ><a href='https:\/\/steam-energy.eu\/fi\/portfolio\/1000-kg-h-hoyrykattila-kontti-toimitettu\/' title='1000 kg\/h h\u00f6yrykattila-kontti toimitettu'>1000 kg\/h h\u00f6yrykattila-kontti toimitettu<\/a><\/h3><\/header><div class='grid-entry-excerpt entry-content'  itemprop=\"text\" >Saimme valmiiksi toisen 1000 kg\/h dieselk\u00e4ytt\u00f6isen h\u00f6yrykattila-kontin asiakkaallemme, joka k\u00e4ytt\u00e4\u00e4 prosessih\u00f6yry\u00e4 konttis\u00e4ili\u00f6n l\u00e4mmitykseen.<\/div><\/div><footer class=\"entry-footer\"><\/footer><\/article><\/div><div data-ajax-id='588' class=' grid-entry flex_column isotope-item all_sort no_margin post-entry post-entry-588 grid-entry-overview grid-loop-2 grid-parity-even  referenssit_sort  av_one_fourth  default_av_fullwidth '><article class='main_color inner-entry'  itemscope=\"itemscope\" itemtype=\"https:\/\/schema.org\/CreativeWork\" ><a href=\"https:\/\/steam-energy.eu\/fi\/portfolio\/2000-kg-h-1000-kg-h-hoyry-kontin-toimitus\/\" title='2000 kg\/h + 1000 kg\/h h\u00f6yry-kontin toimitus'  data-rel='grid-1' class='grid-image avia-hover-fx'> <img decoding=\"async\" fetchpriority=\"high\" width=\"180\" height=\"180\" src=\"https:\/\/steam-energy.eu\/wp-content\/uploads\/2022\/10\/Delivery-of-2000kgh1000kgh-steam-container-180x180.jpg\" class=\"wp-image-589 avia-img-lazy-loading-not-589 attachment-square size-square wp-post-image\" alt=\"\" srcset=\"https:\/\/steam-energy.eu\/wp-content\/uploads\/2022\/10\/Delivery-of-2000kgh1000kgh-steam-container-180x180.jpg 180w, https:\/\/steam-energy.eu\/wp-content\/uploads\/2022\/10\/Delivery-of-2000kgh1000kgh-steam-container-300x300.jpg 300w, https:\/\/steam-energy.eu\/wp-content\/uploads\/2022\/10\/Delivery-of-2000kgh1000kgh-steam-container-80x80.jpg 80w, https:\/\/steam-energy.eu\/wp-content\/uploads\/2022\/10\/Delivery-of-2000kgh1000kgh-steam-container-36x36.jpg 36w, https:\/\/steam-energy.eu\/wp-content\/uploads\/2022\/10\/Delivery-of-2000kgh1000kgh-steam-container.jpg 600w\" sizes=\"(max-width: 180px) 100vw, 180px\" \/><\/a><div class='grid-content'><div class='avia-arrow'><\/div><header class=\"entry-content-header\" aria-label=\"Portfolio: 2000 kg\/h + 1000 kg\/h h\u00f6yry-kontin toimitus\"><h3 class='grid-entry-title entry-title '  itemprop=\"headline\" ><a href='https:\/\/steam-energy.eu\/fi\/portfolio\/2000-kg-h-1000-kg-h-hoyry-kontin-toimitus\/' title='2000 kg\/h + 1000 kg\/h h\u00f6yry-kontin toimitus'>2000 kg\/h + 1000 kg\/h h\u00f6yry-kontin toimitus<\/a><\/h3><\/header><div class='grid-entry-excerpt entry-content'  itemprop=\"text\" >Kes\u00e4kuussa 2021 toimitimme onnistuneesti asiakkaallemme toisen tehokkaan ratkaisun, asensiimme 2000 kg\/h h\u00f6yry generaattorin yhdistettyn\u00e4 1000 kg\/h h\u00f6yrykattilaan.<\/div><\/div><footer class=\"entry-footer\"><\/footer><\/article><\/div><div data-ajax-id='592' class=' grid-entry flex_column isotope-item all_sort no_margin post-entry post-entry-592 grid-entry-overview grid-loop-3 grid-parity-odd  referenssit_sort  av_one_fourth  default_av_fullwidth '><article class='main_color inner-entry'  itemscope=\"itemscope\" itemtype=\"https:\/\/schema.org\/CreativeWork\" ><a href=\"https:\/\/steam-energy.eu\/fi\/portfolio\/1000-kg-h-biomassa-hoyrykattilan-asennus\/\" title='1000 kg\/h biomassa h\u00f6yrykattilan asennus'  data-rel='grid-1' class='grid-image avia-hover-fx'> <img decoding=\"async\" fetchpriority=\"high\" width=\"180\" height=\"180\" src=\"https:\/\/steam-energy.eu\/wp-content\/uploads\/2022\/10\/Installation-of-1000-kgh-biomass-steam-boiler-180x180.jpg\" class=\"wp-image-593 avia-img-lazy-loading-not-593 attachment-square size-square wp-post-image\" alt=\"\" srcset=\"https:\/\/steam-energy.eu\/wp-content\/uploads\/2022\/10\/Installation-of-1000-kgh-biomass-steam-boiler-180x180.jpg 180w, https:\/\/steam-energy.eu\/wp-content\/uploads\/2022\/10\/Installation-of-1000-kgh-biomass-steam-boiler-80x80.jpg 80w, https:\/\/steam-energy.eu\/wp-content\/uploads\/2022\/10\/Installation-of-1000-kgh-biomass-steam-boiler-36x36.jpg 36w\" sizes=\"(max-width: 180px) 100vw, 180px\" \/><\/a><div class='grid-content'><div class='avia-arrow'><\/div><header class=\"entry-content-header\" aria-label=\"Portfolio: 1000 kg\/h biomassa h\u00f6yrykattilan asennus\"><h3 class='grid-entry-title entry-title '  itemprop=\"headline\" ><a href='https:\/\/steam-energy.eu\/fi\/portfolio\/1000-kg-h-biomassa-hoyrykattilan-asennus\/' title='1000 kg\/h biomassa h\u00f6yrykattilan asennus'>1000 kg\/h biomassa h\u00f6yrykattilan asennus<\/a><\/h3><\/header><div class='grid-entry-excerpt entry-content'  itemprop=\"text\" >Olemme eritt\u00e4in innoissamme voidessamme lanseerata j\u00e4lleen yhden biomassa h\u00f6yrykattilan paikalliselle puunjalostustehtaalle.<\/div><\/div><footer class=\"entry-footer\"><\/footer><\/article><\/div><div data-ajax-id='580' class=' grid-entry flex_column isotope-item all_sort no_margin post-entry post-entry-580 grid-entry-overview grid-loop-4 grid-parity-even  referenssit_sort  av_one_fourth  default_av_fullwidth '><article class='main_color inner-entry'  itemscope=\"itemscope\" itemtype=\"https:\/\/schema.org\/CreativeWork\" ><a href=\"https:\/\/steam-energy.eu\/fi\/portfolio\/500-kg-h-biomassa-hoyrykattila-asennettu\/\" title='500 kg\/h Biomassa h\u00f6yrykattila asennettu'  data-rel='grid-1' class='grid-image avia-hover-fx'> <img decoding=\"async\" fetchpriority=\"high\" width=\"180\" height=\"180\" src=\"https:\/\/steam-energy.eu\/wp-content\/uploads\/2022\/10\/500kgh-biomass-steam-boiler-installed-1-180x180.jpg\" class=\"wp-image-581 avia-img-lazy-loading-not-581 attachment-square size-square wp-post-image\" alt=\"\" srcset=\"https:\/\/steam-energy.eu\/wp-content\/uploads\/2022\/10\/500kgh-biomass-steam-boiler-installed-1-180x180.jpg 180w, https:\/\/steam-energy.eu\/wp-content\/uploads\/2022\/10\/500kgh-biomass-steam-boiler-installed-1-80x80.jpg 80w, https:\/\/steam-energy.eu\/wp-content\/uploads\/2022\/10\/500kgh-biomass-steam-boiler-installed-1-36x36.jpg 36w\" sizes=\"(max-width: 180px) 100vw, 180px\" \/><\/a><div class='grid-content'><div class='avia-arrow'><\/div><header class=\"entry-content-header\" aria-label=\"Portfolio: 500 kg\/h Biomassa h\u00f6yrykattila asennettu\"><h3 class='grid-entry-title entry-title '  itemprop=\"headline\" ><a href='https:\/\/steam-energy.eu\/fi\/portfolio\/500-kg-h-biomassa-hoyrykattila-asennettu\/' title='500 kg\/h Biomassa h\u00f6yrykattila asennettu'>500 kg\/h Biomassa h\u00f6yrykattila asennettu<\/a><\/h3><\/header><div class='grid-entry-excerpt entry-content'  itemprop=\"text\" >Saimme valmiiksi 500 kg\/h pellettik\u00e4ytt\u00f6isen h\u00f6yrykattilan asiakkaallemme, joka k\u00e4ytt\u00e4\u00e4 prosessih\u00f6yry\u00e4 pellettitehtaallaan.<\/div><\/div><footer class=\"entry-footer\"><\/footer><\/article><\/div><div data-ajax-id='596' class=' grid-entry flex_column isotope-item all_sort no_margin post-entry post-entry-596 grid-entry-overview grid-loop-5 grid-parity-odd  post-entry-last  referenssit_sort  av_one_fourth first default_av_fullwidth '><article class='main_color inner-entry'  itemscope=\"itemscope\" itemtype=\"https:\/\/schema.org\/CreativeWork\" ><a href=\"https:\/\/steam-energy.eu\/fi\/portfolio\/kaksoispolttoaineinen-hoyrykattila-10-t-h-valmiina\/\" title='Kaksoispolttoaineinen h\u00f6yrykattila 10 t\/h valmiina!'  data-rel='grid-1' class='grid-image avia-hover-fx'> <img decoding=\"async\" fetchpriority=\"high\" width=\"180\" height=\"180\" src=\"https:\/\/steam-energy.eu\/wp-content\/uploads\/2022\/10\/Dual-fuel-10-th-steam-boiler-ready-to-go-180x180.jpg\" class=\"wp-image-597 avia-img-lazy-loading-not-597 attachment-square size-square wp-post-image\" alt=\"\" srcset=\"https:\/\/steam-energy.eu\/wp-content\/uploads\/2022\/10\/Dual-fuel-10-th-steam-boiler-ready-to-go-180x180.jpg 180w, https:\/\/steam-energy.eu\/wp-content\/uploads\/2022\/10\/Dual-fuel-10-th-steam-boiler-ready-to-go-80x80.jpg 80w, https:\/\/steam-energy.eu\/wp-content\/uploads\/2022\/10\/Dual-fuel-10-th-steam-boiler-ready-to-go-36x36.jpg 36w\" sizes=\"(max-width: 180px) 100vw, 180px\" \/><\/a><div class='grid-content'><div class='avia-arrow'><\/div><header class=\"entry-content-header\" aria-label=\"Portfolio: Kaksoispolttoaineinen h\u00f6yrykattila 10 t\/h valmiina!\"><h3 class='grid-entry-title entry-title '  itemprop=\"headline\" ><a href='https:\/\/steam-energy.eu\/fi\/portfolio\/kaksoispolttoaineinen-hoyrykattila-10-t-h-valmiina\/' title='Kaksoispolttoaineinen h\u00f6yrykattila 10 t\/h valmiina!'>Kaksoispolttoaineinen h\u00f6yrykattila 10 t\/h valmiina!<\/a><\/h3><\/header><div class='grid-entry-excerpt entry-content'  itemprop=\"text\" >Saimme valmiiksi 7MW:n kaksoispolttoaineisen h\u00f6yrykattilan asennuksen asiakkaallemme.<\/div><\/div><footer class=\"entry-footer\"><\/footer><\/article><\/div><\/div>\n<\/div><\/div><\/div><!-- close content main div --><\/div><\/div><div id='after_section_2'  class='main_color av_default_container_wrap container_wrap sidebar_right'  ><div class='container av-section-cont-open' ><div class='template-page content  av-content-small alpha units'><div class='post-entry post-entry-type-page post-entry-600'><div class='entry-content-wrapper clearfix'><\/p>\n","protected":false},"excerpt":{"rendered":"","protected":false},"author":1,"featured_media":0,"parent":0,"menu_order":0,"comment_status":"closed","ping_status":"closed","template":"","meta":{"footnotes":""},"class_list":["post-600","page","type-page","status-publish","hentry"],"yoast_head":"<!-- This site is optimized with the Yoast SEO plugin v26.4 - https:\/\/yoast.com\/wordpress\/plugins\/seo\/ -->\n<title>Referenssit - Biomass steam solutions<\/title>\n<meta name=\"robots\" content=\"index, follow, max-snippet:-1, max-image-preview:large, max-video-preview:-1\" \/>\n<link rel=\"canonical\" href=\"https:\/\/steam-energy.eu\/fi\/referenssit\/\" \/>\n<meta property=\"og:locale\" content=\"fi_FI\" \/>\n<meta property=\"og:type\" content=\"article\" \/>\n<meta property=\"og:title\" content=\"Referenssit - Biomass steam solutions\" \/>\n<meta property=\"og:url\" content=\"https:\/\/steam-energy.eu\/fi\/referenssit\/\" \/>\n<meta property=\"og:site_name\" content=\"Biomass steam solutions\" \/>\n<meta property=\"article:modified_time\" content=\"2022-11-23T11:45:38+00:00\" \/>\n<meta name=\"twitter:card\" content=\"summary_large_image\" \/>\n<meta name=\"twitter:label1\" content=\"Arvioitu lukuaika\" \/>\n\t<meta name=\"twitter:data1\" content=\"2 minuuttia\" \/>\n<script type=\"application\/ld+json\" class=\"yoast-schema-graph\">{\"@context\":\"https:\/\/schema.org\",\"@graph\":[{\"@type\":\"WebPage\",\"@id\":\"https:\/\/steam-energy.eu\/fi\/referenssit\/\",\"url\":\"https:\/\/steam-energy.eu\/fi\/referenssit\/\",\"name\":\"Referenssit - Biomass steam solutions\",\"isPartOf\":{\"@id\":\"https:\/\/www.steam-energy.eu\/#website\"},\"datePublished\":\"2022-10-20T20:05:03+00:00\",\"dateModified\":\"2022-11-23T11:45:38+00:00\",\"breadcrumb\":{\"@id\":\"https:\/\/steam-energy.eu\/fi\/referenssit\/#breadcrumb\"},\"inLanguage\":\"fi\",\"potentialAction\":[{\"@type\":\"ReadAction\",\"target\":[\"https:\/\/steam-energy.eu\/fi\/referenssit\/\"]}]},{\"@type\":\"BreadcrumbList\",\"@id\":\"https:\/\/steam-energy.eu\/fi\/referenssit\/#breadcrumb\",\"itemListElement\":[{\"@type\":\"ListItem\",\"position\":1,\"name\":\"Home\",\"item\":\"https:\/\/steam-energy.eu\/fi\/\"},{\"@type\":\"ListItem\",\"position\":2,\"name\":\"Referenssit\"}]},{\"@type\":\"WebSite\",\"@id\":\"https:\/\/www.steam-energy.eu\/#website\",\"url\":\"https:\/\/www.steam-energy.eu\/\",\"name\":\"Biomass steam solutions\",\"description\":\"\",\"publisher\":{\"@id\":\"https:\/\/www.steam-energy.eu\/#organization\"},\"potentialAction\":[{\"@type\":\"SearchAction\",\"target\":{\"@type\":\"EntryPoint\",\"urlTemplate\":\"https:\/\/www.steam-energy.eu\/?s={search_term_string}\"},\"query-input\":{\"@type\":\"PropertyValueSpecification\",\"valueRequired\":true,\"valueName\":\"search_term_string\"}}],\"inLanguage\":\"fi\"},{\"@type\":\"Organization\",\"@id\":\"https:\/\/www.steam-energy.eu\/#organization\",\"name\":\"Kateena O\u00dc\",\"url\":\"https:\/\/www.steam-energy.eu\/\",\"logo\":{\"@type\":\"ImageObject\",\"inLanguage\":\"fi\",\"@id\":\"https:\/\/www.steam-energy.eu\/#\/schema\/logo\/image\/\",\"url\":\"https:\/\/steam-energy.eu\/wp-content\/uploads\/2022\/10\/logo.png\",\"contentUrl\":\"https:\/\/steam-energy.eu\/wp-content\/uploads\/2022\/10\/logo.png\",\"width\":330,\"height\":120,\"caption\":\"Kateena O\u00dc\"},\"image\":{\"@id\":\"https:\/\/www.steam-energy.eu\/#\/schema\/logo\/image\/\"}}]}<\/script>\n<!-- \/ Yoast SEO plugin. -->","yoast_head_json":{"title":"Referenssit - Biomass steam solutions","robots":{"index":"index","follow":"follow","max-snippet":"max-snippet:-1","max-image-preview":"max-image-preview:large","max-video-preview":"max-video-preview:-1"},"canonical":"https:\/\/steam-energy.eu\/fi\/referenssit\/","og_locale":"fi_FI","og_type":"article","og_title":"Referenssit - Biomass steam solutions","og_url":"https:\/\/steam-energy.eu\/fi\/referenssit\/","og_site_name":"Biomass steam solutions","article_modified_time":"2022-11-23T11:45:38+00:00","twitter_card":"summary_large_image","twitter_misc":{"Arvioitu lukuaika":"2 minuuttia"},"schema":{"@context":"https:\/\/schema.org","@graph":[{"@type":"WebPage","@id":"https:\/\/steam-energy.eu\/fi\/referenssit\/","url":"https:\/\/steam-energy.eu\/fi\/referenssit\/","name":"Referenssit - Biomass steam solutions","isPartOf":{"@id":"https:\/\/www.steam-energy.eu\/#website"},"datePublished":"2022-10-20T20:05:03+00:00","dateModified":"2022-11-23T11:45:38+00:00","breadcrumb":{"@id":"https:\/\/steam-energy.eu\/fi\/referenssit\/#breadcrumb"},"inLanguage":"fi","potentialAction":[{"@type":"ReadAction","target":["https:\/\/steam-energy.eu\/fi\/referenssit\/"]}]},{"@type":"BreadcrumbList","@id":"https:\/\/steam-energy.eu\/fi\/referenssit\/#breadcrumb","itemListElement":[{"@type":"ListItem","position":1,"name":"Home","item":"https:\/\/steam-energy.eu\/fi\/"},{"@type":"ListItem","position":2,"name":"Referenssit"}]},{"@type":"WebSite","@id":"https:\/\/www.steam-energy.eu\/#website","url":"https:\/\/www.steam-energy.eu\/","name":"Biomass steam solutions","description":"","publisher":{"@id":"https:\/\/www.steam-energy.eu\/#organization"},"potentialAction":[{"@type":"SearchAction","target":{"@type":"EntryPoint","urlTemplate":"https:\/\/www.steam-energy.eu\/?s={search_term_string}"},"query-input":{"@type":"PropertyValueSpecification","valueRequired":true,"valueName":"search_term_string"}}],"inLanguage":"fi"},{"@type":"Organization","@id":"https:\/\/www.steam-energy.eu\/#organization","name":"Kateena O\u00dc","url":"https:\/\/www.steam-energy.eu\/","logo":{"@type":"ImageObject","inLanguage":"fi","@id":"https:\/\/www.steam-energy.eu\/#\/schema\/logo\/image\/","url":"https:\/\/steam-energy.eu\/wp-content\/uploads\/2022\/10\/logo.png","contentUrl":"https:\/\/steam-energy.eu\/wp-content\/uploads\/2022\/10\/logo.png","width":330,"height":120,"caption":"Kateena O\u00dc"},"image":{"@id":"https:\/\/www.steam-energy.eu\/#\/schema\/logo\/image\/"}}]}},"_links":{"self":[{"href":"https:\/\/steam-energy.eu\/fi\/wp-json\/wp\/v2\/pages\/600","targetHints":{"allow":["GET"]}}],"collection":[{"href":"https:\/\/steam-energy.eu\/fi\/wp-json\/wp\/v2\/pages"}],"about":[{"href":"https:\/\/steam-energy.eu\/fi\/wp-json\/wp\/v2\/types\/page"}],"author":[{"embeddable":true,"href":"https:\/\/steam-energy.eu\/fi\/wp-json\/wp\/v2\/users\/1"}],"replies":[{"embeddable":true,"href":"https:\/\/steam-energy.eu\/fi\/wp-json\/wp\/v2\/comments?post=600"}],"version-history":[{"count":1,"href":"https:\/\/steam-energy.eu\/fi\/wp-json\/wp\/v2\/pages\/600\/revisions"}],"predecessor-version":[{"id":601,"href":"https:\/\/steam-energy.eu\/fi\/wp-json\/wp\/v2\/pages\/600\/revisions\/601"}],"wp:attachment":[{"href":"https:\/\/steam-energy.eu\/fi\/wp-json\/wp\/v2\/media?parent=600"}],"curies":[{"name":"wp","href":"https:\/\/api.w.org\/{rel}","templated":true}]}}