{"id":960,"date":"2024-09-26T11:50:41","date_gmt":"2024-09-26T11:50:41","guid":{"rendered":"https:\/\/steam-energy.eu\/?page_id=960"},"modified":"2024-09-26T20:39:19","modified_gmt":"2024-09-26T20:39:19","slug":"isolatsioonitood","status":"publish","type":"page","link":"https:\/\/steam-energy.eu\/et\/isolatsioonitood\/","title":{"rendered":"Isolatsioonit\u00f6\u00f6d"},"content":{"rendered":"<div id='av_section_1'  class='avia-section av-1l7hy0-863e3d80f236637f81af1e6e19f3aba7 main_color avia-section-large avia-no-border-styling  avia-builder-el-0  avia-builder-el-no-sibling  avia-bg-style-scroll container_wrap sidebar_right'  ><div class='container av-section-cont-open' ><main  role=\"main\" itemprop=\"mainContentOfPage\"  class='template-page content  av-content-small alpha units'><div class='post-entry post-entry-type-page post-entry-960'><div class='entry-content-wrapper clearfix'>\n\n<style type=\"text\/css\" data-created_by=\"avia_inline_auto\" id=\"style-css-av-m1j99ycl-e63e0c139bfad0b10338689bc38fbe04\">\n#top .av-special-heading.av-m1j99ycl-e63e0c139bfad0b10338689bc38fbe04{\npadding-bottom:0;\nfont-size:45px;\n}\nbody .av-special-heading.av-m1j99ycl-e63e0c139bfad0b10338689bc38fbe04 .av-special-heading-tag .heading-char{\nfont-size:25px;\n}\n#top #wrap_all .av-special-heading.av-m1j99ycl-e63e0c139bfad0b10338689bc38fbe04 .av-special-heading-tag{\nfont-size:45px;\n}\n.av-special-heading.av-m1j99ycl-e63e0c139bfad0b10338689bc38fbe04 .av-subheading{\nfont-size:20px;\n}\n\n@media only screen and (min-width: 480px) and (max-width: 767px){ \n#top #wrap_all .av-special-heading.av-m1j99ycl-e63e0c139bfad0b10338689bc38fbe04 .av-special-heading-tag{\nfont-size:0.8em;\n}\n}\n\n@media only screen and (max-width: 479px){ \n#top #wrap_all .av-special-heading.av-m1j99ycl-e63e0c139bfad0b10338689bc38fbe04 .av-special-heading-tag{\nfont-size:0.8em;\n}\n}\n<\/style>\n<div  class='av-special-heading av-m1j99ycl-e63e0c139bfad0b10338689bc38fbe04 av-special-heading-h1 blockquote modern-quote  avia-builder-el-1  el_before_av_hr  avia-builder-el-first  av-inherit-size'><h1 class='av-special-heading-tag '  itemprop=\"headline\"  >Isolatsioonit\u00f6\u00f6d<\/h1><div class=\"special-heading-border\"><div class=\"special-heading-inner-border\"><\/div><\/div><\/div>\n<div  class='hr av-1flehc-cfee61516d6c1fd5e003b6d7cefc129b hr-short  avia-builder-el-2  el_after_av_heading  el_before_av_two_fifth  hr-left'><span class='hr-inner '><span class=\"hr-inner-style\"><\/span><\/span><\/div>\n<div  class='flex_column av-17h1sg-61fd2b85ef229060d718965c00953169 av_two_fifth  avia-builder-el-3  el_after_av_hr  el_before_av_three_fifth  first flex_column_div  '     ><style type=\"text\/css\" data-created_by=\"avia_inline_auto\" id=\"style-css-av-14s8g8-7e50eb51cd1402ade17a19765e3b0850\">\n.avia-image-container.av-14s8g8-7e50eb51cd1402ade17a19765e3b0850 img.avia_image{\nbox-shadow:none;\n}\n.avia-image-container.av-14s8g8-7e50eb51cd1402ade17a19765e3b0850 .av-image-caption-overlay-center{\ncolor:#ffffff;\n}\n<\/style>\n<div  class='avia-image-container av-14s8g8-7e50eb51cd1402ade17a19765e3b0850 av-styling- avia-align-center  avia-builder-el-4  avia-builder-el-no-sibling '   itemprop=\"image\" itemscope=\"itemscope\" itemtype=\"https:\/\/schema.org\/ImageObject\" ><div class=\"avia-image-container-inner\"><div class=\"avia-image-overlay-wrap\"><img decoding=\"async\" fetchpriority=\"high\" class='wp-image-998 avia-img-lazy-loading-not-998 avia_image ' src=\"https:\/\/steam-energy.eu\/wp-content\/uploads\/2024\/09\/pipes2-300x199.jpg\" alt='' title='pipes2'  height=\"199\" width=\"300\"  itemprop=\"thumbnailUrl\" srcset=\"https:\/\/steam-energy.eu\/wp-content\/uploads\/2024\/09\/pipes2-300x199.jpg 300w, https:\/\/steam-energy.eu\/wp-content\/uploads\/2024\/09\/pipes2-1030x684.jpg 1030w, https:\/\/steam-energy.eu\/wp-content\/uploads\/2024\/09\/pipes2-768x510.jpg 768w, https:\/\/steam-energy.eu\/wp-content\/uploads\/2024\/09\/pipes2-705x468.jpg 705w, https:\/\/steam-energy.eu\/wp-content\/uploads\/2024\/09\/pipes2.jpg 1263w\" sizes=\"(max-width: 300px) 100vw, 300px\" \/><\/div><\/div><\/div><\/div><div  class='flex_column av-urmyw-8b264ff4429279ab6bb54c918d32aaf0 av_three_fifth  avia-builder-el-5  el_after_av_two_fifth  el_before_av_hr  flex_column_div  '     ><section  class='av_textblock_section av-m1j99upr-357840b2642e42046b4ab5a375558565 '   itemscope=\"itemscope\" itemtype=\"https:\/\/schema.org\/CreativeWork\" ><div class='avia_textblock'  itemprop=\"text\" ><p>Kuna tegutseme energiasektoris, kus transporditakse kuumasid materjale ning kus on vajalik kaitsta materjale liigse jahtumise eest, puutume igap\u00e4evaselt kokku materjalide ja trasside isoleerimisega ja isolatsioonit\u00f6\u00f6dega.<\/p>\n<p>Isoleerimine aurutorustikke, kondensaaditorustikke ning vajadusel kaitseme muid torustikke liigse k\u00fclmumise eest. K\u00fclmakartlikele fluidumitele paigaldame toru \u00fcmber k\u00fcttekaabli (n\u00e4iteks v\u00e4lised veetrassid, LPG trassid).<\/p>\n<p>Isoleerime mahuteid, soojuss\u00f5lmesid ja aurus\u00f5lmesid ning vajadusel katame need plekiga.<\/p>\n<p>Pakume j\u00e4rgnevaid isolatsioonit\u00f6id:<\/p>\n<ul>\n<li>Aurutorude isoleerimine<\/li>\n<li>Kondensaaditorude isoleerimine<\/li>\n<li>Veetorude isoleerimine<\/li>\n<li>K\u00fctusetorustike isoleerimine (LPG, rasked k\u00fctte\u00f5lid)<\/li>\n<li>Mahutite isoleerimine<\/li>\n<li>Korstna suitsuk\u00e4ikude ja slepede isoleerimine<\/li>\n<\/ul>\n<p>K\u00f5iki eelnevaid t\u00f6id on v\u00f5imalik tellida ka plekiga kaetuna.<\/p>\n<\/div><\/section><\/div><div  class='hr av-pamdk-d590402d3d7852154bc905b7162f0c18 hr-default  avia-builder-el-7  el_after_av_three_fifth  avia-builder-el-last '><span class='hr-inner '><span class=\"hr-inner-style\"><\/span><\/span><\/div>\n<\/div><\/div><\/main><!-- close content main element --><\/div><\/div><div id='after_section_1'  class='main_color av_default_container_wrap container_wrap sidebar_right'  ><div class='container av-section-cont-open' ><div class='template-page content  av-content-small alpha units'><div class='post-entry post-entry-type-page post-entry-960'><div class='entry-content-wrapper clearfix'>\n","protected":false},"excerpt":{"rendered":"","protected":false},"author":2,"featured_media":0,"parent":0,"menu_order":0,"comment_status":"closed","ping_status":"closed","template":"","meta":{"footnotes":""},"class_list":["post-960","page","type-page","status-publish","hentry"],"yoast_head":"<!-- This site is optimized with the Yoast SEO plugin v26.4 - https:\/\/yoast.com\/wordpress\/plugins\/seo\/ -->\n<title>Isolatsioonit\u00f6\u00f6d - Biomass steam solutions<\/title>\n<meta name=\"description\" content=\"Isolatsioonit\u00f6\u00f6d t\u00f6\u00f6stustes ja mujal. Tagame ohutuse, kuumakindluse ja k\u00fclmakindluse. Mahutite, torustike ja suitsuk\u00e4ikude isoleerimist\u00f6\u00f6d.\" \/>\n<meta name=\"robots\" content=\"index, follow, max-snippet:-1, max-image-preview:large, max-video-preview:-1\" \/>\n<link rel=\"canonical\" href=\"https:\/\/www.steam-energy.eu\/et\/isolatsioonitood\/\" \/>\n<meta property=\"og:locale\" content=\"et_EE\" \/>\n<meta property=\"og:type\" content=\"article\" \/>\n<meta property=\"og:title\" content=\"Isolatsioonit\u00f6\u00f6d - Biomass steam solutions\" \/>\n<meta property=\"og:description\" content=\"Isolatsioonit\u00f6\u00f6d t\u00f6\u00f6stustes ja mujal. Tagame ohutuse, kuumakindluse ja k\u00fclmakindluse. Mahutite, torustike ja suitsuk\u00e4ikude isoleerimist\u00f6\u00f6d.\" \/>\n<meta property=\"og:url\" content=\"https:\/\/www.steam-energy.eu\/et\/isolatsioonitood\/\" \/>\n<meta property=\"og:site_name\" content=\"Biomass steam solutions\" \/>\n<meta property=\"article:modified_time\" content=\"2024-09-26T20:39:19+00:00\" \/>\n<meta name=\"twitter:card\" content=\"summary_large_image\" \/>\n<meta name=\"twitter:label1\" content=\"Est. reading time\" \/>\n\t<meta name=\"twitter:data1\" content=\"1 minut\" \/>\n<script type=\"application\/ld+json\" class=\"yoast-schema-graph\">{\"@context\":\"https:\/\/schema.org\",\"@graph\":[{\"@type\":\"WebPage\",\"@id\":\"https:\/\/www.steam-energy.eu\/et\/isolatsioonitood\/\",\"url\":\"https:\/\/www.steam-energy.eu\/et\/isolatsioonitood\/\",\"name\":\"Isolatsioonit\u00f6\u00f6d - Biomass steam solutions\",\"isPartOf\":{\"@id\":\"https:\/\/steam-energy.eu\/#website\"},\"datePublished\":\"2024-09-26T11:50:41+00:00\",\"dateModified\":\"2024-09-26T20:39:19+00:00\",\"description\":\"Isolatsioonit\u00f6\u00f6d t\u00f6\u00f6stustes ja mujal. Tagame ohutuse, kuumakindluse ja k\u00fclmakindluse. Mahutite, torustike ja suitsuk\u00e4ikude isoleerimist\u00f6\u00f6d.\",\"breadcrumb\":{\"@id\":\"https:\/\/www.steam-energy.eu\/et\/isolatsioonitood\/#breadcrumb\"},\"inLanguage\":\"et\",\"potentialAction\":[{\"@type\":\"ReadAction\",\"target\":[\"https:\/\/www.steam-energy.eu\/et\/isolatsioonitood\/\"]}]},{\"@type\":\"BreadcrumbList\",\"@id\":\"https:\/\/www.steam-energy.eu\/et\/isolatsioonitood\/#breadcrumb\",\"itemListElement\":[{\"@type\":\"ListItem\",\"position\":1,\"name\":\"Home\",\"item\":\"https:\/\/steam-energy.eu\/\"},{\"@type\":\"ListItem\",\"position\":2,\"name\":\"Isolatsioonit\u00f6\u00f6d\"}]},{\"@type\":\"WebSite\",\"@id\":\"https:\/\/steam-energy.eu\/#website\",\"url\":\"https:\/\/steam-energy.eu\/\",\"name\":\"Biomass steam solutions\",\"description\":\"\",\"publisher\":{\"@id\":\"https:\/\/steam-energy.eu\/#organization\"},\"potentialAction\":[{\"@type\":\"SearchAction\",\"target\":{\"@type\":\"EntryPoint\",\"urlTemplate\":\"https:\/\/steam-energy.eu\/?s={search_term_string}\"},\"query-input\":{\"@type\":\"PropertyValueSpecification\",\"valueRequired\":true,\"valueName\":\"search_term_string\"}}],\"inLanguage\":\"et\"},{\"@type\":\"Organization\",\"@id\":\"https:\/\/steam-energy.eu\/#organization\",\"name\":\"Kateena O\u00dc\",\"url\":\"https:\/\/steam-energy.eu\/\",\"logo\":{\"@type\":\"ImageObject\",\"inLanguage\":\"et\",\"@id\":\"https:\/\/steam-energy.eu\/#\/schema\/logo\/image\/\",\"url\":\"https:\/\/steam-energy.eu\/wp-content\/uploads\/2022\/10\/logo.png\",\"contentUrl\":\"https:\/\/steam-energy.eu\/wp-content\/uploads\/2022\/10\/logo.png\",\"width\":330,\"height\":120,\"caption\":\"Kateena O\u00dc\"},\"image\":{\"@id\":\"https:\/\/steam-energy.eu\/#\/schema\/logo\/image\/\"}}]}<\/script>\n<!-- \/ Yoast SEO plugin. -->","yoast_head_json":{"title":"Isolatsioonit\u00f6\u00f6d - Biomass steam solutions","description":"Isolatsioonit\u00f6\u00f6d t\u00f6\u00f6stustes ja mujal. Tagame ohutuse, kuumakindluse ja k\u00fclmakindluse. Mahutite, torustike ja suitsuk\u00e4ikude isoleerimist\u00f6\u00f6d.","robots":{"index":"index","follow":"follow","max-snippet":"max-snippet:-1","max-image-preview":"max-image-preview:large","max-video-preview":"max-video-preview:-1"},"canonical":"https:\/\/www.steam-energy.eu\/et\/isolatsioonitood\/","og_locale":"et_EE","og_type":"article","og_title":"Isolatsioonit\u00f6\u00f6d - Biomass steam solutions","og_description":"Isolatsioonit\u00f6\u00f6d t\u00f6\u00f6stustes ja mujal. Tagame ohutuse, kuumakindluse ja k\u00fclmakindluse. Mahutite, torustike ja suitsuk\u00e4ikude isoleerimist\u00f6\u00f6d.","og_url":"https:\/\/www.steam-energy.eu\/et\/isolatsioonitood\/","og_site_name":"Biomass steam solutions","article_modified_time":"2024-09-26T20:39:19+00:00","twitter_card":"summary_large_image","twitter_misc":{"Est. reading time":"1 minut"},"schema":{"@context":"https:\/\/schema.org","@graph":[{"@type":"WebPage","@id":"https:\/\/www.steam-energy.eu\/et\/isolatsioonitood\/","url":"https:\/\/www.steam-energy.eu\/et\/isolatsioonitood\/","name":"Isolatsioonit\u00f6\u00f6d - Biomass steam solutions","isPartOf":{"@id":"https:\/\/steam-energy.eu\/#website"},"datePublished":"2024-09-26T11:50:41+00:00","dateModified":"2024-09-26T20:39:19+00:00","description":"Isolatsioonit\u00f6\u00f6d t\u00f6\u00f6stustes ja mujal. Tagame ohutuse, kuumakindluse ja k\u00fclmakindluse. Mahutite, torustike ja suitsuk\u00e4ikude isoleerimist\u00f6\u00f6d.","breadcrumb":{"@id":"https:\/\/www.steam-energy.eu\/et\/isolatsioonitood\/#breadcrumb"},"inLanguage":"et","potentialAction":[{"@type":"ReadAction","target":["https:\/\/www.steam-energy.eu\/et\/isolatsioonitood\/"]}]},{"@type":"BreadcrumbList","@id":"https:\/\/www.steam-energy.eu\/et\/isolatsioonitood\/#breadcrumb","itemListElement":[{"@type":"ListItem","position":1,"name":"Home","item":"https:\/\/steam-energy.eu\/"},{"@type":"ListItem","position":2,"name":"Isolatsioonit\u00f6\u00f6d"}]},{"@type":"WebSite","@id":"https:\/\/steam-energy.eu\/#website","url":"https:\/\/steam-energy.eu\/","name":"Biomass steam solutions","description":"","publisher":{"@id":"https:\/\/steam-energy.eu\/#organization"},"potentialAction":[{"@type":"SearchAction","target":{"@type":"EntryPoint","urlTemplate":"https:\/\/steam-energy.eu\/?s={search_term_string}"},"query-input":{"@type":"PropertyValueSpecification","valueRequired":true,"valueName":"search_term_string"}}],"inLanguage":"et"},{"@type":"Organization","@id":"https:\/\/steam-energy.eu\/#organization","name":"Kateena O\u00dc","url":"https:\/\/steam-energy.eu\/","logo":{"@type":"ImageObject","inLanguage":"et","@id":"https:\/\/steam-energy.eu\/#\/schema\/logo\/image\/","url":"https:\/\/steam-energy.eu\/wp-content\/uploads\/2022\/10\/logo.png","contentUrl":"https:\/\/steam-energy.eu\/wp-content\/uploads\/2022\/10\/logo.png","width":330,"height":120,"caption":"Kateena O\u00dc"},"image":{"@id":"https:\/\/steam-energy.eu\/#\/schema\/logo\/image\/"}}]}},"_links":{"self":[{"href":"https:\/\/steam-energy.eu\/et\/wp-json\/wp\/v2\/pages\/960","targetHints":{"allow":["GET"]}}],"collection":[{"href":"https:\/\/steam-energy.eu\/et\/wp-json\/wp\/v2\/pages"}],"about":[{"href":"https:\/\/steam-energy.eu\/et\/wp-json\/wp\/v2\/types\/page"}],"author":[{"embeddable":true,"href":"https:\/\/steam-energy.eu\/et\/wp-json\/wp\/v2\/users\/2"}],"replies":[{"embeddable":true,"href":"https:\/\/steam-energy.eu\/et\/wp-json\/wp\/v2\/comments?post=960"}],"version-history":[{"count":5,"href":"https:\/\/steam-energy.eu\/et\/wp-json\/wp\/v2\/pages\/960\/revisions"}],"predecessor-version":[{"id":1004,"href":"https:\/\/steam-energy.eu\/et\/wp-json\/wp\/v2\/pages\/960\/revisions\/1004"}],"wp:attachment":[{"href":"https:\/\/steam-energy.eu\/et\/wp-json\/wp\/v2\/media?parent=960"}],"curies":[{"name":"wp","href":"https:\/\/api.w.org\/{rel}","templated":true}]}}