{"id":955,"date":"2024-09-26T10:39:19","date_gmt":"2024-09-26T10:39:19","guid":{"rendered":"https:\/\/steam-energy.eu\/?page_id=955"},"modified":"2024-09-26T20:35:17","modified_gmt":"2024-09-26T20:35:17","slug":"torustike-ehitus","status":"publish","type":"page","link":"https:\/\/steam-energy.eu\/et\/torustike-ehitus\/","title":{"rendered":"Torustike ehitus"},"content":{"rendered":"<p>Rajame erinevaid torustikke:<\/p>\n<ul>\n<li>Gaasitrassid A, B ja C kategooria;<\/li>\n<li>LPG ja vedelk\u00fctuse trassid;<\/li>\n<li>Auru ja kondensaadi torustikud<\/li>\n<\/ul>\n<p>Tegeleme peamiselt energeetika sektori klientidega. Energia tootmiseks on vaja k\u00fctust ning teisalt on toodetud energia vaja kuhugi transportida. Omame kogemusi, p\u00e4devust ja personali erinevate torustike ehituseks, olgu selleks kas gaasikatlamaja gaasitrassi rajamine v\u00f5i biogaasi puhastusseadmete torustiku rajamine.<\/p>\n<p>Lisaks gaasitorustikule, pakume klientidele ka vajalikku armatuuri gaasis\u00f5lmede koostamiseks ning gaasis\u00f5lmede ja gaasirongide koostamist. Oleme mitmeid katlamajasid \u00fcle viinud maagaasilt vedelgaasile (LPG-le) ning teame LPG kasutamise erip\u00e4rasid. Seet\u00f5ttu pakume klientidele t\u00f6\u00f6kindlat tehnilist lahendust koos piisavalt suurte kollektorite ja \u00f5lin\u00f5rutitega.<\/p>\n<p><img loading=\"lazy\" decoding=\"async\" class=\"wp-image-998 alignleft\" src=\"https:\/\/steam-energy.eu\/wp-content\/uploads\/2024\/09\/pipes2-300x199.jpg\" alt=\"\" width=\"389\" height=\"258\" srcset=\"https:\/\/steam-energy.eu\/wp-content\/uploads\/2024\/09\/pipes2-300x199.jpg 300w, https:\/\/steam-energy.eu\/wp-content\/uploads\/2024\/09\/pipes2-1030x684.jpg 1030w, https:\/\/steam-energy.eu\/wp-content\/uploads\/2024\/09\/pipes2-768x510.jpg 768w, https:\/\/steam-energy.eu\/wp-content\/uploads\/2024\/09\/pipes2-705x468.jpg 705w, https:\/\/steam-energy.eu\/wp-content\/uploads\/2024\/09\/pipes2.jpg 1263w\" sizes=\"auto, (max-width: 389px) 100vw, 389px\" \/><\/p>\n<p>Gaasitrasside, aurutrasside ja kondensaaditrasside\u00a0 puhul saame kliente aidata esialgse idee formuleerimise, projekteerimise, torustiku ehitamise ning seadustamisega. <strong>Soovi korral pakume nii gaasipaigaldise kui ka surveseadme j\u00e4relevaatamise teenust.<\/strong><\/p>\n<p>&nbsp;<\/p>\n<p>Omame p\u00f5hjalikku kogemust auru- ja kondensaadi trasside rajamisel, mida oleme saanud t\u00e4nu aastak\u00fcmnete pikkusele aurukatlamajade ehituse kogemusele. Valmistame auru reguleers\u00f5lmesid ning kondensaadi kogumismahuteid ja kondensaadipumplaid. Isoleerimine auru ja kondensaadi torustikke ning vajadusel katame need plekiga.<\/p>\n","protected":false},"excerpt":{"rendered":"<p>Rajame erinevaid torustikke: Gaasitrassid A, B ja C kategooria; LPG ja vedelk\u00fctuse trassid; Auru ja kondensaadi torustikud Tegeleme peamiselt energeetika sektori klientidega. Energia tootmiseks on vaja k\u00fctust ning teisalt on toodetud energia vaja kuhugi transportida. Omame kogemusi, p\u00e4devust ja personali erinevate torustike ehituseks, olgu selleks kas gaasikatlamaja gaasitrassi rajamine v\u00f5i biogaasi puhastusseadmete torustiku rajamine. Lisaks [&hellip;]<\/p>\n","protected":false},"author":2,"featured_media":0,"parent":0,"menu_order":0,"comment_status":"closed","ping_status":"closed","template":"","meta":{"footnotes":""},"class_list":["post-955","page","type-page","status-publish","hentry"],"yoast_head":"<!-- This site is optimized with the Yoast SEO plugin v26.4 - https:\/\/yoast.com\/wordpress\/plugins\/seo\/ -->\n<title>Torustike ehitus - Biomass steam solutions<\/title>\n<meta name=\"description\" content=\"A, B ja C-kategooria gaasitrasside ehitus, auru- ja kondensaaditorustiku ehitus, roostevaba torustiku ehitus.\" \/>\n<meta name=\"robots\" content=\"index, follow, max-snippet:-1, max-image-preview:large, max-video-preview:-1\" \/>\n<link rel=\"canonical\" href=\"https:\/\/steam-energy.eu\/et\/torustike-ehitus\/\" \/>\n<meta property=\"og:locale\" content=\"et_EE\" \/>\n<meta property=\"og:type\" content=\"article\" \/>\n<meta property=\"og:title\" content=\"Torustike ehitus - Biomass steam solutions\" \/>\n<meta property=\"og:description\" content=\"A, B ja C-kategooria gaasitrasside ehitus, auru- ja kondensaaditorustiku ehitus, roostevaba torustiku ehitus.\" \/>\n<meta property=\"og:url\" content=\"https:\/\/steam-energy.eu\/et\/torustike-ehitus\/\" \/>\n<meta property=\"og:site_name\" content=\"Biomass steam solutions\" \/>\n<meta property=\"article:modified_time\" content=\"2024-09-26T20:35:17+00:00\" \/>\n<meta property=\"og:image\" content=\"https:\/\/steam-energy.eu\/wp-content\/uploads\/2024\/09\/pipes2-300x199.jpg\" \/>\n<meta name=\"twitter:card\" content=\"summary_large_image\" \/>\n<meta name=\"twitter:label1\" content=\"Est. reading time\" \/>\n\t<meta name=\"twitter:data1\" content=\"1 minut\" \/>\n<script type=\"application\/ld+json\" class=\"yoast-schema-graph\">{\"@context\":\"https:\/\/schema.org\",\"@graph\":[{\"@type\":\"WebPage\",\"@id\":\"https:\/\/steam-energy.eu\/et\/torustike-ehitus\/\",\"url\":\"https:\/\/steam-energy.eu\/et\/torustike-ehitus\/\",\"name\":\"Torustike ehitus - Biomass steam solutions\",\"isPartOf\":{\"@id\":\"https:\/\/www.steam-energy.eu\/#website\"},\"primaryImageOfPage\":{\"@id\":\"https:\/\/steam-energy.eu\/et\/torustike-ehitus\/#primaryimage\"},\"image\":{\"@id\":\"https:\/\/steam-energy.eu\/et\/torustike-ehitus\/#primaryimage\"},\"thumbnailUrl\":\"https:\/\/steam-energy.eu\/wp-content\/uploads\/2024\/09\/pipes2-300x199.jpg\",\"datePublished\":\"2024-09-26T10:39:19+00:00\",\"dateModified\":\"2024-09-26T20:35:17+00:00\",\"description\":\"A, B ja C-kategooria gaasitrasside ehitus, auru- ja kondensaaditorustiku ehitus, roostevaba torustiku ehitus.\",\"breadcrumb\":{\"@id\":\"https:\/\/steam-energy.eu\/et\/torustike-ehitus\/#breadcrumb\"},\"inLanguage\":\"et\",\"potentialAction\":[{\"@type\":\"ReadAction\",\"target\":[\"https:\/\/steam-energy.eu\/et\/torustike-ehitus\/\"]}]},{\"@type\":\"ImageObject\",\"inLanguage\":\"et\",\"@id\":\"https:\/\/steam-energy.eu\/et\/torustike-ehitus\/#primaryimage\",\"url\":\"https:\/\/steam-energy.eu\/wp-content\/uploads\/2024\/09\/pipes2-300x199.jpg\",\"contentUrl\":\"https:\/\/steam-energy.eu\/wp-content\/uploads\/2024\/09\/pipes2-300x199.jpg\"},{\"@type\":\"BreadcrumbList\",\"@id\":\"https:\/\/steam-energy.eu\/et\/torustike-ehitus\/#breadcrumb\",\"itemListElement\":[{\"@type\":\"ListItem\",\"position\":1,\"name\":\"Home\",\"item\":\"https:\/\/www.steam-energy.eu\/\"},{\"@type\":\"ListItem\",\"position\":2,\"name\":\"Torustike ehitus\"}]},{\"@type\":\"WebSite\",\"@id\":\"https:\/\/www.steam-energy.eu\/#website\",\"url\":\"https:\/\/www.steam-energy.eu\/\",\"name\":\"Biomass steam solutions\",\"description\":\"\",\"publisher\":{\"@id\":\"https:\/\/www.steam-energy.eu\/#organization\"},\"potentialAction\":[{\"@type\":\"SearchAction\",\"target\":{\"@type\":\"EntryPoint\",\"urlTemplate\":\"https:\/\/www.steam-energy.eu\/?s={search_term_string}\"},\"query-input\":{\"@type\":\"PropertyValueSpecification\",\"valueRequired\":true,\"valueName\":\"search_term_string\"}}],\"inLanguage\":\"et\"},{\"@type\":\"Organization\",\"@id\":\"https:\/\/www.steam-energy.eu\/#organization\",\"name\":\"Kateena O\u00dc\",\"url\":\"https:\/\/www.steam-energy.eu\/\",\"logo\":{\"@type\":\"ImageObject\",\"inLanguage\":\"et\",\"@id\":\"https:\/\/www.steam-energy.eu\/#\/schema\/logo\/image\/\",\"url\":\"https:\/\/steam-energy.eu\/wp-content\/uploads\/2022\/10\/logo.png\",\"contentUrl\":\"https:\/\/steam-energy.eu\/wp-content\/uploads\/2022\/10\/logo.png\",\"width\":330,\"height\":120,\"caption\":\"Kateena O\u00dc\"},\"image\":{\"@id\":\"https:\/\/www.steam-energy.eu\/#\/schema\/logo\/image\/\"}}]}<\/script>\n<!-- \/ Yoast SEO plugin. -->","yoast_head_json":{"title":"Torustike ehitus - Biomass steam solutions","description":"A, B ja C-kategooria gaasitrasside ehitus, auru- ja kondensaaditorustiku ehitus, roostevaba torustiku ehitus.","robots":{"index":"index","follow":"follow","max-snippet":"max-snippet:-1","max-image-preview":"max-image-preview:large","max-video-preview":"max-video-preview:-1"},"canonical":"https:\/\/steam-energy.eu\/et\/torustike-ehitus\/","og_locale":"et_EE","og_type":"article","og_title":"Torustike ehitus - Biomass steam solutions","og_description":"A, B ja C-kategooria gaasitrasside ehitus, auru- ja kondensaaditorustiku ehitus, roostevaba torustiku ehitus.","og_url":"https:\/\/steam-energy.eu\/et\/torustike-ehitus\/","og_site_name":"Biomass steam solutions","article_modified_time":"2024-09-26T20:35:17+00:00","og_image":[{"url":"https:\/\/steam-energy.eu\/wp-content\/uploads\/2024\/09\/pipes2-300x199.jpg","type":"","width":"","height":""}],"twitter_card":"summary_large_image","twitter_misc":{"Est. reading time":"1 minut"},"schema":{"@context":"https:\/\/schema.org","@graph":[{"@type":"WebPage","@id":"https:\/\/steam-energy.eu\/et\/torustike-ehitus\/","url":"https:\/\/steam-energy.eu\/et\/torustike-ehitus\/","name":"Torustike ehitus - Biomass steam solutions","isPartOf":{"@id":"https:\/\/www.steam-energy.eu\/#website"},"primaryImageOfPage":{"@id":"https:\/\/steam-energy.eu\/et\/torustike-ehitus\/#primaryimage"},"image":{"@id":"https:\/\/steam-energy.eu\/et\/torustike-ehitus\/#primaryimage"},"thumbnailUrl":"https:\/\/steam-energy.eu\/wp-content\/uploads\/2024\/09\/pipes2-300x199.jpg","datePublished":"2024-09-26T10:39:19+00:00","dateModified":"2024-09-26T20:35:17+00:00","description":"A, B ja C-kategooria gaasitrasside ehitus, auru- ja kondensaaditorustiku ehitus, roostevaba torustiku ehitus.","breadcrumb":{"@id":"https:\/\/steam-energy.eu\/et\/torustike-ehitus\/#breadcrumb"},"inLanguage":"et","potentialAction":[{"@type":"ReadAction","target":["https:\/\/steam-energy.eu\/et\/torustike-ehitus\/"]}]},{"@type":"ImageObject","inLanguage":"et","@id":"https:\/\/steam-energy.eu\/et\/torustike-ehitus\/#primaryimage","url":"https:\/\/steam-energy.eu\/wp-content\/uploads\/2024\/09\/pipes2-300x199.jpg","contentUrl":"https:\/\/steam-energy.eu\/wp-content\/uploads\/2024\/09\/pipes2-300x199.jpg"},{"@type":"BreadcrumbList","@id":"https:\/\/steam-energy.eu\/et\/torustike-ehitus\/#breadcrumb","itemListElement":[{"@type":"ListItem","position":1,"name":"Home","item":"https:\/\/www.steam-energy.eu\/"},{"@type":"ListItem","position":2,"name":"Torustike ehitus"}]},{"@type":"WebSite","@id":"https:\/\/www.steam-energy.eu\/#website","url":"https:\/\/www.steam-energy.eu\/","name":"Biomass steam solutions","description":"","publisher":{"@id":"https:\/\/www.steam-energy.eu\/#organization"},"potentialAction":[{"@type":"SearchAction","target":{"@type":"EntryPoint","urlTemplate":"https:\/\/www.steam-energy.eu\/?s={search_term_string}"},"query-input":{"@type":"PropertyValueSpecification","valueRequired":true,"valueName":"search_term_string"}}],"inLanguage":"et"},{"@type":"Organization","@id":"https:\/\/www.steam-energy.eu\/#organization","name":"Kateena O\u00dc","url":"https:\/\/www.steam-energy.eu\/","logo":{"@type":"ImageObject","inLanguage":"et","@id":"https:\/\/www.steam-energy.eu\/#\/schema\/logo\/image\/","url":"https:\/\/steam-energy.eu\/wp-content\/uploads\/2022\/10\/logo.png","contentUrl":"https:\/\/steam-energy.eu\/wp-content\/uploads\/2022\/10\/logo.png","width":330,"height":120,"caption":"Kateena O\u00dc"},"image":{"@id":"https:\/\/www.steam-energy.eu\/#\/schema\/logo\/image\/"}}]}},"_links":{"self":[{"href":"https:\/\/steam-energy.eu\/et\/wp-json\/wp\/v2\/pages\/955","targetHints":{"allow":["GET"]}}],"collection":[{"href":"https:\/\/steam-energy.eu\/et\/wp-json\/wp\/v2\/pages"}],"about":[{"href":"https:\/\/steam-energy.eu\/et\/wp-json\/wp\/v2\/types\/page"}],"author":[{"embeddable":true,"href":"https:\/\/steam-energy.eu\/et\/wp-json\/wp\/v2\/users\/2"}],"replies":[{"embeddable":true,"href":"https:\/\/steam-energy.eu\/et\/wp-json\/wp\/v2\/comments?post=955"}],"version-history":[{"count":5,"href":"https:\/\/steam-energy.eu\/et\/wp-json\/wp\/v2\/pages\/955\/revisions"}],"predecessor-version":[{"id":1029,"href":"https:\/\/steam-energy.eu\/et\/wp-json\/wp\/v2\/pages\/955\/revisions\/1029"}],"wp:attachment":[{"href":"https:\/\/steam-energy.eu\/et\/wp-json\/wp\/v2\/media?parent=955"}],"curies":[{"name":"wp","href":"https:\/\/api.w.org\/{rel}","templated":true}]}}