{"id":880,"date":"2022-10-21T22:10:38","date_gmt":"2022-10-21T22:10:38","guid":{"rendered":"https:\/\/steam-energy.eu\/biomass-steam-boilers\/"},"modified":"2024-09-26T08:20:12","modified_gmt":"2024-09-26T08:20:12","slug":"biomass-steam-boilers","status":"publish","type":"page","link":"https:\/\/steam-energy.eu\/et\/biomass-steam-boilers\/","title":{"rendered":"Biok\u00fctuse aurukatlad"},"content":{"rendered":"<div id='av_section_1'  class='avia-section av-79ag-4dfa4b34efd234a0d446e2b7dfe38649 main_color avia-section-large avia-no-border-styling  avia-builder-el-0  el_before_av_section  avia-builder-el-first  avia-bg-style-scroll container_wrap sidebar_right'  ><div class='container av-section-cont-open' ><main  role=\"main\" itemprop=\"mainContentOfPage\"  class='template-page content  av-content-small alpha units'><div class='post-entry post-entry-type-page post-entry-880'><div class='entry-content-wrapper clearfix'>\n\n<style type=\"text\/css\" data-created_by=\"avia_inline_auto\" id=\"style-css-av-l9j0th1k-ca97005896f2f1c0e5b22c98f520b0c2\">\n#top .av-special-heading.av-l9j0th1k-ca97005896f2f1c0e5b22c98f520b0c2{\npadding-bottom:0;\nfont-size:45px;\n}\nbody .av-special-heading.av-l9j0th1k-ca97005896f2f1c0e5b22c98f520b0c2 .av-special-heading-tag .heading-char{\nfont-size:25px;\n}\n#top #wrap_all .av-special-heading.av-l9j0th1k-ca97005896f2f1c0e5b22c98f520b0c2 .av-special-heading-tag{\nfont-size:45px;\n}\n.av-special-heading.av-l9j0th1k-ca97005896f2f1c0e5b22c98f520b0c2 .av-subheading{\nfont-size:20px;\n}\n\n@media only screen and (min-width: 480px) and (max-width: 767px){ \n#top #wrap_all .av-special-heading.av-l9j0th1k-ca97005896f2f1c0e5b22c98f520b0c2 .av-special-heading-tag{\nfont-size:0.8em;\n}\n}\n\n@media only screen and (max-width: 479px){ \n#top #wrap_all .av-special-heading.av-l9j0th1k-ca97005896f2f1c0e5b22c98f520b0c2 .av-special-heading-tag{\nfont-size:0.8em;\n}\n}\n<\/style>\n<div  class='av-special-heading av-l9j0th1k-ca97005896f2f1c0e5b22c98f520b0c2 av-special-heading-h1 blockquote modern-quote  avia-builder-el-1  el_before_av_hr  avia-builder-el-first  av-inherit-size'><h1 class='av-special-heading-tag '  itemprop=\"headline\"  >Biok\u00fctuse aurukatlad<\/h1><div class=\"special-heading-border\"><div class=\"special-heading-inner-border\"><\/div><\/div><\/div>\n<div  class='hr av-4l34-88481eeaf219131e213276355ddb5153 hr-short  avia-builder-el-2  el_after_av_heading  el_before_av_one_third  hr-left'><span class='hr-inner '><span class=\"hr-inner-style\"><\/span><\/span><\/div>\n<div  class='flex_column av-heuq6-85918ab231c674b5bcbf0e6e1b1f3e2d av_one_third  avia-builder-el-3  el_after_av_hr  el_before_av_two_third  first flex_column_div  '     ><style type=\"text\/css\" data-created_by=\"avia_inline_auto\" id=\"style-css-av-l9j1fcem-ad7e3331a1ec52fd1b0c88b410c33bf1\">\n.avia-image-container.av-l9j1fcem-ad7e3331a1ec52fd1b0c88b410c33bf1 img.avia_image{\nbox-shadow:none;\n}\n.avia-image-container.av-l9j1fcem-ad7e3331a1ec52fd1b0c88b410c33bf1 .av-image-caption-overlay-center{\ncolor:#ffffff;\n}\n<\/style>\n<div  class='avia-image-container av-l9j1fcem-ad7e3331a1ec52fd1b0c88b410c33bf1 av-styling- avia-align-center  avia-builder-el-4  avia-builder-el-no-sibling '   itemprop=\"image\" itemscope=\"itemscope\" itemtype=\"https:\/\/schema.org\/ImageObject\" ><div class=\"avia-image-container-inner\"><div class=\"avia-image-overlay-wrap\"><img decoding=\"async\" fetchpriority=\"high\" class='wp-image-881 avia-img-lazy-loading-not-881 avia_image ' src=\"https:\/\/steam-energy.eu\/wp-content\/uploads\/2022\/10\/Fully-automatic-biomass-steam-boilers-1030x702.png\" alt='' title='Fully automatic biomass steam boilers'  height=\"702\" width=\"1030\"  itemprop=\"thumbnailUrl\" srcset=\"https:\/\/steam-energy.eu\/wp-content\/uploads\/2022\/10\/Fully-automatic-biomass-steam-boilers-1030x702.png 1030w, https:\/\/steam-energy.eu\/wp-content\/uploads\/2022\/10\/Fully-automatic-biomass-steam-boilers-300x205.png 300w, https:\/\/steam-energy.eu\/wp-content\/uploads\/2022\/10\/Fully-automatic-biomass-steam-boilers-768x524.png 768w, https:\/\/steam-energy.eu\/wp-content\/uploads\/2022\/10\/Fully-automatic-biomass-steam-boilers-705x481.png 705w, https:\/\/steam-energy.eu\/wp-content\/uploads\/2022\/10\/Fully-automatic-biomass-steam-boilers.png 1241w\" sizes=\"(max-width: 1030px) 100vw, 1030px\" \/><\/div><\/div><\/div><\/div><div  class='flex_column av-9c8ja-d9ee18ee0d3f4b30292101388bbfade1 av_two_third  avia-builder-el-5  el_after_av_one_third  avia-builder-el-last  flex_column_div  '     ><section  class='av_textblock_section av-l9j0tozy-e8b2c19700c1b275f3356add6f3102a8 '   itemscope=\"itemscope\" itemtype=\"https:\/\/schema.org\/CreativeWork\" ><div class='avia_textblock'  itemprop=\"text\" ><p><strong>T\u00e4isautomaatsed biomassi ja pelleti aurukatlad.<\/strong><\/p>\n<p><strong>Auru tootlikkus 200&#8230;3000 kg\/h<\/strong><\/p>\n<p><strong>R\u00f5hud 3&#8230;12 bar<\/strong><\/p>\n<p>Meie pelleti aurukatlad suudavad toota auru vahemikus 200&#8230;3000kg\/h. V\u00f5imalus on valida kas stoker p\u00f5leti v\u00f5i liikuvate restidega p\u00f5leti vahel. Seade on varustatud automaatse tuhaeemalduse ja pneumaatilise puhastamisega. Katelseadmel on standardvarustuses PLC, mis v\u00f5imaldab ka kaugjuhtimisega t\u00f6\u00f6d j\u00e4lgida ja reguleerida.<\/p>\n<p>Meie seadmestiku valikusse kuuluvad ka toitevee ettevalmistuse seadmed (RO seadmed, veepehmendid, deaeraatorid), suitsugaaside puhastusseadmed ja korsten.<\/p>\n<p>Pelleti aurukatel on suurep\u00e4rane viis auru tootmise kulude v\u00e4hendamiseks. Pelletiaurukatlad on v\u00e4hemalt 50% odavamad kui hakkpuidu aurukatlad. Meie pakutav biomassi aurukatel vajab 50% v\u00e4hem ruumi kui konkureerivad hakkepuidu v\u00f5i pelleti aurukatlad.<\/p>\n<p><strong>Sobivad k\u00fctused: hakkpuit G30, pelletid, saepuru.<\/strong><\/p>\n<p>Pakume ka aurukatelde &#8220;h\u00fcbriid&#8221; versioone, mis sisaldavad maagaasi v\u00f5i vedelk\u00fctuse p\u00f5letit, seega on v\u00f5imalik kasutada nii biomassi kui ka vedel\/gaask\u00fctuseid.<\/p>\n<p>Meie h\u00fcbriidkatlad v\u00f5imaldavad klientidel m\u00f5ne tunni jooksul \u00fchelt k\u00fctuselt teisele \u00fcle minna. See v\u00f5imaldab katelde operaatoritel k\u00f5ikuval k\u00fctusehinna turul drastiliselt kokku hoida.<\/p>\n<\/div><\/section><\/div><\/div><\/div><\/main><!-- close content main element --><\/div><\/div><div id='av_section_2'  class='avia-section av-b20au-4bc196102b630c27e335ef8a68329a72 main_color avia-section-default avia-no-border-styling  avia-builder-el-7  el_after_av_section  avia-builder-el-last  avia-bg-style-scroll container_wrap sidebar_right'  ><div class='container av-section-cont-open' ><div class='template-page content  av-content-small alpha units'><div class='post-entry post-entry-type-page post-entry-880'><div class='entry-content-wrapper clearfix'>\n<div id='av-masonry-1' class='av-masonry av-l9j1pvse-fa292882daa95fdbe548db7bfc4779f1 noHover av-fixed-size av-large-gap av-hover-overlay- av-masonry-animation- av-masonry-col-flexible av-caption-always av-caption-style- av-masonry-gallery ' data-post_id=\"880\"><div class=\"av-masonry-container isotope av-js-disabled\"><div class='av-masonry-entry isotope-item av-masonry-item-no-image '><\/div><a href=\"https:\/\/steam-energy.eu\/wp-content\/uploads\/2023\/12\/IMG_20220627_113826-1-773x1030.jpg\" data-srcset=\"https:\/\/steam-energy.eu\/wp-content\/uploads\/2023\/12\/IMG_20220627_113826-1-773x1030.jpg 773w, https:\/\/steam-energy.eu\/wp-content\/uploads\/2023\/12\/IMG_20220627_113826-1-225x300.jpg 225w, https:\/\/steam-energy.eu\/wp-content\/uploads\/2023\/12\/IMG_20220627_113826-1-768x1024.jpg 768w, https:\/\/steam-energy.eu\/wp-content\/uploads\/2023\/12\/IMG_20220627_113826-1-1152x1536.jpg 1152w, https:\/\/steam-energy.eu\/wp-content\/uploads\/2023\/12\/IMG_20220627_113826-1-1536x2048.jpg 1536w, https:\/\/steam-energy.eu\/wp-content\/uploads\/2023\/12\/IMG_20220627_113826-1-1125x1500.jpg 1125w, https:\/\/steam-energy.eu\/wp-content\/uploads\/2023\/12\/IMG_20220627_113826-1-529x705.jpg 529w, https:\/\/steam-energy.eu\/wp-content\/uploads\/2023\/12\/IMG_20220627_113826-1.jpg 1200w\" data-sizes=\"(max-width: 773px) 100vw, 773px\"  aria-label=\"image IMG_20220627_113826\"  id='av-masonry-1-item-734' data-av-masonry-item='734' class='av-masonry-entry isotope-item post-734 attachment type-attachment status-inherit hentry  av-masonry-item-with-image' title=\"IMG_20220627_113826\" alt=\"\"    itemprop=\"thumbnailUrl\" ><div class='av-inner-masonry-sizer'><\/div><figure class='av-inner-masonry main_color'><div class=\"av-masonry-outerimage-container\"><div class='av-masonry-image-container' style=\"background-image: url(https:\/\/steam-energy.eu\/wp-content\/uploads\/2023\/12\/IMG_20220627_113826-1-529x705.jpg);\"  title=\"IMG_20220627_113826\" ><\/div><\/div><\/figure><\/a><!--end av-masonry entry--><\/div><\/div>\n<\/div><\/div><\/div><!-- close content main div --><\/div><\/div><div id='after_section_2'  class='main_color av_default_container_wrap container_wrap sidebar_right'  ><div class='container av-section-cont-open' ><div class='template-page content  av-content-small alpha units'><div class='post-entry post-entry-type-page post-entry-880'><div class='entry-content-wrapper clearfix'><\/p>\n","protected":false},"excerpt":{"rendered":"","protected":false},"author":1,"featured_media":0,"parent":0,"menu_order":0,"comment_status":"closed","ping_status":"closed","template":"","meta":{"footnotes":""},"class_list":["post-880","page","type-page","status-publish","hentry"],"yoast_head":"<!-- This site is optimized with the Yoast SEO plugin v26.4 - https:\/\/yoast.com\/wordpress\/plugins\/seo\/ -->\n<title>Biok\u00fctuse aurukatlad - Biomass steam solutions<\/title>\n<meta name=\"description\" content=\"Biok\u00fctuse aurukatlad 200...3000kg\/h. Auru tootmine pelletitest, maagaasist, \u00f5list.\" \/>\n<meta name=\"robots\" content=\"index, follow, max-snippet:-1, max-image-preview:large, max-video-preview:-1\" \/>\n<link rel=\"canonical\" href=\"https:\/\/www.steam-energy.eu\/et\/biomass-steam-boilers\/\" \/>\n<meta property=\"og:locale\" content=\"et_EE\" \/>\n<meta property=\"og:type\" content=\"article\" \/>\n<meta property=\"og:title\" content=\"Biok\u00fctuse aurukatlad - Biomass steam solutions\" \/>\n<meta property=\"og:description\" content=\"Biok\u00fctuse aurukatlad 200...3000kg\/h. Auru tootmine pelletitest, maagaasist, \u00f5list.\" \/>\n<meta property=\"og:url\" content=\"https:\/\/www.steam-energy.eu\/et\/biomass-steam-boilers\/\" \/>\n<meta property=\"og:site_name\" content=\"Biomass steam solutions\" \/>\n<meta property=\"article:modified_time\" content=\"2024-09-26T08:20:12+00:00\" \/>\n<meta name=\"twitter:card\" content=\"summary_large_image\" \/>\n<meta name=\"twitter:label1\" content=\"Est. reading time\" \/>\n\t<meta name=\"twitter:data1\" content=\"1 minut\" \/>\n<script type=\"application\/ld+json\" class=\"yoast-schema-graph\">{\"@context\":\"https:\/\/schema.org\",\"@graph\":[{\"@type\":\"WebPage\",\"@id\":\"https:\/\/www.steam-energy.eu\/et\/biomass-steam-boilers\/\",\"url\":\"https:\/\/www.steam-energy.eu\/et\/biomass-steam-boilers\/\",\"name\":\"Biok\u00fctuse aurukatlad - Biomass steam solutions\",\"isPartOf\":{\"@id\":\"https:\/\/steam-energy.eu\/#website\"},\"datePublished\":\"2022-10-21T22:10:38+00:00\",\"dateModified\":\"2024-09-26T08:20:12+00:00\",\"description\":\"Biok\u00fctuse aurukatlad 200...3000kg\/h. Auru tootmine pelletitest, maagaasist, \u00f5list.\",\"breadcrumb\":{\"@id\":\"https:\/\/www.steam-energy.eu\/et\/biomass-steam-boilers\/#breadcrumb\"},\"inLanguage\":\"et\",\"potentialAction\":[{\"@type\":\"ReadAction\",\"target\":[\"https:\/\/www.steam-energy.eu\/et\/biomass-steam-boilers\/\"]}]},{\"@type\":\"BreadcrumbList\",\"@id\":\"https:\/\/www.steam-energy.eu\/et\/biomass-steam-boilers\/#breadcrumb\",\"itemListElement\":[{\"@type\":\"ListItem\",\"position\":1,\"name\":\"Home\",\"item\":\"https:\/\/steam-energy.eu\/\"},{\"@type\":\"ListItem\",\"position\":2,\"name\":\"Biok\u00fctuse aurukatlad\"}]},{\"@type\":\"WebSite\",\"@id\":\"https:\/\/steam-energy.eu\/#website\",\"url\":\"https:\/\/steam-energy.eu\/\",\"name\":\"Biomass steam solutions\",\"description\":\"\",\"publisher\":{\"@id\":\"https:\/\/steam-energy.eu\/#organization\"},\"potentialAction\":[{\"@type\":\"SearchAction\",\"target\":{\"@type\":\"EntryPoint\",\"urlTemplate\":\"https:\/\/steam-energy.eu\/?s={search_term_string}\"},\"query-input\":{\"@type\":\"PropertyValueSpecification\",\"valueRequired\":true,\"valueName\":\"search_term_string\"}}],\"inLanguage\":\"et\"},{\"@type\":\"Organization\",\"@id\":\"https:\/\/steam-energy.eu\/#organization\",\"name\":\"Kateena O\u00dc\",\"url\":\"https:\/\/steam-energy.eu\/\",\"logo\":{\"@type\":\"ImageObject\",\"inLanguage\":\"et\",\"@id\":\"https:\/\/steam-energy.eu\/#\/schema\/logo\/image\/\",\"url\":\"https:\/\/steam-energy.eu\/wp-content\/uploads\/2022\/10\/logo.png\",\"contentUrl\":\"https:\/\/steam-energy.eu\/wp-content\/uploads\/2022\/10\/logo.png\",\"width\":330,\"height\":120,\"caption\":\"Kateena O\u00dc\"},\"image\":{\"@id\":\"https:\/\/steam-energy.eu\/#\/schema\/logo\/image\/\"}}]}<\/script>\n<!-- \/ Yoast SEO plugin. -->","yoast_head_json":{"title":"Biok\u00fctuse aurukatlad - Biomass steam solutions","description":"Biok\u00fctuse aurukatlad 200...3000kg\/h. Auru tootmine pelletitest, maagaasist, \u00f5list.","robots":{"index":"index","follow":"follow","max-snippet":"max-snippet:-1","max-image-preview":"max-image-preview:large","max-video-preview":"max-video-preview:-1"},"canonical":"https:\/\/www.steam-energy.eu\/et\/biomass-steam-boilers\/","og_locale":"et_EE","og_type":"article","og_title":"Biok\u00fctuse aurukatlad - Biomass steam solutions","og_description":"Biok\u00fctuse aurukatlad 200...3000kg\/h. Auru tootmine pelletitest, maagaasist, \u00f5list.","og_url":"https:\/\/www.steam-energy.eu\/et\/biomass-steam-boilers\/","og_site_name":"Biomass steam solutions","article_modified_time":"2024-09-26T08:20:12+00:00","twitter_card":"summary_large_image","twitter_misc":{"Est. reading time":"1 minut"},"schema":{"@context":"https:\/\/schema.org","@graph":[{"@type":"WebPage","@id":"https:\/\/www.steam-energy.eu\/et\/biomass-steam-boilers\/","url":"https:\/\/www.steam-energy.eu\/et\/biomass-steam-boilers\/","name":"Biok\u00fctuse aurukatlad - Biomass steam solutions","isPartOf":{"@id":"https:\/\/steam-energy.eu\/#website"},"datePublished":"2022-10-21T22:10:38+00:00","dateModified":"2024-09-26T08:20:12+00:00","description":"Biok\u00fctuse aurukatlad 200...3000kg\/h. Auru tootmine pelletitest, maagaasist, \u00f5list.","breadcrumb":{"@id":"https:\/\/www.steam-energy.eu\/et\/biomass-steam-boilers\/#breadcrumb"},"inLanguage":"et","potentialAction":[{"@type":"ReadAction","target":["https:\/\/www.steam-energy.eu\/et\/biomass-steam-boilers\/"]}]},{"@type":"BreadcrumbList","@id":"https:\/\/www.steam-energy.eu\/et\/biomass-steam-boilers\/#breadcrumb","itemListElement":[{"@type":"ListItem","position":1,"name":"Home","item":"https:\/\/steam-energy.eu\/"},{"@type":"ListItem","position":2,"name":"Biok\u00fctuse aurukatlad"}]},{"@type":"WebSite","@id":"https:\/\/steam-energy.eu\/#website","url":"https:\/\/steam-energy.eu\/","name":"Biomass steam solutions","description":"","publisher":{"@id":"https:\/\/steam-energy.eu\/#organization"},"potentialAction":[{"@type":"SearchAction","target":{"@type":"EntryPoint","urlTemplate":"https:\/\/steam-energy.eu\/?s={search_term_string}"},"query-input":{"@type":"PropertyValueSpecification","valueRequired":true,"valueName":"search_term_string"}}],"inLanguage":"et"},{"@type":"Organization","@id":"https:\/\/steam-energy.eu\/#organization","name":"Kateena O\u00dc","url":"https:\/\/steam-energy.eu\/","logo":{"@type":"ImageObject","inLanguage":"et","@id":"https:\/\/steam-energy.eu\/#\/schema\/logo\/image\/","url":"https:\/\/steam-energy.eu\/wp-content\/uploads\/2022\/10\/logo.png","contentUrl":"https:\/\/steam-energy.eu\/wp-content\/uploads\/2022\/10\/logo.png","width":330,"height":120,"caption":"Kateena O\u00dc"},"image":{"@id":"https:\/\/steam-energy.eu\/#\/schema\/logo\/image\/"}}]}},"_links":{"self":[{"href":"https:\/\/steam-energy.eu\/et\/wp-json\/wp\/v2\/pages\/880","targetHints":{"allow":["GET"]}}],"collection":[{"href":"https:\/\/steam-energy.eu\/et\/wp-json\/wp\/v2\/pages"}],"about":[{"href":"https:\/\/steam-energy.eu\/et\/wp-json\/wp\/v2\/types\/page"}],"author":[{"embeddable":true,"href":"https:\/\/steam-energy.eu\/et\/wp-json\/wp\/v2\/users\/1"}],"replies":[{"embeddable":true,"href":"https:\/\/steam-energy.eu\/et\/wp-json\/wp\/v2\/comments?post=880"}],"version-history":[{"count":3,"href":"https:\/\/steam-energy.eu\/et\/wp-json\/wp\/v2\/pages\/880\/revisions"}],"predecessor-version":[{"id":945,"href":"https:\/\/steam-energy.eu\/et\/wp-json\/wp\/v2\/pages\/880\/revisions\/945"}],"wp:attachment":[{"href":"https:\/\/steam-energy.eu\/et\/wp-json\/wp\/v2\/media?parent=880"}],"curies":[{"name":"wp","href":"https:\/\/api.w.org\/{rel}","templated":true}]}}