{"id":874,"date":"2022-10-21T22:24:08","date_gmt":"2022-10-21T22:24:08","guid":{"rendered":"https:\/\/steam-energy.eu\/container-boiler-houses\/"},"modified":"2024-09-26T08:36:45","modified_gmt":"2024-09-26T08:36:45","slug":"konteinerkatlad","status":"publish","type":"page","link":"https:\/\/steam-energy.eu\/et\/konteinerkatlad\/","title":{"rendered":"Konteinerkatlamajad"},"content":{"rendered":"<div id='av_section_1'  class='avia-section av-79ag-4dfa4b34efd234a0d446e2b7dfe38649 main_color avia-section-large avia-no-border-styling  avia-builder-el-0  avia-builder-el-no-sibling  avia-bg-style-scroll container_wrap sidebar_right'  ><div class='container av-section-cont-open' ><main  role=\"main\" itemprop=\"mainContentOfPage\"  class='template-page content  av-content-small alpha units'><div class='post-entry post-entry-type-page post-entry-874'><div class='entry-content-wrapper clearfix'>\n\n<style type=\"text\/css\" data-created_by=\"avia_inline_auto\" id=\"style-css-av-l9j0th1k-dce5ed9fbdb14597a74b417ffefc8281\">\n#top .av-special-heading.av-l9j0th1k-dce5ed9fbdb14597a74b417ffefc8281{\npadding-bottom:0;\nfont-size:45px;\n}\nbody .av-special-heading.av-l9j0th1k-dce5ed9fbdb14597a74b417ffefc8281 .av-special-heading-tag .heading-char{\nfont-size:25px;\n}\n#top #wrap_all .av-special-heading.av-l9j0th1k-dce5ed9fbdb14597a74b417ffefc8281 .av-special-heading-tag{\nfont-size:45px;\n}\n.av-special-heading.av-l9j0th1k-dce5ed9fbdb14597a74b417ffefc8281 .av-subheading{\nfont-size:20px;\n}\n\n@media only screen and (min-width: 480px) and (max-width: 767px){ \n#top #wrap_all .av-special-heading.av-l9j0th1k-dce5ed9fbdb14597a74b417ffefc8281 .av-special-heading-tag{\nfont-size:0.8em;\n}\n}\n\n@media only screen and (max-width: 479px){ \n#top #wrap_all .av-special-heading.av-l9j0th1k-dce5ed9fbdb14597a74b417ffefc8281 .av-special-heading-tag{\nfont-size:0.8em;\n}\n}\n<\/style>\n<div  class='av-special-heading av-l9j0th1k-dce5ed9fbdb14597a74b417ffefc8281 av-special-heading-h1 blockquote modern-quote  avia-builder-el-1  el_before_av_hr  avia-builder-el-first  av-inherit-size'><h1 class='av-special-heading-tag '  itemprop=\"headline\"  >Konteinerkatlad<\/h1><div class=\"special-heading-border\"><div class=\"special-heading-inner-border\"><\/div><\/div><\/div>\n<div  class='hr av-4l34-88481eeaf219131e213276355ddb5153 hr-short  avia-builder-el-2  el_after_av_heading  el_before_av_one_third  hr-left'><span class='hr-inner '><span class=\"hr-inner-style\"><\/span><\/span><\/div>\n<div  class='flex_column av-defo3-1b276333c0e848becdc52ef54d8894e2 av_one_third  avia-builder-el-3  el_after_av_hr  el_before_av_two_third  first flex_column_div  '     ><style type=\"text\/css\" data-created_by=\"avia_inline_auto\" id=\"style-css-av-la5pq3k8-27ed1c6cc530da558ee4e6a3121d8210\">\n.avia-image-container.av-la5pq3k8-27ed1c6cc530da558ee4e6a3121d8210 img.avia_image{\nbox-shadow:none;\n}\n.avia-image-container.av-la5pq3k8-27ed1c6cc530da558ee4e6a3121d8210 .av-image-caption-overlay-center{\ncolor:#ffffff;\n}\n<\/style>\n<div  class='avia-image-container av-la5pq3k8-27ed1c6cc530da558ee4e6a3121d8210 av-styling- avia-align-center  avia-builder-el-4  avia-builder-el-no-sibling '   itemprop=\"image\" itemscope=\"itemscope\" itemtype=\"https:\/\/schema.org\/ImageObject\" ><div class=\"avia-image-container-inner\"><div class=\"avia-image-overlay-wrap\"><img decoding=\"async\" fetchpriority=\"high\" class='wp-image-569 avia-img-lazy-loading-not-569 avia_image ' src=\"https:\/\/steam-energy.eu\/wp-content\/uploads\/2022\/11\/konteinerkatel-konteinerkatlad-katel-katlad-katlamaja-katlamaja-ehitus-katlamaja-hooldus5.jpg\" alt='' title='konteinerkatel-konteinerkatlad-katel-katlad-katlamaja-katlamaja-ehitus-katlamaja-hooldus5'  height=\"600\" width=\"600\"  itemprop=\"thumbnailUrl\" srcset=\"https:\/\/steam-energy.eu\/wp-content\/uploads\/2022\/11\/konteinerkatel-konteinerkatlad-katel-katlad-katlamaja-katlamaja-ehitus-katlamaja-hooldus5.jpg 600w, https:\/\/steam-energy.eu\/wp-content\/uploads\/2022\/11\/konteinerkatel-konteinerkatlad-katel-katlad-katlamaja-katlamaja-ehitus-katlamaja-hooldus5-300x300.jpg 300w, https:\/\/steam-energy.eu\/wp-content\/uploads\/2022\/11\/konteinerkatel-konteinerkatlad-katel-katlad-katlamaja-katlamaja-ehitus-katlamaja-hooldus5-80x80.jpg 80w, https:\/\/steam-energy.eu\/wp-content\/uploads\/2022\/11\/konteinerkatel-konteinerkatlad-katel-katlad-katlamaja-katlamaja-ehitus-katlamaja-hooldus5-36x36.jpg 36w, https:\/\/steam-energy.eu\/wp-content\/uploads\/2022\/11\/konteinerkatel-konteinerkatlad-katel-katlad-katlamaja-katlamaja-ehitus-katlamaja-hooldus5-180x180.jpg 180w\" sizes=\"(max-width: 600px) 100vw, 600px\" \/><\/div><\/div><\/div><\/div><div  class='flex_column av-9x08j-78584034fced9c33ff59a85521ebff13 av_two_third  avia-builder-el-5  el_after_av_one_third  avia-builder-el-last  flex_column_div  '     ><p><section  class='av_textblock_section av-l9j0tozy-e8b2c19700c1b275f3356add6f3102a8 '   itemscope=\"itemscope\" itemtype=\"https:\/\/schema.org\/CreativeWork\" ><div class='avia_textblock'  itemprop=\"text\" ><p><strong>Konteinerkatlamajad 100&#8230;.4000 kg\/h<\/strong><\/p>\n<p>Toodame auru, kuuma vee ja termaal\u00f5li konteinerkatlaid. Konteinerid tulevad kliendile valmis kujul, kliendil tuleb lihtsalt \u00fchendada k\u00fctuse-, auru-, kondensaadi-, elektri- ja vee\u00fchendused.<\/p>\n<p>Pakume aurulahendusi erinevatel k\u00fctustel ja vajadustel \u2013 maagaas, LPG, kerge ja raske k\u00fctte\u00f5li ning biomass.<\/p>\n<p>Meie konteinerkatlamajad on valmistatud Skandinaavia standardite j\u00e4rgi ja on talvekindlad. Konteinerkatlamajad on ehitatud metallkarkassil, neil on metallp\u00f5rand ja soojustatud seinad koos vajaliku ventilatsiooni, drenaa\u017ei ja elektris\u00f5lmedega.<\/p>\n<p>Hetkel on meil ka rendile anda 1500kg\/h ja 1000kg\/h aurukatlamaju.<\/p>\n<p><a href=\"https:\/\/steam-energy.eu\/contact\/\">Kontakt<\/a><\/p>\n<\/div><\/section><br \/>\n\n<style type=\"text\/css\" data-created_by=\"avia_inline_auto\" id=\"style-css-av-l9j27abo-a1b4d444ae3bcfacb285e665fc1825c7\">\n#top .avia-gallery.av-l9j27abo-a1b4d444ae3bcfacb285e665fc1825c7 .avia-gallery-thumb a{\nwidth:33.3333%;\n}\n<\/style>\n<div  class='avia-gallery av-l9j27abo-a1b4d444ae3bcfacb285e665fc1825c7 avia_animate_when_visible  avia-builder-el-7  el_after_av_textblock  avia-builder-el-last  animations_off avia-gallery-1'  itemprop=\"image\" itemscope=\"itemscope\" itemtype=\"https:\/\/schema.org\/ImageObject\" ><meta itemprop=\"contentURL\" content=\"https:\/\/steam-energy.eu\/et\/konteinerkatlad\/\"><div class='avia-gallery-thumb'><a href=\"https:\/\/steam-energy.eu\/wp-content\/uploads\/2022\/10\/Container-boiler-houses-1-1030x579.jpg\" data-srcset=\"https:\/\/steam-energy.eu\/wp-content\/uploads\/2022\/10\/Container-boiler-houses-1-1030x579.jpg 1030w, https:\/\/steam-energy.eu\/wp-content\/uploads\/2022\/10\/Container-boiler-houses-1-300x169.jpg 300w, https:\/\/steam-energy.eu\/wp-content\/uploads\/2022\/10\/Container-boiler-houses-1-768x432.jpg 768w, https:\/\/steam-energy.eu\/wp-content\/uploads\/2022\/10\/Container-boiler-houses-1-705x397.jpg 705w, https:\/\/steam-energy.eu\/wp-content\/uploads\/2022\/10\/Container-boiler-houses-1.jpg 1200w\" data-sizes=\"(max-width: 1030px) 100vw, 1030px\" data-rel='gallery-1' data-prev-img='https:\/\/steam-energy.eu\/wp-content\/uploads\/2022\/10\/Container-boiler-houses-1-495x400.jpg' class='first_thumb lightbox ' data-onclick='1' title='Container boiler houses'  itemprop=\"thumbnailUrl\"  ><img decoding=\"async\" fetchpriority=\"high\" class=\"wp-image-875 avia-img-lazy-loading-not-875\"   src=\"https:\/\/steam-energy.eu\/wp-content\/uploads\/2022\/10\/Container-boiler-houses-1-495x400.jpg\" width=\"495\" height=\"400\"  title='Container boiler houses' alt='' \/><div class='big-prev-fake'><img decoding=\"async\" loading=\"lazy\" class=\"wp-image-875 avia-img-lazy-loading-875\"  width=\"495\" height=\"400\" src=\"https:\/\/steam-energy.eu\/wp-content\/uploads\/2022\/10\/Container-boiler-houses-1-495x400.jpg\" title='Container boiler houses' alt='' \/><\/div><\/a><a href=\"https:\/\/steam-energy.eu\/wp-content\/uploads\/2022\/10\/Container-boiler-houses-2.jpg\" data-srcset=\"https:\/\/steam-energy.eu\/wp-content\/uploads\/2022\/10\/Container-boiler-houses-2.jpg 1024w, https:\/\/steam-energy.eu\/wp-content\/uploads\/2022\/10\/Container-boiler-houses-2-300x138.jpg 300w, https:\/\/steam-energy.eu\/wp-content\/uploads\/2022\/10\/Container-boiler-houses-2-768x353.jpg 768w, https:\/\/steam-energy.eu\/wp-content\/uploads\/2022\/10\/Container-boiler-houses-2-705x324.jpg 705w\" data-sizes=\"(max-width: 1024px) 100vw, 1024px\" data-rel='gallery-1' data-prev-img='https:\/\/steam-energy.eu\/wp-content\/uploads\/2022\/10\/Container-boiler-houses-2-495x400.jpg' class='lightbox ' data-onclick='2' title='Container boiler houses'  itemprop=\"thumbnailUrl\"  ><img decoding=\"async\" fetchpriority=\"high\" class=\"wp-image-501 avia-img-lazy-loading-not-501\"   src=\"https:\/\/steam-energy.eu\/wp-content\/uploads\/2022\/10\/Container-boiler-houses-2-495x400.jpg\" width=\"495\" height=\"400\"  title='Container boiler houses' alt='Container boiler houses' \/><div class='big-prev-fake'><img decoding=\"async\" loading=\"lazy\" class=\"wp-image-501 avia-img-lazy-loading-501\"  width=\"495\" height=\"400\" src=\"https:\/\/steam-energy.eu\/wp-content\/uploads\/2022\/10\/Container-boiler-houses-2-495x400.jpg\" title='Container boiler houses' alt='Container boiler houses' \/><\/div><\/a><\/div><\/div><\/p><\/div><\/div><\/div><\/main><!-- close content main element --><\/div><\/div><div id='after_section_1'  class='main_color av_default_container_wrap container_wrap sidebar_right'  ><div class='container av-section-cont-open' ><div class='template-page content  av-content-small alpha units'><div class='post-entry post-entry-type-page post-entry-874'><div class='entry-content-wrapper clearfix'>\n","protected":false},"excerpt":{"rendered":"","protected":false},"author":1,"featured_media":0,"parent":0,"menu_order":0,"comment_status":"closed","ping_status":"closed","template":"","meta":{"footnotes":""},"class_list":["post-874","page","type-page","status-publish","hentry"],"yoast_head":"<!-- This site is optimized with the Yoast SEO plugin v26.4 - https:\/\/yoast.com\/wordpress\/plugins\/seo\/ -->\n<title>Konteinerkatlamajad - Biomass steam solutions<\/title>\n<meta name=\"description\" content=\"Auru konteinerkatlamajad t\u00f6\u00f6stustele. Efektiivne ja kiire auru tootmine. V\u00f5imalus kasutada taastuvenergiat auru tootmisel.\" \/>\n<meta name=\"robots\" content=\"index, follow, max-snippet:-1, max-image-preview:large, max-video-preview:-1\" \/>\n<link rel=\"canonical\" href=\"https:\/\/steam-energy.eu\/et\/konteinerkatlad\/\" \/>\n<meta property=\"og:locale\" content=\"et_EE\" \/>\n<meta property=\"og:type\" content=\"article\" \/>\n<meta property=\"og:title\" content=\"Konteinerkatlamajad - Biomass steam solutions\" \/>\n<meta property=\"og:description\" content=\"Auru konteinerkatlamajad t\u00f6\u00f6stustele. Efektiivne ja kiire auru tootmine. V\u00f5imalus kasutada taastuvenergiat auru tootmisel.\" \/>\n<meta property=\"og:url\" content=\"https:\/\/steam-energy.eu\/et\/konteinerkatlad\/\" \/>\n<meta property=\"og:site_name\" content=\"Biomass steam solutions\" \/>\n<meta property=\"article:modified_time\" content=\"2024-09-26T08:36:45+00:00\" \/>\n<meta name=\"twitter:card\" content=\"summary_large_image\" \/>\n<meta name=\"twitter:label1\" content=\"Est. reading time\" \/>\n\t<meta name=\"twitter:data1\" content=\"2 minutit\" \/>\n<script type=\"application\/ld+json\" class=\"yoast-schema-graph\">{\"@context\":\"https:\/\/schema.org\",\"@graph\":[{\"@type\":\"WebPage\",\"@id\":\"https:\/\/steam-energy.eu\/et\/konteinerkatlad\/\",\"url\":\"https:\/\/steam-energy.eu\/et\/konteinerkatlad\/\",\"name\":\"Konteinerkatlamajad - Biomass steam solutions\",\"isPartOf\":{\"@id\":\"https:\/\/www.steam-energy.eu\/#website\"},\"datePublished\":\"2022-10-21T22:24:08+00:00\",\"dateModified\":\"2024-09-26T08:36:45+00:00\",\"description\":\"Auru konteinerkatlamajad t\u00f6\u00f6stustele. Efektiivne ja kiire auru tootmine. V\u00f5imalus kasutada taastuvenergiat auru tootmisel.\",\"breadcrumb\":{\"@id\":\"https:\/\/steam-energy.eu\/et\/konteinerkatlad\/#breadcrumb\"},\"inLanguage\":\"et\",\"potentialAction\":[{\"@type\":\"ReadAction\",\"target\":[\"https:\/\/steam-energy.eu\/et\/konteinerkatlad\/\"]}]},{\"@type\":\"BreadcrumbList\",\"@id\":\"https:\/\/steam-energy.eu\/et\/konteinerkatlad\/#breadcrumb\",\"itemListElement\":[{\"@type\":\"ListItem\",\"position\":1,\"name\":\"Home\",\"item\":\"https:\/\/www.steam-energy.eu\/\"},{\"@type\":\"ListItem\",\"position\":2,\"name\":\"Konteinerkatlamajad\"}]},{\"@type\":\"WebSite\",\"@id\":\"https:\/\/www.steam-energy.eu\/#website\",\"url\":\"https:\/\/www.steam-energy.eu\/\",\"name\":\"Biomass steam solutions\",\"description\":\"\",\"publisher\":{\"@id\":\"https:\/\/www.steam-energy.eu\/#organization\"},\"potentialAction\":[{\"@type\":\"SearchAction\",\"target\":{\"@type\":\"EntryPoint\",\"urlTemplate\":\"https:\/\/www.steam-energy.eu\/?s={search_term_string}\"},\"query-input\":{\"@type\":\"PropertyValueSpecification\",\"valueRequired\":true,\"valueName\":\"search_term_string\"}}],\"inLanguage\":\"et\"},{\"@type\":\"Organization\",\"@id\":\"https:\/\/www.steam-energy.eu\/#organization\",\"name\":\"Kateena O\u00dc\",\"url\":\"https:\/\/www.steam-energy.eu\/\",\"logo\":{\"@type\":\"ImageObject\",\"inLanguage\":\"et\",\"@id\":\"https:\/\/www.steam-energy.eu\/#\/schema\/logo\/image\/\",\"url\":\"https:\/\/steam-energy.eu\/wp-content\/uploads\/2022\/10\/logo.png\",\"contentUrl\":\"https:\/\/steam-energy.eu\/wp-content\/uploads\/2022\/10\/logo.png\",\"width\":330,\"height\":120,\"caption\":\"Kateena O\u00dc\"},\"image\":{\"@id\":\"https:\/\/www.steam-energy.eu\/#\/schema\/logo\/image\/\"}}]}<\/script>\n<!-- \/ Yoast SEO plugin. -->","yoast_head_json":{"title":"Konteinerkatlamajad - Biomass steam solutions","description":"Auru konteinerkatlamajad t\u00f6\u00f6stustele. Efektiivne ja kiire auru tootmine. V\u00f5imalus kasutada taastuvenergiat auru tootmisel.","robots":{"index":"index","follow":"follow","max-snippet":"max-snippet:-1","max-image-preview":"max-image-preview:large","max-video-preview":"max-video-preview:-1"},"canonical":"https:\/\/steam-energy.eu\/et\/konteinerkatlad\/","og_locale":"et_EE","og_type":"article","og_title":"Konteinerkatlamajad - Biomass steam solutions","og_description":"Auru konteinerkatlamajad t\u00f6\u00f6stustele. Efektiivne ja kiire auru tootmine. V\u00f5imalus kasutada taastuvenergiat auru tootmisel.","og_url":"https:\/\/steam-energy.eu\/et\/konteinerkatlad\/","og_site_name":"Biomass steam solutions","article_modified_time":"2024-09-26T08:36:45+00:00","twitter_card":"summary_large_image","twitter_misc":{"Est. reading time":"2 minutit"},"schema":{"@context":"https:\/\/schema.org","@graph":[{"@type":"WebPage","@id":"https:\/\/steam-energy.eu\/et\/konteinerkatlad\/","url":"https:\/\/steam-energy.eu\/et\/konteinerkatlad\/","name":"Konteinerkatlamajad - Biomass steam solutions","isPartOf":{"@id":"https:\/\/www.steam-energy.eu\/#website"},"datePublished":"2022-10-21T22:24:08+00:00","dateModified":"2024-09-26T08:36:45+00:00","description":"Auru konteinerkatlamajad t\u00f6\u00f6stustele. Efektiivne ja kiire auru tootmine. V\u00f5imalus kasutada taastuvenergiat auru tootmisel.","breadcrumb":{"@id":"https:\/\/steam-energy.eu\/et\/konteinerkatlad\/#breadcrumb"},"inLanguage":"et","potentialAction":[{"@type":"ReadAction","target":["https:\/\/steam-energy.eu\/et\/konteinerkatlad\/"]}]},{"@type":"BreadcrumbList","@id":"https:\/\/steam-energy.eu\/et\/konteinerkatlad\/#breadcrumb","itemListElement":[{"@type":"ListItem","position":1,"name":"Home","item":"https:\/\/www.steam-energy.eu\/"},{"@type":"ListItem","position":2,"name":"Konteinerkatlamajad"}]},{"@type":"WebSite","@id":"https:\/\/www.steam-energy.eu\/#website","url":"https:\/\/www.steam-energy.eu\/","name":"Biomass steam solutions","description":"","publisher":{"@id":"https:\/\/www.steam-energy.eu\/#organization"},"potentialAction":[{"@type":"SearchAction","target":{"@type":"EntryPoint","urlTemplate":"https:\/\/www.steam-energy.eu\/?s={search_term_string}"},"query-input":{"@type":"PropertyValueSpecification","valueRequired":true,"valueName":"search_term_string"}}],"inLanguage":"et"},{"@type":"Organization","@id":"https:\/\/www.steam-energy.eu\/#organization","name":"Kateena O\u00dc","url":"https:\/\/www.steam-energy.eu\/","logo":{"@type":"ImageObject","inLanguage":"et","@id":"https:\/\/www.steam-energy.eu\/#\/schema\/logo\/image\/","url":"https:\/\/steam-energy.eu\/wp-content\/uploads\/2022\/10\/logo.png","contentUrl":"https:\/\/steam-energy.eu\/wp-content\/uploads\/2022\/10\/logo.png","width":330,"height":120,"caption":"Kateena O\u00dc"},"image":{"@id":"https:\/\/www.steam-energy.eu\/#\/schema\/logo\/image\/"}}]}},"_links":{"self":[{"href":"https:\/\/steam-energy.eu\/et\/wp-json\/wp\/v2\/pages\/874","targetHints":{"allow":["GET"]}}],"collection":[{"href":"https:\/\/steam-energy.eu\/et\/wp-json\/wp\/v2\/pages"}],"about":[{"href":"https:\/\/steam-energy.eu\/et\/wp-json\/wp\/v2\/types\/page"}],"author":[{"embeddable":true,"href":"https:\/\/steam-energy.eu\/et\/wp-json\/wp\/v2\/users\/1"}],"replies":[{"embeddable":true,"href":"https:\/\/steam-energy.eu\/et\/wp-json\/wp\/v2\/comments?post=874"}],"version-history":[{"count":3,"href":"https:\/\/steam-energy.eu\/et\/wp-json\/wp\/v2\/pages\/874\/revisions"}],"predecessor-version":[{"id":981,"href":"https:\/\/steam-energy.eu\/et\/wp-json\/wp\/v2\/pages\/874\/revisions\/981"}],"wp:attachment":[{"href":"https:\/\/steam-energy.eu\/et\/wp-json\/wp\/v2\/media?parent=874"}],"curies":[{"name":"wp","href":"https:\/\/api.w.org\/{rel}","templated":true}]}}