{"id":869,"date":"2022-12-27T14:36:42","date_gmt":"2022-12-27T14:36:42","guid":{"rendered":"https:\/\/steam-energy.eu\/electrical-hot-water-boilers\/"},"modified":"2024-09-26T09:24:42","modified_gmt":"2024-09-26T09:24:42","slug":"elektrikatel-elektrikatlad","status":"publish","type":"page","link":"https:\/\/steam-energy.eu\/et\/elektrikatel-elektrikatlad\/","title":{"rendered":"Elektrikatlad"},"content":{"rendered":"<div id='av_section_1'  class='avia-section av-79ag-4dfa4b34efd234a0d446e2b7dfe38649 main_color avia-section-large avia-no-border-styling  avia-builder-el-0  avia-builder-el-no-sibling  avia-bg-style-scroll container_wrap sidebar_right'  ><div class='container av-section-cont-open' ><main  role=\"main\" itemprop=\"mainContentOfPage\"  class='template-page content  av-content-small alpha units'><div class='post-entry post-entry-type-page post-entry-869'><div class='entry-content-wrapper clearfix'>\n\n<style type=\"text\/css\" data-created_by=\"avia_inline_auto\" id=\"style-css-av-l9j0th1k-d7d592d8df9cc7fc6b43094ce02e4b0e\">\n#top .av-special-heading.av-l9j0th1k-d7d592d8df9cc7fc6b43094ce02e4b0e{\npadding-bottom:0;\nfont-size:45px;\n}\nbody .av-special-heading.av-l9j0th1k-d7d592d8df9cc7fc6b43094ce02e4b0e .av-special-heading-tag .heading-char{\nfont-size:25px;\n}\n#top #wrap_all .av-special-heading.av-l9j0th1k-d7d592d8df9cc7fc6b43094ce02e4b0e .av-special-heading-tag{\nfont-size:45px;\n}\n.av-special-heading.av-l9j0th1k-d7d592d8df9cc7fc6b43094ce02e4b0e .av-subheading{\nfont-size:20px;\n}\n\n@media only screen and (min-width: 480px) and (max-width: 767px){ \n#top #wrap_all .av-special-heading.av-l9j0th1k-d7d592d8df9cc7fc6b43094ce02e4b0e .av-special-heading-tag{\nfont-size:0.8em;\n}\n}\n\n@media only screen and (max-width: 479px){ \n#top #wrap_all .av-special-heading.av-l9j0th1k-d7d592d8df9cc7fc6b43094ce02e4b0e .av-special-heading-tag{\nfont-size:0.8em;\n}\n}\n<\/style>\n<div  class='av-special-heading av-l9j0th1k-d7d592d8df9cc7fc6b43094ce02e4b0e av-special-heading-h1 blockquote modern-quote  avia-builder-el-1  el_before_av_hr  avia-builder-el-first  av-inherit-size'><h1 class='av-special-heading-tag '  itemprop=\"headline\"  >Elektrilised kuumavee katlad<\/h1><div class=\"special-heading-border\"><div class=\"special-heading-inner-border\"><\/div><\/div><\/div>\n<div  class='hr av-4l34-88481eeaf219131e213276355ddb5153 hr-short  avia-builder-el-2  el_after_av_heading  el_before_av_two_fifth  hr-left'><span class='hr-inner '><span class=\"hr-inner-style\"><\/span><\/span><\/div>\n<div  class='flex_column av-dhtm3-f20de02e24c49311ecf186e56d38a8cf av_two_fifth  avia-builder-el-3  el_after_av_hr  el_before_av_three_fifth  first flex_column_div  '     ><style type=\"text\/css\" data-created_by=\"avia_inline_auto\" id=\"style-css-av-l9j4dtaw-73fbdbe9e0fff3052e3dde59891d9d89\">\n.avia-image-container.av-l9j4dtaw-73fbdbe9e0fff3052e3dde59891d9d89 img.avia_image{\nbox-shadow:none;\n}\n.avia-image-container.av-l9j4dtaw-73fbdbe9e0fff3052e3dde59891d9d89 .av-image-caption-overlay-center{\ncolor:#ffffff;\n}\n<\/style>\n<div  class='avia-image-container av-l9j4dtaw-73fbdbe9e0fff3052e3dde59891d9d89 av-styling- avia-align-center  avia-builder-el-4  avia-builder-el-no-sibling '   itemprop=\"image\" itemscope=\"itemscope\" itemtype=\"https:\/\/schema.org\/ImageObject\" ><div class=\"avia-image-container-inner\"><div class=\"avia-image-overlay-wrap\"><img decoding=\"async\" fetchpriority=\"high\" class='wp-image-704 avia-img-lazy-loading-not-704 avia_image ' src=\"https:\/\/steam-energy.eu\/wp-content\/uploads\/2022\/12\/electric-hot-water-boiler-300x265.jpg\" alt='' title='electric hot water boiler'  height=\"265\" width=\"300\"  itemprop=\"thumbnailUrl\" srcset=\"https:\/\/steam-energy.eu\/wp-content\/uploads\/2022\/12\/electric-hot-water-boiler-300x265.jpg 300w, https:\/\/steam-energy.eu\/wp-content\/uploads\/2022\/12\/electric-hot-water-boiler-1030x909.jpg 1030w, https:\/\/steam-energy.eu\/wp-content\/uploads\/2022\/12\/electric-hot-water-boiler-768x678.jpg 768w, https:\/\/steam-energy.eu\/wp-content\/uploads\/2022\/12\/electric-hot-water-boiler-1536x1356.jpg 1536w, https:\/\/steam-energy.eu\/wp-content\/uploads\/2022\/12\/electric-hot-water-boiler-2048x1808.jpg 2048w, https:\/\/steam-energy.eu\/wp-content\/uploads\/2022\/12\/electric-hot-water-boiler-1500x1324.jpg 1500w, https:\/\/steam-energy.eu\/wp-content\/uploads\/2022\/12\/electric-hot-water-boiler-705x622.jpg 705w, https:\/\/steam-energy.eu\/wp-content\/uploads\/2022\/12\/electric-hot-water-boiler.jpg 1600w\" sizes=\"(max-width: 300px) 100vw, 300px\" \/><\/div><\/div><\/div><\/div><div  class='flex_column av-atxgb-3931bcdadc8ba982a30f612e518ef728 av_three_fifth  avia-builder-el-5  el_after_av_two_fifth  el_before_av_hr  flex_column_div  '     ><section  class='av_textblock_section av-l9j0tozy-e8b2c19700c1b275f3356add6f3102a8 '   itemscope=\"itemscope\" itemtype=\"https:\/\/schema.org\/CreativeWork\" ><div class='avia_textblock'  itemprop=\"text\" ><p><strong>Elektrilised soojaveeboilerid v\u00f5imsusega 20kW kuni 1000kW<\/strong><\/p>\n<p>Pakume suure v\u00f5imsusega elektriboilereid, mis on m\u00f5eldud enam kui 400 m\u00b2 pindalaga hoonete p\u00f5hik\u00fctteks v\u00f5i t\u00f6\u00f6stuslikuks kasutamiseks m\u00f5eldud elektrilisi soojaveeboilereid. Elektrikatlad on v\u00e4ga t\u00f5husad kasutamiseks seal, kus on juba v\u00e4lja ehitatud vee tsirkulatsiooniga keskk\u00fcttes\u00fcsteem ja on olemas elektrikatla varustamiseks vajalik elektrivool.<\/p>\n<p><strong>Meie elektriboilereid saab paigaldada ka paralleelselt teiste kateldega (\u00f5li-, tahkek\u00fcttekatel).<\/strong><\/p>\n<p><strong>Elektrikatlad on hooldusvabad ja t\u00f6\u00f6kindlad.<\/strong> Katlakivi ja muude kahjulike \u00fchendite tekke intensiivsuse v\u00e4hendamiseks tuleb elektriboilerites kasutada pehmendatud vett.<\/p>\n<p>Elektriboilereid saab kasutada ka v\u00e4iksema v\u00f5imsusega, n\u00e4iteks: kui boiler on 80 kW ja neljaastmeline, saab elektrikilbil oleva l\u00fcliti abil valida erinevaid v\u00f5imsusi 20, 40, 60 ja 80 kW.<\/p>\n<p>Boiler ELE-1 2&#8230;3 etappi, 3&#8230;4 elementi 36&#8230;80 kW hoonetele k\u00f6etava pinnaga 400&#8230;1000m\u00b2 v\u00f5i kubatuuriga 2500m\u00b3<\/p>\n<p>Boiler ELE-2 4&#8230;7 etappi, 7&#8230;13 elementi 90&#8230;200 kW hoonetele k\u00f6etava pinnaga 1000&#8230;3000m\u00b2 v\u00f5i kubatuuriga 7500m\u00b3<\/p>\n<p>Boiler ELE-C 7 etappi, 4 elementi 54kW, 75kW, 120kW hoonetele, mille k\u00f6etav pind on 700&#8230;1700m\u00b2, binaarse vooluhulga reguleerimisseadmega: kui elektriv\u00f5imsust ei j\u00e4tku, v\u00e4hendatakse v\u00f5imsust samm-sammult ( 7 etappi).<\/p>\n<p>Meie elektriboilereid saab ka kaskaadis omavahel \u00fchendada, andes teile vajaliku v\u00f5imsuse, olgu selleks siis 100, 400 v\u00f5i 1800kW.<\/p>\n<\/div><\/section><\/div><div  class='hr av-sy2z-32d9bc6a073236723769a065b41881fd hr-default  avia-builder-el-7  el_after_av_three_fifth  el_before_av_one_third '><span class='hr-inner '><span class=\"hr-inner-style\"><\/span><\/span><\/div>\n<div  class='flex_column av-imuzl-455991eecb61014a9c6d13af55d9514a av_one_third  avia-builder-el-8  el_after_av_hr  el_before_av_one_third  first flex_column_div  '     ><\/div><div  class='flex_column av-gjoyx-807099faee7dc2233e0c360edbbfaecc av_one_third  avia-builder-el-9  el_after_av_one_third  el_before_av_one_third  flex_column_div  '     ><\/div><div  class='flex_column av-a0jox-ac25e70dea3918ec6b298b06dbe60b3c av_one_third  avia-builder-el-10  el_after_av_one_third  avia-builder-el-last  flex_column_div  '     ><\/div><\/div><\/div><\/main><!-- close content main element --><\/div><\/div><div id='after_section_1'  class='main_color av_default_container_wrap container_wrap sidebar_right'  ><div class='container av-section-cont-open' ><div class='template-page content  av-content-small alpha units'><div class='post-entry post-entry-type-page post-entry-869'><div class='entry-content-wrapper clearfix'>\n","protected":false},"excerpt":{"rendered":"","protected":false},"author":2,"featured_media":0,"parent":0,"menu_order":0,"comment_status":"closed","ping_status":"closed","template":"","meta":{"footnotes":""},"class_list":["post-869","page","type-page","status-publish","hentry"],"yoast_head":"<!-- This site is optimized with the Yoast SEO plugin v26.4 - https:\/\/yoast.com\/wordpress\/plugins\/seo\/ -->\n<title>Elektrikatlad - Biomass steam solutions<\/title>\n<meta name=\"description\" content=\"Elektrikatlad alates 20kW kuni 1000kW. T\u00f6\u00f6kindlad ja hooldusvabad kuuma vee tootmise seadmed\" \/>\n<meta name=\"robots\" content=\"index, follow, max-snippet:-1, max-image-preview:large, max-video-preview:-1\" \/>\n<link rel=\"canonical\" href=\"https:\/\/steam-energy.eu\/et\/elektrikatel-elektrikatlad\/\" \/>\n<meta property=\"og:locale\" content=\"et_EE\" \/>\n<meta property=\"og:type\" content=\"article\" \/>\n<meta property=\"og:title\" content=\"Elektrikatlad - Biomass steam solutions\" \/>\n<meta property=\"og:description\" content=\"Elektrikatlad alates 20kW kuni 1000kW. T\u00f6\u00f6kindlad ja hooldusvabad kuuma vee tootmise seadmed\" \/>\n<meta property=\"og:url\" content=\"https:\/\/steam-energy.eu\/et\/elektrikatel-elektrikatlad\/\" \/>\n<meta property=\"og:site_name\" content=\"Biomass steam solutions\" \/>\n<meta property=\"article:modified_time\" content=\"2024-09-26T09:24:42+00:00\" \/>\n<meta name=\"twitter:card\" content=\"summary_large_image\" \/>\n<meta name=\"twitter:label1\" content=\"Est. reading time\" \/>\n\t<meta name=\"twitter:data1\" content=\"1 minut\" \/>\n<script type=\"application\/ld+json\" class=\"yoast-schema-graph\">{\"@context\":\"https:\/\/schema.org\",\"@graph\":[{\"@type\":\"WebPage\",\"@id\":\"https:\/\/steam-energy.eu\/et\/elektrikatel-elektrikatlad\/\",\"url\":\"https:\/\/steam-energy.eu\/et\/elektrikatel-elektrikatlad\/\",\"name\":\"Elektrikatlad - Biomass steam solutions\",\"isPartOf\":{\"@id\":\"https:\/\/steam-energy.eu\/#website\"},\"datePublished\":\"2022-12-27T14:36:42+00:00\",\"dateModified\":\"2024-09-26T09:24:42+00:00\",\"description\":\"Elektrikatlad alates 20kW kuni 1000kW. T\u00f6\u00f6kindlad ja hooldusvabad kuuma vee tootmise seadmed\",\"breadcrumb\":{\"@id\":\"https:\/\/steam-energy.eu\/et\/elektrikatel-elektrikatlad\/#breadcrumb\"},\"inLanguage\":\"et\",\"potentialAction\":[{\"@type\":\"ReadAction\",\"target\":[\"https:\/\/steam-energy.eu\/et\/elektrikatel-elektrikatlad\/\"]}]},{\"@type\":\"BreadcrumbList\",\"@id\":\"https:\/\/steam-energy.eu\/et\/elektrikatel-elektrikatlad\/#breadcrumb\",\"itemListElement\":[{\"@type\":\"ListItem\",\"position\":1,\"name\":\"Home\",\"item\":\"https:\/\/steam-energy.eu\/\"},{\"@type\":\"ListItem\",\"position\":2,\"name\":\"Elektrikatlad\"}]},{\"@type\":\"WebSite\",\"@id\":\"https:\/\/steam-energy.eu\/#website\",\"url\":\"https:\/\/steam-energy.eu\/\",\"name\":\"Biomass steam solutions\",\"description\":\"\",\"publisher\":{\"@id\":\"https:\/\/steam-energy.eu\/#organization\"},\"potentialAction\":[{\"@type\":\"SearchAction\",\"target\":{\"@type\":\"EntryPoint\",\"urlTemplate\":\"https:\/\/steam-energy.eu\/?s={search_term_string}\"},\"query-input\":{\"@type\":\"PropertyValueSpecification\",\"valueRequired\":true,\"valueName\":\"search_term_string\"}}],\"inLanguage\":\"et\"},{\"@type\":\"Organization\",\"@id\":\"https:\/\/steam-energy.eu\/#organization\",\"name\":\"Kateena O\u00dc\",\"url\":\"https:\/\/steam-energy.eu\/\",\"logo\":{\"@type\":\"ImageObject\",\"inLanguage\":\"et\",\"@id\":\"https:\/\/steam-energy.eu\/#\/schema\/logo\/image\/\",\"url\":\"https:\/\/steam-energy.eu\/wp-content\/uploads\/2022\/10\/logo.png\",\"contentUrl\":\"https:\/\/steam-energy.eu\/wp-content\/uploads\/2022\/10\/logo.png\",\"width\":330,\"height\":120,\"caption\":\"Kateena O\u00dc\"},\"image\":{\"@id\":\"https:\/\/steam-energy.eu\/#\/schema\/logo\/image\/\"}}]}<\/script>\n<!-- \/ Yoast SEO plugin. -->","yoast_head_json":{"title":"Elektrikatlad - Biomass steam solutions","description":"Elektrikatlad alates 20kW kuni 1000kW. T\u00f6\u00f6kindlad ja hooldusvabad kuuma vee tootmise seadmed","robots":{"index":"index","follow":"follow","max-snippet":"max-snippet:-1","max-image-preview":"max-image-preview:large","max-video-preview":"max-video-preview:-1"},"canonical":"https:\/\/steam-energy.eu\/et\/elektrikatel-elektrikatlad\/","og_locale":"et_EE","og_type":"article","og_title":"Elektrikatlad - Biomass steam solutions","og_description":"Elektrikatlad alates 20kW kuni 1000kW. T\u00f6\u00f6kindlad ja hooldusvabad kuuma vee tootmise seadmed","og_url":"https:\/\/steam-energy.eu\/et\/elektrikatel-elektrikatlad\/","og_site_name":"Biomass steam solutions","article_modified_time":"2024-09-26T09:24:42+00:00","twitter_card":"summary_large_image","twitter_misc":{"Est. reading time":"1 minut"},"schema":{"@context":"https:\/\/schema.org","@graph":[{"@type":"WebPage","@id":"https:\/\/steam-energy.eu\/et\/elektrikatel-elektrikatlad\/","url":"https:\/\/steam-energy.eu\/et\/elektrikatel-elektrikatlad\/","name":"Elektrikatlad - Biomass steam solutions","isPartOf":{"@id":"https:\/\/steam-energy.eu\/#website"},"datePublished":"2022-12-27T14:36:42+00:00","dateModified":"2024-09-26T09:24:42+00:00","description":"Elektrikatlad alates 20kW kuni 1000kW. T\u00f6\u00f6kindlad ja hooldusvabad kuuma vee tootmise seadmed","breadcrumb":{"@id":"https:\/\/steam-energy.eu\/et\/elektrikatel-elektrikatlad\/#breadcrumb"},"inLanguage":"et","potentialAction":[{"@type":"ReadAction","target":["https:\/\/steam-energy.eu\/et\/elektrikatel-elektrikatlad\/"]}]},{"@type":"BreadcrumbList","@id":"https:\/\/steam-energy.eu\/et\/elektrikatel-elektrikatlad\/#breadcrumb","itemListElement":[{"@type":"ListItem","position":1,"name":"Home","item":"https:\/\/steam-energy.eu\/"},{"@type":"ListItem","position":2,"name":"Elektrikatlad"}]},{"@type":"WebSite","@id":"https:\/\/steam-energy.eu\/#website","url":"https:\/\/steam-energy.eu\/","name":"Biomass steam solutions","description":"","publisher":{"@id":"https:\/\/steam-energy.eu\/#organization"},"potentialAction":[{"@type":"SearchAction","target":{"@type":"EntryPoint","urlTemplate":"https:\/\/steam-energy.eu\/?s={search_term_string}"},"query-input":{"@type":"PropertyValueSpecification","valueRequired":true,"valueName":"search_term_string"}}],"inLanguage":"et"},{"@type":"Organization","@id":"https:\/\/steam-energy.eu\/#organization","name":"Kateena O\u00dc","url":"https:\/\/steam-energy.eu\/","logo":{"@type":"ImageObject","inLanguage":"et","@id":"https:\/\/steam-energy.eu\/#\/schema\/logo\/image\/","url":"https:\/\/steam-energy.eu\/wp-content\/uploads\/2022\/10\/logo.png","contentUrl":"https:\/\/steam-energy.eu\/wp-content\/uploads\/2022\/10\/logo.png","width":330,"height":120,"caption":"Kateena O\u00dc"},"image":{"@id":"https:\/\/steam-energy.eu\/#\/schema\/logo\/image\/"}}]}},"_links":{"self":[{"href":"https:\/\/steam-energy.eu\/et\/wp-json\/wp\/v2\/pages\/869","targetHints":{"allow":["GET"]}}],"collection":[{"href":"https:\/\/steam-energy.eu\/et\/wp-json\/wp\/v2\/pages"}],"about":[{"href":"https:\/\/steam-energy.eu\/et\/wp-json\/wp\/v2\/types\/page"}],"author":[{"embeddable":true,"href":"https:\/\/steam-energy.eu\/et\/wp-json\/wp\/v2\/users\/2"}],"replies":[{"embeddable":true,"href":"https:\/\/steam-energy.eu\/et\/wp-json\/wp\/v2\/comments?post=869"}],"version-history":[{"count":3,"href":"https:\/\/steam-energy.eu\/et\/wp-json\/wp\/v2\/pages\/869\/revisions"}],"predecessor-version":[{"id":995,"href":"https:\/\/steam-energy.eu\/et\/wp-json\/wp\/v2\/pages\/869\/revisions\/995"}],"wp:attachment":[{"href":"https:\/\/steam-energy.eu\/et\/wp-json\/wp\/v2\/media?parent=869"}],"curies":[{"name":"wp","href":"https:\/\/api.w.org\/{rel}","templated":true}]}}