{"id":857,"date":"2022-10-21T22:18:37","date_gmt":"2022-10-21T22:18:37","guid":{"rendered":"https:\/\/steam-energy.eu\/gas-liquid-fuel-steam-boilers\/"},"modified":"2024-09-26T09:38:10","modified_gmt":"2024-09-26T09:38:10","slug":"gas-liquid-fuel-steam-boilers","status":"publish","type":"page","link":"https:\/\/steam-energy.eu\/et\/gas-liquid-fuel-steam-boilers\/","title":{"rendered":"Aurukatlad gaask\u00fctusel ja vedelk\u00fctusel"},"content":{"rendered":"<div id='av_section_1'  class='avia-section av-79ag-4dfa4b34efd234a0d446e2b7dfe38649 main_color avia-section-large avia-no-border-styling  avia-builder-el-0  avia-builder-el-no-sibling  avia-bg-style-scroll container_wrap sidebar_right'  ><div class='container av-section-cont-open' ><main  role=\"main\" itemprop=\"mainContentOfPage\"  class='template-page content  av-content-small alpha units'><div class='post-entry post-entry-type-page post-entry-857'><div class='entry-content-wrapper clearfix'>\n\n<style type=\"text\/css\" data-created_by=\"avia_inline_auto\" id=\"style-css-av-pcwko-76124372a17bbca59c702cf84a8cd165\">\n#top .av-special-heading.av-pcwko-76124372a17bbca59c702cf84a8cd165{\npadding-bottom:0;\nfont-size:45px;\n}\nbody .av-special-heading.av-pcwko-76124372a17bbca59c702cf84a8cd165 .av-special-heading-tag .heading-char{\nfont-size:25px;\n}\n#top #wrap_all .av-special-heading.av-pcwko-76124372a17bbca59c702cf84a8cd165 .av-special-heading-tag{\nfont-size:45px;\n}\n.av-special-heading.av-pcwko-76124372a17bbca59c702cf84a8cd165 .av-subheading{\nfont-size:20px;\n}\n\n@media only screen and (min-width: 480px) and (max-width: 767px){ \n#top #wrap_all .av-special-heading.av-pcwko-76124372a17bbca59c702cf84a8cd165 .av-special-heading-tag{\nfont-size:0.8em;\n}\n}\n\n@media only screen and (max-width: 479px){ \n#top #wrap_all .av-special-heading.av-pcwko-76124372a17bbca59c702cf84a8cd165 .av-special-heading-tag{\nfont-size:0.8em;\n}\n}\n<\/style>\n<div  class='av-special-heading av-pcwko-76124372a17bbca59c702cf84a8cd165 av-special-heading-h1 blockquote modern-quote  avia-builder-el-1  el_before_av_hr  avia-builder-el-first  av-inherit-size'><h1 class='av-special-heading-tag '  itemprop=\"headline\"  >Aurukatlad gaask\u00fctusel ja vedelk\u00fctusel<\/h1><div class=\"special-heading-border\"><div class=\"special-heading-inner-border\"><\/div><\/div><\/div>\n<div  class='hr av-napa0-e303c6c7c2fdc9fec261907da7964d68 hr-short  avia-builder-el-2  el_after_av_heading  el_before_av_one_third  hr-left'><span class='hr-inner '><span class=\"hr-inner-style\"><\/span><\/span><\/div>\n<div  class='flex_column av-heuq6-85918ab231c674b5bcbf0e6e1b1f3e2d av_one_third  avia-builder-el-3  el_after_av_hr  el_before_av_two_third  first flex_column_div  '     ><style type=\"text\/css\" data-created_by=\"avia_inline_auto\" id=\"style-css-av-l9j1fcem-ad7e3331a1ec52fd1b0c88b410c33bf1\">\n.avia-image-container.av-l9j1fcem-ad7e3331a1ec52fd1b0c88b410c33bf1 img.avia_image{\nbox-shadow:none;\n}\n.avia-image-container.av-l9j1fcem-ad7e3331a1ec52fd1b0c88b410c33bf1 .av-image-caption-overlay-center{\ncolor:#ffffff;\n}\n<\/style>\n<div  class='avia-image-container av-l9j1fcem-ad7e3331a1ec52fd1b0c88b410c33bf1 av-styling- avia-align-center  avia-builder-el-4  avia-builder-el-no-sibling '   itemprop=\"image\" itemscope=\"itemscope\" itemtype=\"https:\/\/schema.org\/ImageObject\" ><div class=\"avia-image-container-inner\"><div class=\"avia-image-overlay-wrap\"><img decoding=\"async\" fetchpriority=\"high\" class='wp-image-881 avia-img-lazy-loading-not-881 avia_image ' src=\"https:\/\/steam-energy.eu\/wp-content\/uploads\/2022\/10\/Fully-automatic-biomass-steam-boilers-1030x702.png\" alt='' title='Fully automatic biomass steam boilers'  height=\"702\" width=\"1030\"  itemprop=\"thumbnailUrl\" srcset=\"https:\/\/steam-energy.eu\/wp-content\/uploads\/2022\/10\/Fully-automatic-biomass-steam-boilers-1030x702.png 1030w, https:\/\/steam-energy.eu\/wp-content\/uploads\/2022\/10\/Fully-automatic-biomass-steam-boilers-300x205.png 300w, https:\/\/steam-energy.eu\/wp-content\/uploads\/2022\/10\/Fully-automatic-biomass-steam-boilers-768x524.png 768w, https:\/\/steam-energy.eu\/wp-content\/uploads\/2022\/10\/Fully-automatic-biomass-steam-boilers-705x481.png 705w, https:\/\/steam-energy.eu\/wp-content\/uploads\/2022\/10\/Fully-automatic-biomass-steam-boilers.png 1241w\" sizes=\"(max-width: 1030px) 100vw, 1030px\" \/><\/div><\/div><\/div><\/div><div  class='flex_column av-9c8ja-d9ee18ee0d3f4b30292101388bbfade1 av_two_third  avia-builder-el-5  el_after_av_one_third  el_before_av_heading  flex_column_div  '     ><section  class='av_textblock_section av-l9j0tozy-e8b2c19700c1b275f3356add6f3102a8 '   itemscope=\"itemscope\" itemtype=\"https:\/\/schema.org\/CreativeWork\" ><div class='avia_textblock'  itemprop=\"text\" ><p><strong>Vedel- ja gaasik\u00fcttel t\u00f6\u00f6tavad aurukatlad 100&#8230;32 000 kg\/h<\/strong><\/p>\n<p>Pakume vedel- ja gaasik\u00fcttel t\u00f6\u00f6tavad aurukatlad suurusvahemikus 100&#8230;32 000 kg\/h. Esindame Euroopa suurimat aurukatelde tootjat ICI Caldaie, kelle tooted on olnud t\u00f6\u00f6stusharu eesotsas juba \u00fcle 40 aasta.<\/p>\n<p>Pakume peaaegu k\u00f5iki protsessiauruga seotud tooteid, n\u00e4iteks: madalr\u00f5hukatlad, heitsoojuse utiliseerimise katlad, \u00fclekuumendatud aurukatlad, \u00fcliefektiivsed ja madala NOx-sisaldusega katlad.<\/p>\n<p>Allpool on v\u00e4lja toodud levinumad katlat\u00fc\u00fcbid.<\/p>\n<p>Auru tootmist puudutavate k\u00fcsimuste korral v\u00f5tke meiega \u00fchendust.<\/p>\n<\/div><\/section><\/div>\n<style type=\"text\/css\" data-created_by=\"avia_inline_auto\" id=\"style-css-av-l9j0th1k-2eae12bba7f1d31c2b7f4ef87a2a39c6\">\n#top .av-special-heading.av-l9j0th1k-2eae12bba7f1d31c2b7f4ef87a2a39c6{\npadding-bottom:0;\nfont-size:45px;\n}\nbody .av-special-heading.av-l9j0th1k-2eae12bba7f1d31c2b7f4ef87a2a39c6 .av-special-heading-tag .heading-char{\nfont-size:25px;\n}\n#top #wrap_all .av-special-heading.av-l9j0th1k-2eae12bba7f1d31c2b7f4ef87a2a39c6 .av-special-heading-tag{\nfont-size:45px;\n}\n.av-special-heading.av-l9j0th1k-2eae12bba7f1d31c2b7f4ef87a2a39c6 .av-subheading{\nfont-size:20px;\n}\n\n@media only screen and (min-width: 480px) and (max-width: 767px){ \n#top #wrap_all .av-special-heading.av-l9j0th1k-2eae12bba7f1d31c2b7f4ef87a2a39c6 .av-special-heading-tag{\nfont-size:0.8em;\n}\n}\n\n@media only screen and (max-width: 479px){ \n#top #wrap_all .av-special-heading.av-l9j0th1k-2eae12bba7f1d31c2b7f4ef87a2a39c6 .av-special-heading-tag{\nfont-size:0.8em;\n}\n}\n<\/style>\n<div  class='av-special-heading av-l9j0th1k-2eae12bba7f1d31c2b7f4ef87a2a39c6 av-special-heading-h2 blockquote modern-quote modern-centered  avia-builder-el-7  el_after_av_two_third  el_before_av_hr  av-inherit-size'><h2 class='av-special-heading-tag '  itemprop=\"headline\"  >Gaask\u00fctuse ja vedelk\u00fctuse aurukatlad<\/h2><div class=\"special-heading-border\"><div class=\"special-heading-inner-border\"><\/div><\/div><\/div>\n<div  class='hr av-4l34-151688916726b9a8e02e51a4e0c15ad4 hr-short  avia-builder-el-8  el_after_av_heading  el_before_av_one_third  hr-center'><span class='hr-inner '><span class=\"hr-inner-style\"><\/span><\/span><\/div>\n<div  class='flex_column av-94wnk-3fff30de862d37dbca7b3b09b1a389a2 av_one_third  avia-builder-el-9  el_after_av_hr  el_before_av_one_third  first flex_column_div  '     ><p>\n<style type=\"text\/css\" data-created_by=\"avia_inline_auto\" id=\"style-css-av-l9j1z5ep-7ae22524f41a1dc34c965507df01eddc\">\n.avia-image-container.av-l9j1z5ep-7ae22524f41a1dc34c965507df01eddc img.avia_image{\nbox-shadow:none;\n}\n.avia-image-container.av-l9j1z5ep-7ae22524f41a1dc34c965507df01eddc .av-image-caption-overlay-center{\ncolor:#ffffff;\n}\n<\/style>\n<div  class='avia-image-container av-l9j1z5ep-7ae22524f41a1dc34c965507df01eddc av-styling- avia-align-center  avia-builder-el-10  el_before_av_textblock  avia-builder-el-first '   itemprop=\"image\" itemscope=\"itemscope\" itemtype=\"https:\/\/schema.org\/ImageObject\" ><div class=\"avia-image-container-inner\"><div class=\"avia-image-overlay-wrap\"><img decoding=\"async\" fetchpriority=\"high\" class='wp-image-494 avia-img-lazy-loading-not-494 avia_image ' src=\"https:\/\/steam-energy.eu\/wp-content\/uploads\/2022\/10\/Super-efficient-Ecovapor-350-3000-kgh-495x400.jpg\" alt='Super efficient Ecovapor 350...3000 kg\/h' title='Super efficient Ecovapor  350...3000 kg\/h'  height=\"400\" width=\"495\"  itemprop=\"thumbnailUrl\" srcset=\"https:\/\/steam-energy.eu\/wp-content\/uploads\/2022\/10\/Super-efficient-Ecovapor-350-3000-kgh-495x400.jpg 495w, https:\/\/steam-energy.eu\/wp-content\/uploads\/2022\/10\/Super-efficient-Ecovapor-350-3000-kgh-845x684.jpg 845w\" sizes=\"(max-width: 495px) 100vw, 495px\" \/><\/div><\/div><\/div><br \/>\n<section  class='av_textblock_section av-l9j1zn5m-8965283612250f16d010cf158c9f9c90 '   itemscope=\"itemscope\" itemtype=\"https:\/\/schema.org\/CreativeWork\" ><div class='avia_textblock'  itemprop=\"text\" ><p><strong>Super efficient Ecovapor 350&#8230;3000 kg\/h<\/strong><\/p>\n<p><strong>Efficiency &gt; 94,0 %<\/strong><\/p>\n<p><strong>NOx emissions: &lt;70 mg\/kWh <\/strong><\/p>\n<p>Ecovapor optimises the process of steam production as a source of thermal energy in an economical, efficient, intelligent, safe and environmentally friendly manner. Ecovapor is particularly suited for industrial applications with high modulation variability respecting the strictest NOx atmospheric emission limits and is able to communicate with other systems.<\/p>\n<\/div><\/section><br \/>\n<div  class='avia-button-wrap av-l9j206zp-9cb7e361eb142b7a6a39484a0c2f40b0-wrap avia-button-left  avia-builder-el-12  el_after_av_textblock  avia-builder-el-last '><a href='https:\/\/www.icicaldaie.com\/en\/catalog\/gamma\/GAM_ECOVAPOR_WEB' class='avia-button av-l9j206zp-9cb7e361eb142b7a6a39484a0c2f40b0 av-link-btn avia-icon_select-no avia-size-small avia-position-left avia-color-dark' target=\"_blank\" rel=\"noopener noreferrer\" aria-label=\"More information\"><span class='avia_iconbox_title' >More information<\/span><\/a><\/div><\/p><\/div><div  class='flex_column av-dgn4w-cdcf7407c39f6cbd5ed53f6084baa924 av_one_third  avia-builder-el-13  el_after_av_one_third  el_before_av_one_third  flex_column_div  '     ><p>\n<style type=\"text\/css\" data-created_by=\"avia_inline_auto\" id=\"style-css-av-l9j21f82-f5657067f1fa411c8a12dca8e3a0e126\">\n.avia-image-container.av-l9j21f82-f5657067f1fa411c8a12dca8e3a0e126 img.avia_image{\nbox-shadow:none;\n}\n.avia-image-container.av-l9j21f82-f5657067f1fa411c8a12dca8e3a0e126 .av-image-caption-overlay-center{\ncolor:#ffffff;\n}\n<\/style>\n<div  class='avia-image-container av-l9j21f82-f5657067f1fa411c8a12dca8e3a0e126 av-styling- avia-align-center  avia-builder-el-14  el_before_av_textblock  avia-builder-el-first '   itemprop=\"image\" itemscope=\"itemscope\" itemtype=\"https:\/\/schema.org\/ImageObject\" ><div class=\"avia-image-container-inner\"><div class=\"avia-image-overlay-wrap\"><img decoding=\"async\" fetchpriority=\"high\" class='wp-image-493 avia-img-lazy-loading-not-493 avia_image ' src=\"https:\/\/steam-energy.eu\/wp-content\/uploads\/2022\/10\/GX-range-steam-boiler-1700-32-000-kgh-495x400.jpg\" alt='GX range steam boiler 1700...32 000 kg\/h' title='GX range steam boiler 1700...32 000 kg\/h'  height=\"400\" width=\"495\"  itemprop=\"thumbnailUrl\" srcset=\"https:\/\/steam-energy.eu\/wp-content\/uploads\/2022\/10\/GX-range-steam-boiler-1700-32-000-kgh-495x400.jpg 495w, https:\/\/steam-energy.eu\/wp-content\/uploads\/2022\/10\/GX-range-steam-boiler-1700-32-000-kgh-845x684.jpg 845w\" sizes=\"(max-width: 495px) 100vw, 495px\" \/><\/div><\/div><\/div><br \/>\n<section  class='av_textblock_section av-l9j217cq-521eeb74a6f883d109543a5bf4b4ff8d '   itemscope=\"itemscope\" itemtype=\"https:\/\/schema.org\/CreativeWork\" ><div class='avia_textblock'  itemprop=\"text\" ><p><strong>GX range steam boiler 1700&#8230;32 000 kg\/h<\/strong><\/p>\n<p>High pressure steam boiler genuine three pass wet back firetube. Suitable for liquid and gaseous fuels. Supplied complete with the accessories needed for automatic operation with mechanical and hydraulic assembly for all equipment and certifications ,also in compliance with the PED 97 \/23\/EC Directive.<\/p>\n<\/div><\/section><br \/>\n<div  class='avia-button-wrap av-l9j21j2q-adba98dd13c81b1610b75339939e52cc-wrap avia-button-left  avia-builder-el-16  el_after_av_textblock  avia-builder-el-last '><a href='https:\/\/www.icicaldaie.com\/en\/catalog\/gamma\/GAM_GX_WEB' class='avia-button av-l9j21j2q-adba98dd13c81b1610b75339939e52cc av-link-btn avia-icon_select-no avia-size-small avia-position-left avia-color-dark' target=\"_blank\" rel=\"noopener noreferrer\" aria-label=\"More information\"><span class='avia_iconbox_title' >More information<\/span><\/a><\/div><\/p><\/div><div  class='flex_column av-10rog-55dd42a6798df984a7bf88de250ef03e av_one_third  avia-builder-el-17  el_after_av_one_third  avia-builder-el-last  flex_column_div  '     ><p>\n<style type=\"text\/css\" data-created_by=\"avia_inline_auto\" id=\"style-css-av-l9j21zb0-328e00e4ea78fe1d538567cc88190aca\">\n.avia-image-container.av-l9j21zb0-328e00e4ea78fe1d538567cc88190aca img.avia_image{\nbox-shadow:none;\n}\n.avia-image-container.av-l9j21zb0-328e00e4ea78fe1d538567cc88190aca .av-image-caption-overlay-center{\ncolor:#ffffff;\n}\n<\/style>\n<div  class='avia-image-container av-l9j21zb0-328e00e4ea78fe1d538567cc88190aca av-styling- avia-align-center  avia-builder-el-18  el_before_av_textblock  avia-builder-el-first '   itemprop=\"image\" itemscope=\"itemscope\" itemtype=\"https:\/\/schema.org\/ImageObject\" ><div class=\"avia-image-container-inner\"><div class=\"avia-image-overlay-wrap\"><img decoding=\"async\" fetchpriority=\"high\" class='wp-image-858 avia-img-lazy-loading-not-858 avia_image ' src=\"https:\/\/steam-energy.eu\/wp-content\/uploads\/2022\/10\/GX-C-waste-heat-boilers-1700-25-000-kg-h-495x400.jpg\" alt='' title='GX C waste-heat boilers 1700...25 000 kg\/h'  height=\"400\" width=\"495\"  itemprop=\"thumbnailUrl\"  \/><\/div><\/div><\/div><br \/>\n<section  class='av_textblock_section av-l9j21tdb-a6536c1c2c95ecca2a19c64f957dfc25 '   itemscope=\"itemscope\" itemtype=\"https:\/\/schema.org\/CreativeWork\" ><div class='avia_textblock'  itemprop=\"text\" ><p><strong>GX C waste-heat boilers 1700&#8230;25 000 kg\/h<\/strong><\/p>\n<p>The GX C boiler is an innovative design which combines steam production from a conventional boiler and also utilises exhaust gas heat recovery, arising from an external source; the latter &#8220;free&#8221; source is configured as the priority, while the combustion can simply serve as a backup or to provide the remaining power if recovery gases are insufficient to cover system steam demand.<\/p>\n<\/div><\/section><br \/>\n<div  class='avia-button-wrap av-l9j21nin-1b32a7326918334a4bf0eb6e0676a156-wrap avia-button-left  avia-builder-el-20  el_after_av_textblock  avia-builder-el-last '><a href='https:\/\/www.icicaldaie.com\/en\/catalog\/gamma\/GAM\/MOD_GX_C_WEB' class='avia-button av-l9j21nin-1b32a7326918334a4bf0eb6e0676a156 av-link-btn avia-icon_select-no avia-size-small avia-position-left avia-color-dark' target=\"_blank\" rel=\"noopener noreferrer\" aria-label=\"More information\"><span class='avia_iconbox_title' >More information<\/span><\/a><\/div><\/p><\/div><\/div><\/div><\/main><!-- close content main element --><\/div><\/div><div id='after_section_1'  class='main_color av_default_container_wrap container_wrap sidebar_right'  ><div class='container av-section-cont-open' ><div class='template-page content  av-content-small alpha units'><div class='post-entry post-entry-type-page post-entry-857'><div class='entry-content-wrapper clearfix'>\n","protected":false},"excerpt":{"rendered":"","protected":false},"author":1,"featured_media":0,"parent":0,"menu_order":0,"comment_status":"closed","ping_status":"closed","template":"","meta":{"footnotes":""},"class_list":["post-857","page","type-page","status-publish","hentry"],"yoast_head":"<!-- This site is optimized with the Yoast SEO plugin v26.4 - https:\/\/yoast.com\/wordpress\/plugins\/seo\/ -->\n<title>Aurukatlad gaask\u00fctusel ja vedelk\u00fctusel - Biomass steam solutions<\/title>\n<meta name=\"description\" content=\"Maagaasi ja vedelk\u00fctuse aurukatlad. Toiteveemahutid ja kondensaadi tagastus.\" \/>\n<meta name=\"robots\" content=\"index, follow, max-snippet:-1, max-image-preview:large, max-video-preview:-1\" \/>\n<link rel=\"canonical\" href=\"https:\/\/steam-energy.eu\/et\/gas-liquid-fuel-steam-boilers\/\" \/>\n<meta property=\"og:locale\" content=\"et_EE\" \/>\n<meta property=\"og:type\" content=\"article\" \/>\n<meta property=\"og:title\" content=\"Aurukatlad gaask\u00fctusel ja vedelk\u00fctusel - Biomass steam solutions\" \/>\n<meta property=\"og:description\" content=\"Maagaasi ja vedelk\u00fctuse aurukatlad. Toiteveemahutid ja kondensaadi tagastus.\" \/>\n<meta property=\"og:url\" content=\"https:\/\/steam-energy.eu\/et\/gas-liquid-fuel-steam-boilers\/\" \/>\n<meta property=\"og:site_name\" content=\"Biomass steam solutions\" \/>\n<meta property=\"article:modified_time\" content=\"2024-09-26T09:38:10+00:00\" \/>\n<meta name=\"twitter:card\" content=\"summary_large_image\" \/>\n<meta name=\"twitter:label1\" content=\"Est. reading time\" \/>\n\t<meta name=\"twitter:data1\" content=\"2 minutit\" \/>\n<script type=\"application\/ld+json\" class=\"yoast-schema-graph\">{\"@context\":\"https:\/\/schema.org\",\"@graph\":[{\"@type\":\"WebPage\",\"@id\":\"https:\/\/steam-energy.eu\/et\/gas-liquid-fuel-steam-boilers\/\",\"url\":\"https:\/\/steam-energy.eu\/et\/gas-liquid-fuel-steam-boilers\/\",\"name\":\"Aurukatlad gaask\u00fctusel ja vedelk\u00fctusel - Biomass steam solutions\",\"isPartOf\":{\"@id\":\"https:\/\/steam-energy.eu\/#website\"},\"datePublished\":\"2022-10-21T22:18:37+00:00\",\"dateModified\":\"2024-09-26T09:38:10+00:00\",\"description\":\"Maagaasi ja vedelk\u00fctuse aurukatlad. Toiteveemahutid ja kondensaadi tagastus.\",\"breadcrumb\":{\"@id\":\"https:\/\/steam-energy.eu\/et\/gas-liquid-fuel-steam-boilers\/#breadcrumb\"},\"inLanguage\":\"et\",\"potentialAction\":[{\"@type\":\"ReadAction\",\"target\":[\"https:\/\/steam-energy.eu\/et\/gas-liquid-fuel-steam-boilers\/\"]}]},{\"@type\":\"BreadcrumbList\",\"@id\":\"https:\/\/steam-energy.eu\/et\/gas-liquid-fuel-steam-boilers\/#breadcrumb\",\"itemListElement\":[{\"@type\":\"ListItem\",\"position\":1,\"name\":\"Home\",\"item\":\"https:\/\/steam-energy.eu\/\"},{\"@type\":\"ListItem\",\"position\":2,\"name\":\"Aurukatlad gaask\u00fctusel ja vedelk\u00fctusel\"}]},{\"@type\":\"WebSite\",\"@id\":\"https:\/\/steam-energy.eu\/#website\",\"url\":\"https:\/\/steam-energy.eu\/\",\"name\":\"Biomass steam solutions\",\"description\":\"\",\"publisher\":{\"@id\":\"https:\/\/steam-energy.eu\/#organization\"},\"potentialAction\":[{\"@type\":\"SearchAction\",\"target\":{\"@type\":\"EntryPoint\",\"urlTemplate\":\"https:\/\/steam-energy.eu\/?s={search_term_string}\"},\"query-input\":{\"@type\":\"PropertyValueSpecification\",\"valueRequired\":true,\"valueName\":\"search_term_string\"}}],\"inLanguage\":\"et\"},{\"@type\":\"Organization\",\"@id\":\"https:\/\/steam-energy.eu\/#organization\",\"name\":\"Kateena O\u00dc\",\"url\":\"https:\/\/steam-energy.eu\/\",\"logo\":{\"@type\":\"ImageObject\",\"inLanguage\":\"et\",\"@id\":\"https:\/\/steam-energy.eu\/#\/schema\/logo\/image\/\",\"url\":\"https:\/\/steam-energy.eu\/wp-content\/uploads\/2022\/10\/logo.png\",\"contentUrl\":\"https:\/\/steam-energy.eu\/wp-content\/uploads\/2022\/10\/logo.png\",\"width\":330,\"height\":120,\"caption\":\"Kateena O\u00dc\"},\"image\":{\"@id\":\"https:\/\/steam-energy.eu\/#\/schema\/logo\/image\/\"}}]}<\/script>\n<!-- \/ Yoast SEO plugin. -->","yoast_head_json":{"title":"Aurukatlad gaask\u00fctusel ja vedelk\u00fctusel - Biomass steam solutions","description":"Maagaasi ja vedelk\u00fctuse aurukatlad. Toiteveemahutid ja kondensaadi tagastus.","robots":{"index":"index","follow":"follow","max-snippet":"max-snippet:-1","max-image-preview":"max-image-preview:large","max-video-preview":"max-video-preview:-1"},"canonical":"https:\/\/steam-energy.eu\/et\/gas-liquid-fuel-steam-boilers\/","og_locale":"et_EE","og_type":"article","og_title":"Aurukatlad gaask\u00fctusel ja vedelk\u00fctusel - Biomass steam solutions","og_description":"Maagaasi ja vedelk\u00fctuse aurukatlad. Toiteveemahutid ja kondensaadi tagastus.","og_url":"https:\/\/steam-energy.eu\/et\/gas-liquid-fuel-steam-boilers\/","og_site_name":"Biomass steam solutions","article_modified_time":"2024-09-26T09:38:10+00:00","twitter_card":"summary_large_image","twitter_misc":{"Est. reading time":"2 minutit"},"schema":{"@context":"https:\/\/schema.org","@graph":[{"@type":"WebPage","@id":"https:\/\/steam-energy.eu\/et\/gas-liquid-fuel-steam-boilers\/","url":"https:\/\/steam-energy.eu\/et\/gas-liquid-fuel-steam-boilers\/","name":"Aurukatlad gaask\u00fctusel ja vedelk\u00fctusel - Biomass steam solutions","isPartOf":{"@id":"https:\/\/steam-energy.eu\/#website"},"datePublished":"2022-10-21T22:18:37+00:00","dateModified":"2024-09-26T09:38:10+00:00","description":"Maagaasi ja vedelk\u00fctuse aurukatlad. Toiteveemahutid ja kondensaadi tagastus.","breadcrumb":{"@id":"https:\/\/steam-energy.eu\/et\/gas-liquid-fuel-steam-boilers\/#breadcrumb"},"inLanguage":"et","potentialAction":[{"@type":"ReadAction","target":["https:\/\/steam-energy.eu\/et\/gas-liquid-fuel-steam-boilers\/"]}]},{"@type":"BreadcrumbList","@id":"https:\/\/steam-energy.eu\/et\/gas-liquid-fuel-steam-boilers\/#breadcrumb","itemListElement":[{"@type":"ListItem","position":1,"name":"Home","item":"https:\/\/steam-energy.eu\/"},{"@type":"ListItem","position":2,"name":"Aurukatlad gaask\u00fctusel ja vedelk\u00fctusel"}]},{"@type":"WebSite","@id":"https:\/\/steam-energy.eu\/#website","url":"https:\/\/steam-energy.eu\/","name":"Biomass steam solutions","description":"","publisher":{"@id":"https:\/\/steam-energy.eu\/#organization"},"potentialAction":[{"@type":"SearchAction","target":{"@type":"EntryPoint","urlTemplate":"https:\/\/steam-energy.eu\/?s={search_term_string}"},"query-input":{"@type":"PropertyValueSpecification","valueRequired":true,"valueName":"search_term_string"}}],"inLanguage":"et"},{"@type":"Organization","@id":"https:\/\/steam-energy.eu\/#organization","name":"Kateena O\u00dc","url":"https:\/\/steam-energy.eu\/","logo":{"@type":"ImageObject","inLanguage":"et","@id":"https:\/\/steam-energy.eu\/#\/schema\/logo\/image\/","url":"https:\/\/steam-energy.eu\/wp-content\/uploads\/2022\/10\/logo.png","contentUrl":"https:\/\/steam-energy.eu\/wp-content\/uploads\/2022\/10\/logo.png","width":330,"height":120,"caption":"Kateena O\u00dc"},"image":{"@id":"https:\/\/steam-energy.eu\/#\/schema\/logo\/image\/"}}]}},"_links":{"self":[{"href":"https:\/\/steam-energy.eu\/et\/wp-json\/wp\/v2\/pages\/857","targetHints":{"allow":["GET"]}}],"collection":[{"href":"https:\/\/steam-energy.eu\/et\/wp-json\/wp\/v2\/pages"}],"about":[{"href":"https:\/\/steam-energy.eu\/et\/wp-json\/wp\/v2\/types\/page"}],"author":[{"embeddable":true,"href":"https:\/\/steam-energy.eu\/et\/wp-json\/wp\/v2\/users\/1"}],"replies":[{"embeddable":true,"href":"https:\/\/steam-energy.eu\/et\/wp-json\/wp\/v2\/comments?post=857"}],"version-history":[{"count":3,"href":"https:\/\/steam-energy.eu\/et\/wp-json\/wp\/v2\/pages\/857\/revisions"}],"predecessor-version":[{"id":952,"href":"https:\/\/steam-energy.eu\/et\/wp-json\/wp\/v2\/pages\/857\/revisions\/952"}],"wp:attachment":[{"href":"https:\/\/steam-energy.eu\/et\/wp-json\/wp\/v2\/media?parent=857"}],"curies":[{"name":"wp","href":"https:\/\/api.w.org\/{rel}","templated":true}]}}