{"id":834,"date":"2022-10-20T20:05:03","date_gmt":"2022-10-20T20:05:03","guid":{"rendered":"https:\/\/steam-energy.eu\/references\/"},"modified":"2024-09-26T12:07:01","modified_gmt":"2024-09-26T12:07:01","slug":"referentsid","status":"publish","type":"page","link":"https:\/\/steam-energy.eu\/et\/referentsid\/","title":{"rendered":"Referentsid"},"content":{"rendered":"<div id='av_section_1'  class='avia-section av-79ag-4dfa4b34efd234a0d446e2b7dfe38649 main_color avia-section-large avia-no-border-styling  avia-builder-el-0  el_before_av_section  avia-builder-el-first  avia-bg-style-scroll container_wrap sidebar_right'  ><div class='container av-section-cont-open' ><main  role=\"main\" itemprop=\"mainContentOfPage\"  class='template-page content  av-content-small alpha units'><div class='post-entry post-entry-type-page post-entry-834'><div class='entry-content-wrapper clearfix'>\n\n<style type=\"text\/css\" data-created_by=\"avia_inline_auto\" id=\"style-css-av-l9j0th1k-d59a634324e30f0837dd865faa0b4607\">\n#top .av-special-heading.av-l9j0th1k-d59a634324e30f0837dd865faa0b4607{\npadding-bottom:0;\nfont-size:45px;\n}\nbody .av-special-heading.av-l9j0th1k-d59a634324e30f0837dd865faa0b4607 .av-special-heading-tag .heading-char{\nfont-size:25px;\n}\n#top #wrap_all .av-special-heading.av-l9j0th1k-d59a634324e30f0837dd865faa0b4607 .av-special-heading-tag{\nfont-size:45px;\n}\n.av-special-heading.av-l9j0th1k-d59a634324e30f0837dd865faa0b4607 .av-subheading{\nfont-size:20px;\n}\n\n@media only screen and (min-width: 480px) and (max-width: 767px){ \n#top #wrap_all .av-special-heading.av-l9j0th1k-d59a634324e30f0837dd865faa0b4607 .av-special-heading-tag{\nfont-size:0.8em;\n}\n}\n\n@media only screen and (max-width: 479px){ \n#top #wrap_all .av-special-heading.av-l9j0th1k-d59a634324e30f0837dd865faa0b4607 .av-special-heading-tag{\nfont-size:0.8em;\n}\n}\n<\/style>\n<div  class='av-special-heading av-l9j0th1k-d59a634324e30f0837dd865faa0b4607 av-special-heading-h2 blockquote modern-quote modern-centered  avia-builder-el-1  el_before_av_hr  avia-builder-el-first  av-inherit-size'><h2 class='av-special-heading-tag '  itemprop=\"headline\"  >Referentsid<\/h2><div class=\"special-heading-border\"><div class=\"special-heading-inner-border\"><\/div><\/div><\/div>\n<div  class='hr av-4l34-151688916726b9a8e02e51a4e0c15ad4 hr-short  avia-builder-el-2  el_after_av_heading  el_before_av_textblock  hr-center'><span class='hr-inner '><span class=\"hr-inner-style\"><\/span><\/span><\/div>\n<section  class='av_textblock_section av-l9j0tozy-e8b2c19700c1b275f3356add6f3102a8 '   itemscope=\"itemscope\" itemtype=\"https:\/\/schema.org\/CreativeWork\" ><div class='avia_textblock'  itemprop=\"text\" ><p style=\"text-align: center;\">Altpoolt leiate l\u00fchikese \u00fclevaate meie tehtud t\u00f6\u00f6dest<\/p>\n<\/div><\/section>\n<\/div><\/div><\/main><!-- close content main element --><\/div><\/div><div id='av_section_2'  class='avia-section av-5v74-d383253ca078a1cf8bce13a4978dc83d main_color avia-section-small avia-no-border-styling  avia-builder-el-4  el_after_av_section  avia-builder-el-last  avia-bg-style-scroll container_wrap sidebar_right'  ><div class='container av-section-cont-open' ><div class='template-page content  av-content-small alpha units'><div class='post-entry post-entry-type-page post-entry-834'><div class='entry-content-wrapper clearfix'>\n<div  id=\"portfolio-referentsid\"  class=' grid-sort-container isotope   no_margin-container with-excerpt-container grid-total-odd grid-col-4 grid-links-' data-portfolio-id='1'><div data-ajax-id='929' class=' grid-entry flex_column isotope-item all_sort no_margin post-entry post-entry-929 grid-entry-overview grid-loop-1 grid-parity-odd   av_one_fourth first default_av_fullwidth '><article class='main_color inner-entry'  itemscope=\"itemscope\" itemtype=\"https:\/\/schema.org\/CreativeWork\" ><a href=\"https:\/\/steam-energy.eu\/et\/portfolio\/steam-container-12-bar-400kg-h\/\" title='Auru konteinerkatlamaja 12bar 400kg\/h'  data-rel='grid-1' class='grid-image avia-hover-fx'> <img decoding=\"async\" fetchpriority=\"high\" width=\"260\" height=\"185\" src=\"https:\/\/steam-energy.eu\/wp-content\/uploads\/2024\/02\/WhatsApp-Image-2024-02-19-at-13.51.15_1080a7d3-260x185.jpg\" class=\"wp-image-790 avia-img-lazy-loading-not-790 attachment-portfolio_small size-portfolio_small wp-post-image\" alt=\"\" \/><\/a><div class='grid-content'><div class='avia-arrow'><\/div><header class=\"entry-content-header\" aria-label=\"Portfolio: Auru konteinerkatlamaja 12bar 400kg\/h\"><h3 class='grid-entry-title entry-title '  itemprop=\"headline\" ><a href='https:\/\/steam-energy.eu\/et\/portfolio\/steam-container-12-bar-400kg-h\/' title='Auru konteinerkatlamaja 12bar 400kg\/h'>Auru konteinerkatlamaja 12bar 400kg\/h<\/a><\/h3><\/header><\/div><footer class=\"entry-footer\"><\/footer><\/article><\/div><div data-ajax-id='924' class=' grid-entry flex_column isotope-item all_sort no_margin post-entry post-entry-924 grid-entry-overview grid-loop-2 grid-parity-even  projects-et_sort  av_one_fourth  default_av_fullwidth '><article class='main_color inner-entry'  itemscope=\"itemscope\" itemtype=\"https:\/\/schema.org\/CreativeWork\" ><a href=\"https:\/\/steam-energy.eu\/et\/portfolio\/6000kg-h-gas-steam-boiler-in-operation\/\" title='6000kg\/h gas steam boiler in operation'  data-rel='grid-1' class='grid-image avia-hover-fx'> <img decoding=\"async\" fetchpriority=\"high\" width=\"260\" height=\"185\" src=\"https:\/\/steam-energy.eu\/wp-content\/uploads\/2023\/12\/IMG20231130180040-1-260x185.jpg\" class=\"wp-image-765 avia-img-lazy-loading-not-765 attachment-portfolio_small size-portfolio_small wp-post-image\" alt=\"\" \/><\/a><div class='grid-content'><div class='avia-arrow'><\/div><header class=\"entry-content-header\" aria-label=\"Portfolio: 6000kg\/h gas steam boiler in operation\"><h3 class='grid-entry-title entry-title '  itemprop=\"headline\" ><a href='https:\/\/steam-energy.eu\/et\/portfolio\/6000kg-h-gas-steam-boiler-in-operation\/' title='6000kg\/h gas steam boiler in operation'>6000kg\/h gas steam boiler in operation<\/a><\/h3><\/header><\/div><footer class=\"entry-footer\"><\/footer><\/article><\/div><div data-ajax-id='918' class=' grid-entry flex_column isotope-item all_sort no_margin post-entry post-entry-918 grid-entry-overview grid-loop-3 grid-parity-odd  projects-et_sort  av_one_fourth  default_av_fullwidth '><article class='main_color inner-entry'  itemscope=\"itemscope\" itemtype=\"https:\/\/schema.org\/CreativeWork\" ><a href=\"https:\/\/steam-energy.eu\/et\/portfolio\/1000-kg-h-steam-container-delivered\/\" title='1000 kg\/h steam container delivered'  data-rel='grid-1' class='grid-image avia-hover-fx'> <img decoding=\"async\" fetchpriority=\"high\" width=\"260\" height=\"185\" src=\"https:\/\/steam-energy.eu\/wp-content\/uploads\/2022\/10\/1000-kgh-steam-container-delivered-1-260x185.jpg\" class=\"wp-image-919 avia-img-lazy-loading-not-919 attachment-portfolio_small size-portfolio_small wp-post-image\" alt=\"\" \/><\/a><div class='grid-content'><div class='avia-arrow'><\/div><header class=\"entry-content-header\" aria-label=\"Portfolio: 1000 kg\/h steam container delivered\"><h3 class='grid-entry-title entry-title '  itemprop=\"headline\" ><a href='https:\/\/steam-energy.eu\/et\/portfolio\/1000-kg-h-steam-container-delivered\/' title='1000 kg\/h steam container delivered'>1000 kg\/h steam container delivered<\/a><\/h3><\/header><div class='grid-entry-excerpt entry-content'  itemprop=\"text\" >We finished off another 1000kg\/h steam container working on diesel for our client, who uses process steam for container tank heating.<\/div><\/div><footer class=\"entry-footer\"><\/footer><\/article><\/div><div data-ajax-id='912' class=' grid-entry flex_column isotope-item all_sort no_margin post-entry post-entry-912 grid-entry-overview grid-loop-4 grid-parity-even  projects-et_sort  av_one_fourth  default_av_fullwidth '><article class='main_color inner-entry'  itemscope=\"itemscope\" itemtype=\"https:\/\/schema.org\/CreativeWork\" ><a href=\"https:\/\/steam-energy.eu\/et\/portfolio\/delivery-of-2000kg-h1000kg-h-steam-container\/\" title='Delivery of 2000kg\/h+1000kg\/h steam container'  data-rel='grid-1' class='grid-image avia-hover-fx'> <img decoding=\"async\" fetchpriority=\"high\" width=\"260\" height=\"185\" src=\"https:\/\/steam-energy.eu\/wp-content\/uploads\/2022\/10\/Delivery-of-2000kgh1000kgh-steam-container-260x185.jpg\" class=\"wp-image-913 avia-img-lazy-loading-not-913 attachment-portfolio_small size-portfolio_small wp-post-image\" alt=\"\" srcset=\"https:\/\/steam-energy.eu\/wp-content\/uploads\/2022\/10\/Delivery-of-2000kgh1000kgh-steam-container-260x185.jpg 260w, https:\/\/steam-energy.eu\/wp-content\/uploads\/2022\/10\/Delivery-of-2000kgh1000kgh-steam-container-600x430.jpg 600w\" sizes=\"(max-width: 260px) 100vw, 260px\" \/><\/a><div class='grid-content'><div class='avia-arrow'><\/div><header class=\"entry-content-header\" aria-label=\"Portfolio: Delivery of 2000kg\/h+1000kg\/h steam container\"><h3 class='grid-entry-title entry-title '  itemprop=\"headline\" ><a href='https:\/\/steam-energy.eu\/et\/portfolio\/delivery-of-2000kg-h1000kg-h-steam-container\/' title='Delivery of 2000kg\/h+1000kg\/h steam container'>Delivery of 2000kg\/h+1000kg\/h steam container<\/a><\/h3><\/header><div class='grid-entry-excerpt entry-content'  itemprop=\"text\" >In june 2021 we successfully delivered another efficient solution for our client, installing a 2000 kg\/h steam generator combined with 1000 kg\/h steam boiler.<\/div><\/div><footer class=\"entry-footer\"><\/footer><\/article><\/div><div data-ajax-id='906' class=' grid-entry flex_column isotope-item all_sort no_margin post-entry post-entry-906 grid-entry-overview grid-loop-5 grid-parity-odd  projects-et_sort  av_one_fourth first default_av_fullwidth '><article class='main_color inner-entry'  itemscope=\"itemscope\" itemtype=\"https:\/\/schema.org\/CreativeWork\" ><a href=\"https:\/\/steam-energy.eu\/et\/portfolio\/installation-of-1000-kg-h-biomass-steam-boiler\/\" title='Installation of 1000 kg\/h biomass steam boiler'  data-rel='grid-1' class='grid-image avia-hover-fx'> <img decoding=\"async\" fetchpriority=\"high\" width=\"260\" height=\"185\" src=\"https:\/\/steam-energy.eu\/wp-content\/uploads\/2022\/10\/Installation-of-1000-kgh-biomass-steam-boiler-260x185.jpg\" class=\"wp-image-907 avia-img-lazy-loading-not-907 attachment-portfolio_small size-portfolio_small wp-post-image\" alt=\"\" \/><\/a><div class='grid-content'><div class='avia-arrow'><\/div><header class=\"entry-content-header\" aria-label=\"Portfolio: Installation of 1000 kg\/h biomass steam boiler\"><h3 class='grid-entry-title entry-title '  itemprop=\"headline\" ><a href='https:\/\/steam-energy.eu\/et\/portfolio\/installation-of-1000-kg-h-biomass-steam-boiler\/' title='Installation of 1000 kg\/h biomass steam boiler'>Installation of 1000 kg\/h biomass steam boiler<\/a><\/h3><\/header><div class='grid-entry-excerpt entry-content'  itemprop=\"text\" >We are very exited to launch yet another biomass steam boiler for a local woodworking factory.<\/div><\/div><footer class=\"entry-footer\"><\/footer><\/article><\/div><div data-ajax-id='900' class=' grid-entry flex_column isotope-item all_sort no_margin post-entry post-entry-900 grid-entry-overview grid-loop-6 grid-parity-even  projects-et_sort  av_one_fourth  default_av_fullwidth '><article class='main_color inner-entry'  itemscope=\"itemscope\" itemtype=\"https:\/\/schema.org\/CreativeWork\" ><a href=\"https:\/\/steam-energy.eu\/et\/portfolio\/500kg-h-biomass-steam-boiler-installed\/\" title='500kg\/h biomass steam boiler installed'  data-rel='grid-1' class='grid-image avia-hover-fx'> <img decoding=\"async\" fetchpriority=\"high\" width=\"260\" height=\"185\" src=\"https:\/\/steam-energy.eu\/wp-content\/uploads\/2022\/10\/500kgh-biomass-steam-boiler-installed-1-260x185.jpg\" class=\"wp-image-901 avia-img-lazy-loading-not-901 attachment-portfolio_small size-portfolio_small wp-post-image\" alt=\"\" \/><\/a><div class='grid-content'><div class='avia-arrow'><\/div><header class=\"entry-content-header\" aria-label=\"Portfolio: 500kg\/h biomass steam boiler installed\"><h3 class='grid-entry-title entry-title '  itemprop=\"headline\" ><a href='https:\/\/steam-energy.eu\/et\/portfolio\/500kg-h-biomass-steam-boiler-installed\/' title='500kg\/h biomass steam boiler installed'>500kg\/h biomass steam boiler installed<\/a><\/h3><\/header><div class='grid-entry-excerpt entry-content'  itemprop=\"text\" >We finished a 500kg\/h pellet fired steam boiler for our client, who uses process steam in pellet plant.<\/div><\/div><footer class=\"entry-footer\"><\/footer><\/article><\/div><div data-ajax-id='934' class=' grid-entry flex_column isotope-item all_sort no_margin post-entry post-entry-934 grid-entry-overview grid-loop-7 grid-parity-odd  post-entry-last  projects-et_sort  av_one_fourth  default_av_fullwidth '><article class='main_color inner-entry'  itemscope=\"itemscope\" itemtype=\"https:\/\/schema.org\/CreativeWork\" ><a href=\"https:\/\/steam-energy.eu\/et\/portfolio\/dual-fuel-10-t-h-steam-boiler-ready-to-go\/\" title='Dual fuel 10 t\/h steam boiler ready to go!'  data-rel='grid-1' class='grid-image avia-hover-fx'> <img decoding=\"async\" fetchpriority=\"high\" width=\"260\" height=\"185\" src=\"https:\/\/steam-energy.eu\/wp-content\/uploads\/2022\/10\/Dual-fuel-10-th-steam-boiler-ready-to-go-260x185.jpg\" class=\"wp-image-935 avia-img-lazy-loading-not-935 attachment-portfolio_small size-portfolio_small wp-post-image\" alt=\"\" \/><\/a><div class='grid-content'><div class='avia-arrow'><\/div><header class=\"entry-content-header\" aria-label=\"Portfolio: Dual fuel 10 t\/h steam boiler ready to go!\"><h3 class='grid-entry-title entry-title '  itemprop=\"headline\" ><a href='https:\/\/steam-energy.eu\/et\/portfolio\/dual-fuel-10-t-h-steam-boiler-ready-to-go\/' title='Dual fuel 10 t\/h steam boiler ready to go!'>Dual fuel 10 t\/h steam boiler ready to go!<\/a><\/h3><\/header><div class='grid-entry-excerpt entry-content'  itemprop=\"text\" >We finished installation of 7MW dual fuel steam boiler for our client. What makes this project so special, is that the boiler will work on either heavy fuel oil or biogas.<\/div><\/div><footer class=\"entry-footer\"><\/footer><\/article><\/div><\/div>\n<\/div><\/div><\/div><!-- close content main div --><\/div><\/div><div id='after_section_2'  class='main_color av_default_container_wrap container_wrap sidebar_right'  ><div class='container av-section-cont-open' ><div class='template-page content  av-content-small alpha units'><div class='post-entry post-entry-type-page post-entry-834'><div class='entry-content-wrapper clearfix'><\/p>\n","protected":false},"excerpt":{"rendered":"","protected":false},"author":1,"featured_media":0,"parent":0,"menu_order":0,"comment_status":"closed","ping_status":"closed","template":"","meta":{"footnotes":""},"class_list":["post-834","page","type-page","status-publish","hentry"],"yoast_head":"<!-- This site is optimized with the Yoast SEO plugin v26.4 - https:\/\/yoast.com\/wordpress\/plugins\/seo\/ -->\n<title>Referentsid - Biomass steam solutions<\/title>\n<meta name=\"robots\" content=\"index, follow, max-snippet:-1, max-image-preview:large, max-video-preview:-1\" \/>\n<link rel=\"canonical\" href=\"https:\/\/steam-energy.eu\/et\/referentsid\/\" \/>\n<meta property=\"og:locale\" content=\"et_EE\" \/>\n<meta property=\"og:type\" content=\"article\" \/>\n<meta property=\"og:title\" content=\"Referentsid - Biomass steam solutions\" \/>\n<meta property=\"og:url\" content=\"https:\/\/steam-energy.eu\/et\/referentsid\/\" \/>\n<meta property=\"og:site_name\" content=\"Biomass steam solutions\" \/>\n<meta property=\"article:modified_time\" content=\"2024-09-26T12:07:01+00:00\" \/>\n<meta name=\"twitter:card\" content=\"summary_large_image\" \/>\n<meta name=\"twitter:label1\" content=\"Est. reading time\" \/>\n\t<meta name=\"twitter:data1\" content=\"3 minutit\" \/>\n<script type=\"application\/ld+json\" class=\"yoast-schema-graph\">{\"@context\":\"https:\/\/schema.org\",\"@graph\":[{\"@type\":\"WebPage\",\"@id\":\"https:\/\/steam-energy.eu\/et\/referentsid\/\",\"url\":\"https:\/\/steam-energy.eu\/et\/referentsid\/\",\"name\":\"Referentsid - Biomass steam solutions\",\"isPartOf\":{\"@id\":\"https:\/\/steam-energy.eu\/#website\"},\"datePublished\":\"2022-10-20T20:05:03+00:00\",\"dateModified\":\"2024-09-26T12:07:01+00:00\",\"breadcrumb\":{\"@id\":\"https:\/\/steam-energy.eu\/et\/referentsid\/#breadcrumb\"},\"inLanguage\":\"et\",\"potentialAction\":[{\"@type\":\"ReadAction\",\"target\":[\"https:\/\/steam-energy.eu\/et\/referentsid\/\"]}]},{\"@type\":\"BreadcrumbList\",\"@id\":\"https:\/\/steam-energy.eu\/et\/referentsid\/#breadcrumb\",\"itemListElement\":[{\"@type\":\"ListItem\",\"position\":1,\"name\":\"Home\",\"item\":\"https:\/\/steam-energy.eu\/\"},{\"@type\":\"ListItem\",\"position\":2,\"name\":\"Referentsid\"}]},{\"@type\":\"WebSite\",\"@id\":\"https:\/\/steam-energy.eu\/#website\",\"url\":\"https:\/\/steam-energy.eu\/\",\"name\":\"Biomass steam solutions\",\"description\":\"\",\"publisher\":{\"@id\":\"https:\/\/steam-energy.eu\/#organization\"},\"potentialAction\":[{\"@type\":\"SearchAction\",\"target\":{\"@type\":\"EntryPoint\",\"urlTemplate\":\"https:\/\/steam-energy.eu\/?s={search_term_string}\"},\"query-input\":{\"@type\":\"PropertyValueSpecification\",\"valueRequired\":true,\"valueName\":\"search_term_string\"}}],\"inLanguage\":\"et\"},{\"@type\":\"Organization\",\"@id\":\"https:\/\/steam-energy.eu\/#organization\",\"name\":\"Kateena O\u00dc\",\"url\":\"https:\/\/steam-energy.eu\/\",\"logo\":{\"@type\":\"ImageObject\",\"inLanguage\":\"et\",\"@id\":\"https:\/\/steam-energy.eu\/#\/schema\/logo\/image\/\",\"url\":\"https:\/\/steam-energy.eu\/wp-content\/uploads\/2022\/10\/logo.png\",\"contentUrl\":\"https:\/\/steam-energy.eu\/wp-content\/uploads\/2022\/10\/logo.png\",\"width\":330,\"height\":120,\"caption\":\"Kateena O\u00dc\"},\"image\":{\"@id\":\"https:\/\/steam-energy.eu\/#\/schema\/logo\/image\/\"}}]}<\/script>\n<!-- \/ Yoast SEO plugin. -->","yoast_head_json":{"title":"Referentsid - Biomass steam solutions","robots":{"index":"index","follow":"follow","max-snippet":"max-snippet:-1","max-image-preview":"max-image-preview:large","max-video-preview":"max-video-preview:-1"},"canonical":"https:\/\/steam-energy.eu\/et\/referentsid\/","og_locale":"et_EE","og_type":"article","og_title":"Referentsid - Biomass steam solutions","og_url":"https:\/\/steam-energy.eu\/et\/referentsid\/","og_site_name":"Biomass steam solutions","article_modified_time":"2024-09-26T12:07:01+00:00","twitter_card":"summary_large_image","twitter_misc":{"Est. reading time":"3 minutit"},"schema":{"@context":"https:\/\/schema.org","@graph":[{"@type":"WebPage","@id":"https:\/\/steam-energy.eu\/et\/referentsid\/","url":"https:\/\/steam-energy.eu\/et\/referentsid\/","name":"Referentsid - Biomass steam solutions","isPartOf":{"@id":"https:\/\/steam-energy.eu\/#website"},"datePublished":"2022-10-20T20:05:03+00:00","dateModified":"2024-09-26T12:07:01+00:00","breadcrumb":{"@id":"https:\/\/steam-energy.eu\/et\/referentsid\/#breadcrumb"},"inLanguage":"et","potentialAction":[{"@type":"ReadAction","target":["https:\/\/steam-energy.eu\/et\/referentsid\/"]}]},{"@type":"BreadcrumbList","@id":"https:\/\/steam-energy.eu\/et\/referentsid\/#breadcrumb","itemListElement":[{"@type":"ListItem","position":1,"name":"Home","item":"https:\/\/steam-energy.eu\/"},{"@type":"ListItem","position":2,"name":"Referentsid"}]},{"@type":"WebSite","@id":"https:\/\/steam-energy.eu\/#website","url":"https:\/\/steam-energy.eu\/","name":"Biomass steam solutions","description":"","publisher":{"@id":"https:\/\/steam-energy.eu\/#organization"},"potentialAction":[{"@type":"SearchAction","target":{"@type":"EntryPoint","urlTemplate":"https:\/\/steam-energy.eu\/?s={search_term_string}"},"query-input":{"@type":"PropertyValueSpecification","valueRequired":true,"valueName":"search_term_string"}}],"inLanguage":"et"},{"@type":"Organization","@id":"https:\/\/steam-energy.eu\/#organization","name":"Kateena O\u00dc","url":"https:\/\/steam-energy.eu\/","logo":{"@type":"ImageObject","inLanguage":"et","@id":"https:\/\/steam-energy.eu\/#\/schema\/logo\/image\/","url":"https:\/\/steam-energy.eu\/wp-content\/uploads\/2022\/10\/logo.png","contentUrl":"https:\/\/steam-energy.eu\/wp-content\/uploads\/2022\/10\/logo.png","width":330,"height":120,"caption":"Kateena O\u00dc"},"image":{"@id":"https:\/\/steam-energy.eu\/#\/schema\/logo\/image\/"}}]}},"_links":{"self":[{"href":"https:\/\/steam-energy.eu\/et\/wp-json\/wp\/v2\/pages\/834","targetHints":{"allow":["GET"]}}],"collection":[{"href":"https:\/\/steam-energy.eu\/et\/wp-json\/wp\/v2\/pages"}],"about":[{"href":"https:\/\/steam-energy.eu\/et\/wp-json\/wp\/v2\/types\/page"}],"author":[{"embeddable":true,"href":"https:\/\/steam-energy.eu\/et\/wp-json\/wp\/v2\/users\/1"}],"replies":[{"embeddable":true,"href":"https:\/\/steam-energy.eu\/et\/wp-json\/wp\/v2\/comments?post=834"}],"version-history":[{"count":4,"href":"https:\/\/steam-energy.eu\/et\/wp-json\/wp\/v2\/pages\/834\/revisions"}],"predecessor-version":[{"id":1026,"href":"https:\/\/steam-energy.eu\/et\/wp-json\/wp\/v2\/pages\/834\/revisions\/1026"}],"wp:attachment":[{"href":"https:\/\/steam-energy.eu\/et\/wp-json\/wp\/v2\/media?parent=834"}],"curies":[{"name":"wp","href":"https:\/\/api.w.org\/{rel}","templated":true}]}}